{"id":1290,"date":"2024-06-03T10:00:38","date_gmt":"2024-06-03T09:00:38","guid":{"rendered":"https:\/\/martinproperty.es\/listado-recomendado\/"},"modified":"2025-07-28T13:23:35","modified_gmt":"2025-07-28T12:23:35","slug":"listados-recomendados","status":"publish","type":"page","link":"https:\/\/martinproperty.es\/es\/listados-recomendados\/","title":{"rendered":"Listados y recomendados"},"content":{"rendered":"\n<p class=\"mart-intro\">Nuestros listados y una selecci\u00f3n de algunas de nuestras propiedades favoritas en el mercado actual<\/p>\n\n\n\n<div style=\"height:40px\" aria-hidden=\"true\" class=\"wp-block-spacer\"><\/div>\n\n\n\n<div class=\"wp-block-group mart-fullwidth\"><div class=\"wp-block-group__inner-container is-layout-constrained wp-block-group-is-layout-constrained\">\n\t\t\t<div class=\"rei-property-box \"><div class='rei-search-result'><div class='rei-list-property ' rei-provider-id='R4220605'><div><div class='rei-lp-image-box'><a href='\/es\/propiedad\/nueva-promocion-in-la-cala-de-mijas-r4220605\/'><img class='rei-lp-image' src='https:\/\/cdn.resales-online.com\/public\/sk7ddcfv16\/properties\/ag4jn4vqt7v7o5w\/w400\/1-8feb9a13440344d11ba504bcb1dd499c.jpg?v=1773403391' rei-all-imgs='https:\/\/cdn.resales-online.com\/public\/sk7ddcfv16\/properties\/ag4jn4vqt7v7o5w\/w400\/1-8feb9a13440344d11ba504bcb1dd499c.jpg?v=1773403391,https:\/\/cdn.resales-online.com\/public\/sk7ddcfv16\/properties\/ag4jn4vqt7v7o5w\/w400\/2-0b399daebcdd6827eaba8c944d7c5b78.jpg?v=1773403391,https:\/\/cdn.resales-online.com\/public\/sk7ddcfv16\/properties\/ag4jn4vqt7v7o5w\/w400\/3-9044ff3015df52bb84e13bfc318443ab.jpg?v=1773403391,https:\/\/cdn.resales-online.com\/public\/sk7ddcfv16\/properties\/ag4jn4vqt7v7o5w\/w400\/4-31eddec24faf40464bcee8b2fd51cd02.jpg?v=1773403391,https:\/\/cdn.resales-online.com\/public\/sk7ddcfv16\/properties\/ag4jn4vqt7v7o5w\/w400\/5-b932bcf4fe2dcf29ec63deb5c5ded9de.jpg?v=1773403391,https:\/\/cdn.resales-online.com\/public\/sk7ddcfv16\/properties\/ag4jn4vqt7v7o5w\/w400\/6-e4bb9164e32bf007e59e9c17370925b7.jpg?v=1773403391,https:\/\/cdn.resales-online.com\/public\/sk7ddcfv16\/properties\/ag4jn4vqt7v7o5w\/w400\/7-8b51b490ae7dc526cb42772a5c6bbc97.jpg?v=1773403391,https:\/\/cdn.resales-online.com\/public\/sk7ddcfv16\/properties\/ag4jn4vqt7v7o5w\/w400\/8-7959dc633b592fe067223bb29ed1f628.jpg?v=1773403391,https:\/\/cdn.resales-online.com\/public\/sk7ddcfv16\/properties\/ag4jn4vqt7v7o5w\/w400\/9-ab6ad7d8fb5b0df5991e2ca5d2f18cd5.jpg?v=1773403391,https:\/\/cdn.resales-online.com\/public\/sk7ddcfv16\/properties\/ag4jn4vqt7v7o5w\/w400\/10-3e50b8be5b8cf91f2124a3c5191943c0.jpg?v=1773403391'><\/a><\/div><div class='rei-lp-info'><div class='rei-lp-refid'>R4220605<\/div><h3 class='rei-lp-type'><span class='rei-translated'>Nueva Promoci\u00f3n<\/span><\/h3><h3 class='rei-lp-location'>La Cala de Mijas<\/h3><div class='rei-lp-prices'><div class='rei-lp-price '>1.889.000<\/div><\/div><div class='rei-lp-basics'><div class='rei-lp-beds'>3 <span class='rei-translated'>dormitorios<\/span><\/div><div>~<\/div><div class='rei-lp-baths'>3 - 4 <span class='rei-translated'>ba\u00f1os<\/span><\/div><div>~<\/div><div class='rei-lp-built'>527 - 668 m&sup2;<\/div><\/div><div class='rei-lp-description'>ES UN ENORME PLACER PRESENTARLES una colecci\u00f3n de villas de lujo en un complejo cerrado y con uno de las mejores amenities de la Costa del Sol.\n\nEs la piedra angular de un exclusivo complejo de villas cerrado con servicios de vigilancia CCTV y conserjer\u00eda en el coraz\u00f3n de la Costa del Sol. 19 villas que ofrecen est\u00e1ndares de vida elevados y caracter\u00edsticas sensacionales por dentro y por ...<\/div><\/div><a href='\/es\/propiedad\/nueva-promocion-in-la-cala-de-mijas-r4220605\/' class='rei-lp-readmore'><span class='rei-translated'>Ver m\u00e1s<\/span><\/a><\/div><\/div><div class='rei-list-property ' rei-provider-id='R4423774'><div><div class='rei-lp-image-box'><a href='\/es\/propiedad\/nueva-promocion-in-la-cala-de-mijas-r4423774\/'><img class='rei-lp-image' src='https:\/\/cdn.resales-online.com\/public\/mvv79a6mwr\/properties\/fftgvu1q5wuemvy\/w400\/1-8feb9a13440344d11ba504bcb1dd499c.jpg?v=1774352615' rei-all-imgs='https:\/\/cdn.resales-online.com\/public\/mvv79a6mwr\/properties\/fftgvu1q5wuemvy\/w400\/1-8feb9a13440344d11ba504bcb1dd499c.jpg?v=1774352615,https:\/\/cdn.resales-online.com\/public\/mvv79a6mwr\/properties\/fftgvu1q5wuemvy\/w400\/2-0b399daebcdd6827eaba8c944d7c5b78.jpg?v=1774352615,https:\/\/cdn.resales-online.com\/public\/mvv79a6mwr\/properties\/fftgvu1q5wuemvy\/w400\/3-9044ff3015df52bb84e13bfc318443ab.jpg?v=1774352615,https:\/\/cdn.resales-online.com\/public\/mvv79a6mwr\/properties\/fftgvu1q5wuemvy\/w400\/4-31eddec24faf40464bcee8b2fd51cd02.jpg?v=1774352615,https:\/\/cdn.resales-online.com\/public\/mvv79a6mwr\/properties\/fftgvu1q5wuemvy\/w400\/5-b932bcf4fe2dcf29ec63deb5c5ded9de.jpg?v=1774352615,https:\/\/cdn.resales-online.com\/public\/mvv79a6mwr\/properties\/fftgvu1q5wuemvy\/w400\/6-e4bb9164e32bf007e59e9c17370925b7.jpg?v=1774352615,https:\/\/cdn.resales-online.com\/public\/mvv79a6mwr\/properties\/fftgvu1q5wuemvy\/w400\/7-8b51b490ae7dc526cb42772a5c6bbc97.jpg?v=1774352615,https:\/\/cdn.resales-online.com\/public\/mvv79a6mwr\/properties\/fftgvu1q5wuemvy\/w400\/8-7959dc633b592fe067223bb29ed1f628.jpg?v=1774352615,https:\/\/cdn.resales-online.com\/public\/mvv79a6mwr\/properties\/fftgvu1q5wuemvy\/w400\/9-ab6ad7d8fb5b0df5991e2ca5d2f18cd5.jpg?v=1774352615,https:\/\/cdn.resales-online.com\/public\/mvv79a6mwr\/properties\/fftgvu1q5wuemvy\/w400\/10-3e50b8be5b8cf91f2124a3c5191943c0.jpg?v=1774352615'><\/a><\/div><div class='rei-lp-info'><div class='rei-lp-refid'>R4423774<\/div><h3 class='rei-lp-type'><span class='rei-translated'>Nueva Promoci\u00f3n<\/span><\/h3><h3 class='rei-lp-location'>La Cala de Mijas<\/h3><div class='rei-lp-prices'><div class='rei-lp-price '>868.000<\/div><\/div><div class='rei-lp-basics'><div class='rei-lp-beds'>4 <span class='rei-translated'>dormitorios<\/span><\/div><div>~<\/div><div class='rei-lp-baths'>4 <span class='rei-translated'>ba\u00f1os<\/span><\/div><div>~<\/div><div class='rei-lp-built'>279 m&sup2;<\/div><\/div><div class='rei-lp-description'>\u00a1CONSTRUCCI\u00d3N INICIADA! \u00a170\u202f% DE LAS UNIDADES VENDIDAS! \u00daLTIMAS VILLAS CON VISTAS AL MAR\n\nListo para entrar a vivir en octubre de 2026.\n\nUn conjunto residencial de 16 villas exclusivas- adosadas, pareadas y aisladas, localizadas en uno de los n\u00facleos m\u00e1s preferidos de Costa del Sol- La Cala de Mijas.  Est\u00e1 ubicada en La Cala de Mijas, uno de los n\u00facleos urbanos pertenecientes al ...<\/div><\/div><a href='\/es\/propiedad\/nueva-promocion-in-la-cala-de-mijas-r4423774\/' class='rei-lp-readmore'><span class='rei-translated'>Ver m\u00e1s<\/span><\/a><\/div><\/div><div class='rei-list-property ' rei-provider-id='R4709338'><div><div class='rei-lp-image-box'><a href='\/es\/propiedad\/villa---chalet-in-casares-casares-r4709338\/'><img class='rei-lp-image' src='https:\/\/cdn.resales-online.com\/public\/tlme7rencq\/properties\/0dd6b587fe0e11ee94690217bc231ef4\/w400\/1-8feb9a13440344d11ba504bcb1dd499c.jpg?v=1713508280' rei-all-imgs='https:\/\/cdn.resales-online.com\/public\/tlme7rencq\/properties\/0dd6b587fe0e11ee94690217bc231ef4\/w400\/1-8feb9a13440344d11ba504bcb1dd499c.jpg?v=1713508280,https:\/\/cdn.resales-online.com\/public\/tlme7rencq\/properties\/0dd6b587fe0e11ee94690217bc231ef4\/w400\/2-0b399daebcdd6827eaba8c944d7c5b78.jpg?v=1713508280,https:\/\/cdn.resales-online.com\/public\/tlme7rencq\/properties\/0dd6b587fe0e11ee94690217bc231ef4\/w400\/3-9044ff3015df52bb84e13bfc318443ab.jpg?v=1713508280,https:\/\/cdn.resales-online.com\/public\/tlme7rencq\/properties\/0dd6b587fe0e11ee94690217bc231ef4\/w400\/4-31eddec24faf40464bcee8b2fd51cd02.jpg?v=1713508280,https:\/\/cdn.resales-online.com\/public\/tlme7rencq\/properties\/0dd6b587fe0e11ee94690217bc231ef4\/w400\/5-b932bcf4fe2dcf29ec63deb5c5ded9de.jpg?v=1713508280,https:\/\/cdn.resales-online.com\/public\/tlme7rencq\/properties\/0dd6b587fe0e11ee94690217bc231ef4\/w400\/6-e4bb9164e32bf007e59e9c17370925b7.jpg?v=1713508280,https:\/\/cdn.resales-online.com\/public\/tlme7rencq\/properties\/0dd6b587fe0e11ee94690217bc231ef4\/w400\/7-8b51b490ae7dc526cb42772a5c6bbc97.jpg?v=1713508280,https:\/\/cdn.resales-online.com\/public\/tlme7rencq\/properties\/0dd6b587fe0e11ee94690217bc231ef4\/w400\/8-7959dc633b592fe067223bb29ed1f628.jpg?v=1713508280,https:\/\/cdn.resales-online.com\/public\/tlme7rencq\/properties\/0dd6b587fe0e11ee94690217bc231ef4\/w400\/9-ab6ad7d8fb5b0df5991e2ca5d2f18cd5.jpg?v=1713508280,https:\/\/cdn.resales-online.com\/public\/tlme7rencq\/properties\/0dd6b587fe0e11ee94690217bc231ef4\/w400\/10-3e50b8be5b8cf91f2124a3c5191943c0.jpg?v=1713508280'><\/a><\/div><div class='rei-lp-info'><div class='rei-lp-refid'>R4709338<\/div><h3 class='rei-lp-type'><span class='rei-translated'>Villa - Chalet<\/span><\/h3><h3 class='rei-lp-location'>Casares<\/h3><div class='rei-lp-prices'><div class='rei-lp-price '>6.500.000<\/div><\/div><div class='rei-lp-basics'><div class='rei-lp-beds'>4 <span class='rei-translated'>dormitorios<\/span><\/div><div>~<\/div><div class='rei-lp-baths'>6.5 <span class='rei-translated'>ba\u00f1os<\/span><\/div><div>~<\/div><div class='rei-lp-built'>552 m&sup2;<\/div><\/div><div class='rei-lp-description'>Esta prestigiosa villa se erige como testimonio del ingenio arquitect\u00f3nico, capturando la esencia de la singularidad y la sofisticaci\u00f3n. Dise\u00f1ada por los visionarios arquitectos Vicens & Ramos, su estructura futurista y nost\u00e1lgica a la vez llama la atenci\u00f3n por sus l\u00edneas fluidas y su armoniosa integraci\u00f3n en el exuberante entorno verde. La villa convive armoniosamente con la ...<\/div><\/div><a href='\/es\/propiedad\/villa---chalet-in-casares-casares-r4709338\/' class='rei-lp-readmore'><span class='rei-translated'>Ver m\u00e1s<\/span><\/a><\/div><\/div><div class='rei-list-property ' rei-provider-id='R4709350'><div><div class='rei-lp-image-box'><a href='\/es\/propiedad\/villa---chalet-in-casares-casares-r4709350\/'><img class='rei-lp-image' src='https:\/\/cdn.resales-online.com\/public\/tlme7rencq\/properties\/1c78a5bbfe0e11ee94690217bc231ef4\/w400\/1-8feb9a13440344d11ba504bcb1dd499c.jpg?v=1713508305' rei-all-imgs='https:\/\/cdn.resales-online.com\/public\/tlme7rencq\/properties\/1c78a5bbfe0e11ee94690217bc231ef4\/w400\/1-8feb9a13440344d11ba504bcb1dd499c.jpg?v=1713508305,https:\/\/cdn.resales-online.com\/public\/tlme7rencq\/properties\/1c78a5bbfe0e11ee94690217bc231ef4\/w400\/2-0b399daebcdd6827eaba8c944d7c5b78.jpg?v=1713508305,https:\/\/cdn.resales-online.com\/public\/tlme7rencq\/properties\/1c78a5bbfe0e11ee94690217bc231ef4\/w400\/3-9044ff3015df52bb84e13bfc318443ab.jpg?v=1713508305,https:\/\/cdn.resales-online.com\/public\/tlme7rencq\/properties\/1c78a5bbfe0e11ee94690217bc231ef4\/w400\/4-31eddec24faf40464bcee8b2fd51cd02.jpg?v=1713508305,https:\/\/cdn.resales-online.com\/public\/tlme7rencq\/properties\/1c78a5bbfe0e11ee94690217bc231ef4\/w400\/5-b932bcf4fe2dcf29ec63deb5c5ded9de.jpg?v=1713508305,https:\/\/cdn.resales-online.com\/public\/tlme7rencq\/properties\/1c78a5bbfe0e11ee94690217bc231ef4\/w400\/6-e4bb9164e32bf007e59e9c17370925b7.jpg?v=1713508305,https:\/\/cdn.resales-online.com\/public\/tlme7rencq\/properties\/1c78a5bbfe0e11ee94690217bc231ef4\/w400\/7-8b51b490ae7dc526cb42772a5c6bbc97.jpg?v=1713508305,https:\/\/cdn.resales-online.com\/public\/tlme7rencq\/properties\/1c78a5bbfe0e11ee94690217bc231ef4\/w400\/8-7959dc633b592fe067223bb29ed1f628.jpg?v=1713508305,https:\/\/cdn.resales-online.com\/public\/tlme7rencq\/properties\/1c78a5bbfe0e11ee94690217bc231ef4\/w400\/9-ab6ad7d8fb5b0df5991e2ca5d2f18cd5.jpg?v=1713508305,https:\/\/cdn.resales-online.com\/public\/tlme7rencq\/properties\/1c78a5bbfe0e11ee94690217bc231ef4\/w400\/10-3e50b8be5b8cf91f2124a3c5191943c0.jpg?v=1713508305'><\/a><\/div><div class='rei-lp-info'><div class='rei-lp-refid'>R4709350<\/div><h3 class='rei-lp-type'><span class='rei-translated'>Villa - Chalet<\/span><\/h3><h3 class='rei-lp-location'>Casares<\/h3><div class='rei-lp-prices'><div class='rei-lp-price '>8.700.000<\/div><\/div><div class='rei-lp-basics'><div class='rei-lp-beds'>5 <span class='rei-translated'>dormitorios<\/span><\/div><div>~<\/div><div class='rei-lp-baths'>6.5 <span class='rei-translated'>ba\u00f1os<\/span><\/div><div>~<\/div><div class='rei-lp-built'>752 m&sup2;<\/div><\/div><div class='rei-lp-description'>Rebosante de opulencia y refinamiento, esta excepcional villa redefine la noci\u00f3n misma de la vida en un complejo de golf de lujo. Situada en una parcela elevada, ofrece impresionantes vistas panor\u00e1micas al campo de golf y al Mediterr\u00e1neo, mientras que sus amplias zonas exteriores abarcan jardines meticulosamente cuidados y una magn\u00edfica piscina. Envuelta por exuberantes palmeras y ...<\/div><\/div><a href='\/es\/propiedad\/villa---chalet-in-casares-casares-r4709350\/' class='rei-lp-readmore'><span class='rei-translated'>Ver m\u00e1s<\/span><\/a><\/div><\/div><div class='rei-lp-pagination' rei-per-page='20' rei-results-count='4' rei-page-no='1'><\/div><p style='display:none' class='rei-debug-info'>RO time:0.040563821792603s. Created 2026-04-08 15:12:35<\/p><\/div>\t\t\n\t\t\t<\/div>\n<\/div><\/div>\n","protected":false},"excerpt":{"rendered":"<p>Nuestros listados y una selecci\u00f3n de algunas de nuestras propiedades favoritas en el mercado actual<\/p>\n","protected":false},"author":1,"featured_media":1284,"parent":0,"menu_order":0,"comment_status":"closed","ping_status":"closed","template":"fullwidth-page.php","meta":{"_acf_changed":false,"footnotes":""},"class_list":["post-1290","page","type-page","status-publish","has-post-thumbnail","hentry"],"acf":[],"yoast_head":"<!-- This site is optimized with the Yoast SEO plugin v25.1 - https:\/\/yoast.com\/wordpress\/plugins\/seo\/ -->\n<title>Martin Property Marbella<\/title>\n<meta name=\"robots\" content=\"index, follow, max-snippet:-1, max-image-preview:large, max-video-preview:-1\" \/>\n<link rel=\"canonical\" href=\"https:\/\/martinproperty.es\/es\/listados-recomendados\/\" \/>\n<meta property=\"og:locale\" content=\"es_ES\" \/>\n<meta property=\"og:type\" content=\"article\" \/>\n<meta property=\"og:title\" content=\"Listados y recomendados - Martin Property Marbella\" \/>\n<meta property=\"og:description\" content=\"Nuestros listados y una selecci\u00f3n de algunas de nuestras propiedades favoritas en el mercado actual\" \/>\n<meta property=\"og:url\" content=\"https:\/\/martinproperty.es\/es\/listados-recomendados\/\" \/>\n<meta property=\"og:site_name\" content=\"Martin Property Marbella\" \/>\n<meta property=\"article:modified_time\" content=\"2025-07-28T12:23:35+00:00\" \/>\n<meta property=\"og:image\" content=\"https:\/\/martinproperty.es\/wp-content\/uploads\/2024\/06\/Selection-of-Properties-for-sale-in-Mijas-Marbella.webp\" \/>\n\t<meta property=\"og:image:width\" content=\"2560\" \/>\n\t<meta property=\"og:image:height\" content=\"748\" \/>\n\t<meta property=\"og:image:type\" content=\"image\/webp\" \/>\n<meta name=\"twitter:card\" content=\"summary_large_image\" \/>\n<meta name=\"twitter:label1\" content=\"Tiempo de lectura\" \/>\n\t<meta name=\"twitter:data1\" content=\"1 minuto\" \/>\n<script type=\"application\/ld+json\" class=\"yoast-schema-graph\">{\"@context\":\"https:\/\/schema.org\",\"@graph\":[{\"@type\":\"WebPage\",\"@id\":\"https:\/\/martinproperty.es\/es\/listados-recomendados\/\",\"url\":\"https:\/\/martinproperty.es\/es\/listados-recomendados\/\",\"name\":\"Listados y recomendados - Martin Property Marbella\",\"isPartOf\":{\"@id\":\"https:\/\/martinproperty.es\/#website\"},\"primaryImageOfPage\":{\"@id\":\"https:\/\/martinproperty.es\/es\/listados-recomendados\/#primaryimage\"},\"image\":{\"@id\":\"https:\/\/martinproperty.es\/es\/listados-recomendados\/#primaryimage\"},\"thumbnailUrl\":\"https:\/\/martinproperty.es\/wp-content\/uploads\/2024\/06\/Selection-of-Properties-for-sale-in-Mijas-Marbella.webp\",\"datePublished\":\"2024-06-03T09:00:38+00:00\",\"dateModified\":\"2025-07-28T12:23:35+00:00\",\"breadcrumb\":{\"@id\":\"https:\/\/martinproperty.es\/es\/listados-recomendados\/#breadcrumb\"},\"inLanguage\":\"es\",\"potentialAction\":[{\"@type\":\"ReadAction\",\"target\":[\"https:\/\/martinproperty.es\/es\/listados-recomendados\/\"]}]},{\"@type\":\"ImageObject\",\"inLanguage\":\"es\",\"@id\":\"https:\/\/martinproperty.es\/es\/listados-recomendados\/#primaryimage\",\"url\":\"https:\/\/martinproperty.es\/wp-content\/uploads\/2024\/06\/Selection-of-Properties-for-sale-in-Mijas-Marbella.webp\",\"contentUrl\":\"https:\/\/martinproperty.es\/wp-content\/uploads\/2024\/06\/Selection-of-Properties-for-sale-in-Mijas-Marbella.webp\",\"width\":2560,\"height\":748,\"caption\":\"Selection of Properties for sale in Mijas Marbella\"},{\"@type\":\"BreadcrumbList\",\"@id\":\"https:\/\/martinproperty.es\/es\/listados-recomendados\/#breadcrumb\",\"itemListElement\":[{\"@type\":\"ListItem\",\"position\":1,\"name\":\"Home\",\"item\":\"https:\/\/martinproperty.es\/es\/\"},{\"@type\":\"ListItem\",\"position\":2,\"name\":\"Listados y recomendados\"}]},{\"@type\":\"WebSite\",\"@id\":\"https:\/\/martinproperty.es\/#website\",\"url\":\"https:\/\/martinproperty.es\/\",\"name\":\"Martin Property Marbella\",\"description\":\"\",\"publisher\":{\"@id\":\"https:\/\/martinproperty.es\/#organization\"},\"potentialAction\":[{\"@type\":\"SearchAction\",\"target\":{\"@type\":\"EntryPoint\",\"urlTemplate\":\"https:\/\/martinproperty.es\/?s={search_term_string}\"},\"query-input\":{\"@type\":\"PropertyValueSpecification\",\"valueRequired\":true,\"valueName\":\"search_term_string\"}}],\"inLanguage\":\"es\"},{\"@type\":\"Organization\",\"@id\":\"https:\/\/martinproperty.es\/#organization\",\"name\":\"Martin Property Marbella\",\"url\":\"https:\/\/martinproperty.es\/\",\"logo\":{\"@type\":\"ImageObject\",\"inLanguage\":\"es\",\"@id\":\"https:\/\/martinproperty.es\/#\/schema\/logo\/image\/\",\"url\":\"https:\/\/martinproperty.es\/wp-content\/uploads\/2024\/06\/Martin-Property-Marbella-4.svg\",\"contentUrl\":\"https:\/\/martinproperty.es\/wp-content\/uploads\/2024\/06\/Martin-Property-Marbella-4.svg\",\"caption\":\"Martin Property Marbella\"},\"image\":{\"@id\":\"https:\/\/martinproperty.es\/#\/schema\/logo\/image\/\"}}]}<\/script>\n<!-- \/ Yoast SEO plugin. -->","yoast_head_json":{"title":"Martin Property Marbella","robots":{"index":"index","follow":"follow","max-snippet":"max-snippet:-1","max-image-preview":"max-image-preview:large","max-video-preview":"max-video-preview:-1"},"canonical":"https:\/\/martinproperty.es\/es\/listados-recomendados\/","og_locale":"es_ES","og_type":"article","og_title":"Listados y recomendados - Martin Property Marbella","og_description":"Nuestros listados y una selecci\u00f3n de algunas de nuestras propiedades favoritas en el mercado actual","og_url":"https:\/\/martinproperty.es\/es\/listados-recomendados\/","og_site_name":"Martin Property Marbella","article_modified_time":"2025-07-28T12:23:35+00:00","og_image":[{"width":2560,"height":748,"url":"https:\/\/martinproperty.es\/wp-content\/uploads\/2024\/06\/Selection-of-Properties-for-sale-in-Mijas-Marbella.webp","type":"image\/webp"}],"twitter_card":"summary_large_image","twitter_misc":{"Tiempo de lectura":"1 minuto"},"schema":{"@context":"https:\/\/schema.org","@graph":[{"@type":"WebPage","@id":"https:\/\/martinproperty.es\/es\/listados-recomendados\/","url":"https:\/\/martinproperty.es\/es\/listados-recomendados\/","name":"Listados y recomendados - Martin Property Marbella","isPartOf":{"@id":"https:\/\/martinproperty.es\/#website"},"primaryImageOfPage":{"@id":"https:\/\/martinproperty.es\/es\/listados-recomendados\/#primaryimage"},"image":{"@id":"https:\/\/martinproperty.es\/es\/listados-recomendados\/#primaryimage"},"thumbnailUrl":"https:\/\/martinproperty.es\/wp-content\/uploads\/2024\/06\/Selection-of-Properties-for-sale-in-Mijas-Marbella.webp","datePublished":"2024-06-03T09:00:38+00:00","dateModified":"2025-07-28T12:23:35+00:00","breadcrumb":{"@id":"https:\/\/martinproperty.es\/es\/listados-recomendados\/#breadcrumb"},"inLanguage":"es","potentialAction":[{"@type":"ReadAction","target":["https:\/\/martinproperty.es\/es\/listados-recomendados\/"]}]},{"@type":"ImageObject","inLanguage":"es","@id":"https:\/\/martinproperty.es\/es\/listados-recomendados\/#primaryimage","url":"https:\/\/martinproperty.es\/wp-content\/uploads\/2024\/06\/Selection-of-Properties-for-sale-in-Mijas-Marbella.webp","contentUrl":"https:\/\/martinproperty.es\/wp-content\/uploads\/2024\/06\/Selection-of-Properties-for-sale-in-Mijas-Marbella.webp","width":2560,"height":748,"caption":"Selection of Properties for sale in Mijas Marbella"},{"@type":"BreadcrumbList","@id":"https:\/\/martinproperty.es\/es\/listados-recomendados\/#breadcrumb","itemListElement":[{"@type":"ListItem","position":1,"name":"Home","item":"https:\/\/martinproperty.es\/es\/"},{"@type":"ListItem","position":2,"name":"Listados y recomendados"}]},{"@type":"WebSite","@id":"https:\/\/martinproperty.es\/#website","url":"https:\/\/martinproperty.es\/","name":"Martin Property Marbella","description":"","publisher":{"@id":"https:\/\/martinproperty.es\/#organization"},"potentialAction":[{"@type":"SearchAction","target":{"@type":"EntryPoint","urlTemplate":"https:\/\/martinproperty.es\/?s={search_term_string}"},"query-input":{"@type":"PropertyValueSpecification","valueRequired":true,"valueName":"search_term_string"}}],"inLanguage":"es"},{"@type":"Organization","@id":"https:\/\/martinproperty.es\/#organization","name":"Martin Property Marbella","url":"https:\/\/martinproperty.es\/","logo":{"@type":"ImageObject","inLanguage":"es","@id":"https:\/\/martinproperty.es\/#\/schema\/logo\/image\/","url":"https:\/\/martinproperty.es\/wp-content\/uploads\/2024\/06\/Martin-Property-Marbella-4.svg","contentUrl":"https:\/\/martinproperty.es\/wp-content\/uploads\/2024\/06\/Martin-Property-Marbella-4.svg","caption":"Martin Property Marbella"},"image":{"@id":"https:\/\/martinproperty.es\/#\/schema\/logo\/image\/"}}]}},"_links":{"self":[{"href":"https:\/\/martinproperty.es\/es\/wp-json\/wp\/v2\/pages\/1290","targetHints":{"allow":["GET"]}}],"collection":[{"href":"https:\/\/martinproperty.es\/es\/wp-json\/wp\/v2\/pages"}],"about":[{"href":"https:\/\/martinproperty.es\/es\/wp-json\/wp\/v2\/types\/page"}],"author":[{"embeddable":true,"href":"https:\/\/martinproperty.es\/es\/wp-json\/wp\/v2\/users\/1"}],"replies":[{"embeddable":true,"href":"https:\/\/martinproperty.es\/es\/wp-json\/wp\/v2\/comments?post=1290"}],"version-history":[{"count":24,"href":"https:\/\/martinproperty.es\/es\/wp-json\/wp\/v2\/pages\/1290\/revisions"}],"predecessor-version":[{"id":2230,"href":"https:\/\/martinproperty.es\/es\/wp-json\/wp\/v2\/pages\/1290\/revisions\/2230"}],"wp:featuredmedia":[{"embeddable":true,"href":"https:\/\/martinproperty.es\/es\/wp-json\/wp\/v2\/media\/1284"}],"wp:attachment":[{"href":"https:\/\/martinproperty.es\/es\/wp-json\/wp\/v2\/media?parent=1290"}],"curies":[{"name":"wp","href":"https:\/\/api.w.org\/{rel}","templated":true}]}}