{"id":572,"date":"2024-03-12T07:55:29","date_gmt":"2024-03-12T07:55:29","guid":{"rendered":"https:\/\/martinproperty.es\/sobre-nosotros\/"},"modified":"2024-05-22T11:51:00","modified_gmt":"2024-05-22T10:51:00","slug":"sobre-nosotros","status":"publish","type":"page","link":"https:\/\/martinproperty.es\/es\/sobre-nosotros\/","title":{"rendered":"Sobre nosotros"},"content":{"rendered":"\n<p>Martin y Christina son corredores experimentados y apasionados de la Costa del Sol, guiados por valores tradicionales y un servicio profesional caracterizado por la confi anza y la integridad. Si te resulta dif\u00edcil saber qu\u00e9 buscar o encontrar exactamente lo que deseas, no dudes en ponerte en contacto con nosotros. Nuestra especialidad radica en comprender las necesidades individuales de cada cliente y encontrar la propiedad perfecta para ellos. Contamos con un historial impecable en la b\u00fasqueda, compra y venta de propiedades asombrosas, sin importar el presupuesto. Trabajando juntos, formamos una asociaci\u00f3n \u00fanica que desde 2002 ha ayudado a cientos de clientes internacionales y locales a convertir sus sue\u00f1os de propiedad en realidad en la Costa del Sol.<\/p>\n<p><img loading=\"lazy\" decoding=\"async\" class=\"alignleft wp-image-76\" src=\"https:\/\/martinproperty.es\/wp-content\/uploads\/2024\/02\/Christina-Storgards-Real-Estate-Mijas.jpg\" alt=\"Christina Storgards Inmobiliaria Mijas\" width=\"450\" height=\"567\"><strong>Christina Storg\u00e5rds<\/strong> \u2013 procedente de Helsinki, Finlandia, comenz\u00f3 su aventura en Espa\u00f1a en 1987 a los 18 a\u00f1os trabajando con Spies Travel en Mallorca. Durante los a\u00f1os siguientes, ha vivido y trabajado en diversas ubicaciones, incluyendo Tenerife, Gran Canaria, Marbella, Grecia, Portugal, el Reino Unido y Estocolmo, Suecia, antes de establecerse permanentemente en la Costa del Sol en 2002. Este lugar no es ajeno para Christina, ya que su familia posee una casa de vacaciones en Marbella desde la d\u00e9cada de 1960. Ha residido en Benalm\u00e1dena, Fuengirola, Marbella y, durante los \u00faltimos 15 a\u00f1os, en Mijas Costa, una zona que adora y a la que se complace en llamar hogar. Con m\u00e1s de 20 a\u00f1os de experiencia en el sector inmobiliario, Christina posee un vasto conocimiento local que est\u00e1 encantada de compartir con sus clientes, ya sea que est\u00e9n buscando realizar un cambio permanente o adquirir una segunda residencia en la m\u00e1gica y magn\u00edfi ca Costa del Sol.<\/p>\n\n<p>Tel\u00e9fono: <a href=\"tel:+34665730826\">+34 665 730 826<\/a><br\/>Correo electr\u00f3nico: <a href=\"mailto:christina@martinproperty.es\">christina@martinproperty.es<\/a><br\/><a href=\"+34665730826\"><span class=\"dashicons dashicons-whatsapp\"><\/span><\/a><\/p>\n\n<div style=\"height:1px\" aria-hidden=\"true\" class=\"wp-block-spacer\"><\/div>\n<p><img loading=\"lazy\" decoding=\"async\" class=\"alignleft wp-image-75\" src=\"https:\/\/martinproperty.es\/wp-content\/uploads\/2024\/02\/Martin-Flanagan-Real-Estate-Marbella.jpg\" alt=\"Martin Flanagan Inmobiliaria Marbella\" width=\"450\" height=\"525\"><strong>Martin Flanagan<\/strong> &#8211; procedente de Coventry, Inglaterra, sol\u00eda visitar regularmente Marbella durante las d\u00e9cadas de 1980 y 1990. En 2001, decid\u00ed hacer el traslado permanente y establecer mi hogar en Cabopino, Marbella, para embarcarme en una nueva aventura de vida. Con experiencia como empresario tur\u00edstico y un breve paso por el desarrollo inmobiliario, el sector inmobiliario parec\u00eda una opci\u00f3n interesante y emocionante para iniciar una nueva carrera. M\u00e1s de 20 a\u00f1os y cientos de transacciones inmobiliarias despu\u00e9s, todav\u00eda disfruto de mi nueva vida y carrera en el vibrante y siempre cambiante mercado inmobiliario de mi ahora amada Costa del Sol.<\/p>\n\n<p>Tel\u00e9fono: <a href=\"tel:+34633897717\">+34 633 897 717<\/a><br\/>Correo electr\u00f3nico: <a href=\"mailto:martin@martinproperty.es\">martin@martinproperty.es<\/a><br\/><a href=\"+34633897717\"><span class=\"dashicons dashicons-whatsapp\"><\/span><\/a><\/p>\n\n<div style=\"height:1px\" aria-hidden=\"true\" class=\"wp-block-spacer\"><\/div>\n<h3>Servicios inmobiliarios con un trato personalizado<\/h3>\n<p>Encontrar la propiedad perfecta en la Costa del Sol puede resultar una tarea dif\u00edcil y abrumadora. La mejor manera de lograr el \u00e9xito y ahorrar tiempo es trabajar con un agente experimentado que entienda exactamente lo que buscas y pueda navegar el mercado inmobiliario local en tu nombre.<\/p>\n<p>En Martin Property Marbella, contamos con corredores profesionales y experimentados en la Costa del Sol. Colaboramos con todos los desarrollos nuevos y propiedades de reventa de buena reputaci\u00f3n, ofreciendo un servicio integral a nuestros clientes locales y extranjeros. Nos especializamos en la compra y venta de apartamentos, adosados y villas en toda la Costa del Sol. Nuestra principal v\u00eda de operaci\u00f3n es a trav\u00e9s de referencias, y nuestro objetivo es garantizar una experiencia excepcional para el cliente en cada ocasi\u00f3n.<\/p>\n<h3>No dudes en contactarnos para obtener ayuda con<\/h3>\n<ul>\n<li>Encontrar y adquirir tu propiedad ideal.<\/li>\n<li>Listar y vender para obtener el m\u00e1ximo retorno.<\/li>\n<li>Gesti\u00f3n de propiedades y alquileres vacacionales.<\/li>\n<\/ul>\n","protected":false},"excerpt":{"rendered":"<p>Martin y Christina son corredores experimentados y apasionados de la Costa del Sol, guiados por valores tradicionales y un servicio profesional caracterizado por la confi anza y la integridad. Si te resulta dif\u00edcil saber qu\u00e9 buscar o encontrar exactamente lo que deseas, no dudes en ponerte en contacto con nosotros. Nuestra especialidad radica en comprender [&hellip;]<\/p>\n","protected":false},"author":1,"featured_media":445,"parent":0,"menu_order":0,"comment_status":"closed","ping_status":"closed","template":"","meta":{"_acf_changed":false,"footnotes":""},"class_list":["post-572","page","type-page","status-publish","has-post-thumbnail","hentry"],"acf":[],"yoast_head":"<!-- This site is optimized with the Yoast SEO plugin v25.1 - https:\/\/yoast.com\/wordpress\/plugins\/seo\/ -->\n<title>Martin Property Marbella<\/title>\n<meta name=\"robots\" content=\"index, follow, max-snippet:-1, max-image-preview:large, max-video-preview:-1\" \/>\n<link rel=\"canonical\" href=\"https:\/\/martinproperty.es\/es\/sobre-nosotros\/\" \/>\n<meta property=\"og:locale\" content=\"es_ES\" \/>\n<meta property=\"og:type\" content=\"article\" \/>\n<meta property=\"og:title\" content=\"Sobre nosotros - Martin Property Marbella\" \/>\n<meta property=\"og:description\" content=\"Martin y Christina son corredores experimentados y apasionados de la Costa del Sol, guiados por valores tradicionales y un servicio profesional caracterizado por la confi anza y la integridad. Si te resulta dif\u00edcil saber qu\u00e9 buscar o encontrar exactamente lo que deseas, no dudes en ponerte en contacto con nosotros. Nuestra especialidad radica en comprender [&hellip;]\" \/>\n<meta property=\"og:url\" content=\"https:\/\/martinproperty.es\/es\/sobre-nosotros\/\" \/>\n<meta property=\"og:site_name\" content=\"Martin Property Marbella\" \/>\n<meta property=\"article:modified_time\" content=\"2024-05-22T10:51:00+00:00\" \/>\n<meta property=\"og:image\" content=\"https:\/\/martinproperty.es\/wp-content\/uploads\/2024\/03\/Martin-Property-Marbella-Relaxed-Realtors.webp\" \/>\n\t<meta property=\"og:image:width\" content=\"1920\" \/>\n\t<meta property=\"og:image:height\" content=\"1280\" \/>\n\t<meta property=\"og:image:type\" content=\"image\/webp\" \/>\n<meta name=\"twitter:card\" content=\"summary_large_image\" \/>\n<meta name=\"twitter:label1\" content=\"Tiempo de lectura\" \/>\n\t<meta name=\"twitter:data1\" content=\"3 minutos\" \/>\n<script type=\"application\/ld+json\" class=\"yoast-schema-graph\">{\"@context\":\"https:\/\/schema.org\",\"@graph\":[{\"@type\":\"WebPage\",\"@id\":\"https:\/\/martinproperty.es\/es\/sobre-nosotros\/\",\"url\":\"https:\/\/martinproperty.es\/es\/sobre-nosotros\/\",\"name\":\"Sobre nosotros - Martin Property Marbella\",\"isPartOf\":{\"@id\":\"https:\/\/martinproperty.es\/#website\"},\"primaryImageOfPage\":{\"@id\":\"https:\/\/martinproperty.es\/es\/sobre-nosotros\/#primaryimage\"},\"image\":{\"@id\":\"https:\/\/martinproperty.es\/es\/sobre-nosotros\/#primaryimage\"},\"thumbnailUrl\":\"https:\/\/martinproperty.es\/wp-content\/uploads\/2024\/03\/Martin-Property-Marbella-Relaxed-Realtors.webp\",\"datePublished\":\"2024-03-12T07:55:29+00:00\",\"dateModified\":\"2024-05-22T10:51:00+00:00\",\"breadcrumb\":{\"@id\":\"https:\/\/martinproperty.es\/es\/sobre-nosotros\/#breadcrumb\"},\"inLanguage\":\"es\",\"potentialAction\":[{\"@type\":\"ReadAction\",\"target\":[\"https:\/\/martinproperty.es\/es\/sobre-nosotros\/\"]}]},{\"@type\":\"ImageObject\",\"inLanguage\":\"es\",\"@id\":\"https:\/\/martinproperty.es\/es\/sobre-nosotros\/#primaryimage\",\"url\":\"https:\/\/martinproperty.es\/wp-content\/uploads\/2024\/03\/Martin-Property-Marbella-Relaxed-Realtors.webp\",\"contentUrl\":\"https:\/\/martinproperty.es\/wp-content\/uploads\/2024\/03\/Martin-Property-Marbella-Relaxed-Realtors.webp\",\"width\":1920,\"height\":1280},{\"@type\":\"BreadcrumbList\",\"@id\":\"https:\/\/martinproperty.es\/es\/sobre-nosotros\/#breadcrumb\",\"itemListElement\":[{\"@type\":\"ListItem\",\"position\":1,\"name\":\"Home\",\"item\":\"https:\/\/martinproperty.es\/es\/\"},{\"@type\":\"ListItem\",\"position\":2,\"name\":\"Sobre nosotros\"}]},{\"@type\":\"WebSite\",\"@id\":\"https:\/\/martinproperty.es\/#website\",\"url\":\"https:\/\/martinproperty.es\/\",\"name\":\"Martin Property Marbella\",\"description\":\"\",\"publisher\":{\"@id\":\"https:\/\/martinproperty.es\/#organization\"},\"potentialAction\":[{\"@type\":\"SearchAction\",\"target\":{\"@type\":\"EntryPoint\",\"urlTemplate\":\"https:\/\/martinproperty.es\/?s={search_term_string}\"},\"query-input\":{\"@type\":\"PropertyValueSpecification\",\"valueRequired\":true,\"valueName\":\"search_term_string\"}}],\"inLanguage\":\"es\"},{\"@type\":\"Organization\",\"@id\":\"https:\/\/martinproperty.es\/#organization\",\"name\":\"Martin Property Marbella\",\"url\":\"https:\/\/martinproperty.es\/\",\"logo\":{\"@type\":\"ImageObject\",\"inLanguage\":\"es\",\"@id\":\"https:\/\/martinproperty.es\/#\/schema\/logo\/image\/\",\"url\":\"https:\/\/martinproperty.es\/wp-content\/uploads\/2024\/06\/Martin-Property-Marbella-4.svg\",\"contentUrl\":\"https:\/\/martinproperty.es\/wp-content\/uploads\/2024\/06\/Martin-Property-Marbella-4.svg\",\"caption\":\"Martin Property Marbella\"},\"image\":{\"@id\":\"https:\/\/martinproperty.es\/#\/schema\/logo\/image\/\"}}]}<\/script>\n<!-- \/ Yoast SEO plugin. -->","yoast_head_json":{"title":"Martin Property Marbella","robots":{"index":"index","follow":"follow","max-snippet":"max-snippet:-1","max-image-preview":"max-image-preview:large","max-video-preview":"max-video-preview:-1"},"canonical":"https:\/\/martinproperty.es\/es\/sobre-nosotros\/","og_locale":"es_ES","og_type":"article","og_title":"Sobre nosotros - Martin Property Marbella","og_description":"Martin y Christina son corredores experimentados y apasionados de la Costa del Sol, guiados por valores tradicionales y un servicio profesional caracterizado por la confi anza y la integridad. Si te resulta dif\u00edcil saber qu\u00e9 buscar o encontrar exactamente lo que deseas, no dudes en ponerte en contacto con nosotros. Nuestra especialidad radica en comprender [&hellip;]","og_url":"https:\/\/martinproperty.es\/es\/sobre-nosotros\/","og_site_name":"Martin Property Marbella","article_modified_time":"2024-05-22T10:51:00+00:00","og_image":[{"width":1920,"height":1280,"url":"https:\/\/martinproperty.es\/wp-content\/uploads\/2024\/03\/Martin-Property-Marbella-Relaxed-Realtors.webp","type":"image\/webp"}],"twitter_card":"summary_large_image","twitter_misc":{"Tiempo de lectura":"3 minutos"},"schema":{"@context":"https:\/\/schema.org","@graph":[{"@type":"WebPage","@id":"https:\/\/martinproperty.es\/es\/sobre-nosotros\/","url":"https:\/\/martinproperty.es\/es\/sobre-nosotros\/","name":"Sobre nosotros - Martin Property Marbella","isPartOf":{"@id":"https:\/\/martinproperty.es\/#website"},"primaryImageOfPage":{"@id":"https:\/\/martinproperty.es\/es\/sobre-nosotros\/#primaryimage"},"image":{"@id":"https:\/\/martinproperty.es\/es\/sobre-nosotros\/#primaryimage"},"thumbnailUrl":"https:\/\/martinproperty.es\/wp-content\/uploads\/2024\/03\/Martin-Property-Marbella-Relaxed-Realtors.webp","datePublished":"2024-03-12T07:55:29+00:00","dateModified":"2024-05-22T10:51:00+00:00","breadcrumb":{"@id":"https:\/\/martinproperty.es\/es\/sobre-nosotros\/#breadcrumb"},"inLanguage":"es","potentialAction":[{"@type":"ReadAction","target":["https:\/\/martinproperty.es\/es\/sobre-nosotros\/"]}]},{"@type":"ImageObject","inLanguage":"es","@id":"https:\/\/martinproperty.es\/es\/sobre-nosotros\/#primaryimage","url":"https:\/\/martinproperty.es\/wp-content\/uploads\/2024\/03\/Martin-Property-Marbella-Relaxed-Realtors.webp","contentUrl":"https:\/\/martinproperty.es\/wp-content\/uploads\/2024\/03\/Martin-Property-Marbella-Relaxed-Realtors.webp","width":1920,"height":1280},{"@type":"BreadcrumbList","@id":"https:\/\/martinproperty.es\/es\/sobre-nosotros\/#breadcrumb","itemListElement":[{"@type":"ListItem","position":1,"name":"Home","item":"https:\/\/martinproperty.es\/es\/"},{"@type":"ListItem","position":2,"name":"Sobre nosotros"}]},{"@type":"WebSite","@id":"https:\/\/martinproperty.es\/#website","url":"https:\/\/martinproperty.es\/","name":"Martin Property Marbella","description":"","publisher":{"@id":"https:\/\/martinproperty.es\/#organization"},"potentialAction":[{"@type":"SearchAction","target":{"@type":"EntryPoint","urlTemplate":"https:\/\/martinproperty.es\/?s={search_term_string}"},"query-input":{"@type":"PropertyValueSpecification","valueRequired":true,"valueName":"search_term_string"}}],"inLanguage":"es"},{"@type":"Organization","@id":"https:\/\/martinproperty.es\/#organization","name":"Martin Property Marbella","url":"https:\/\/martinproperty.es\/","logo":{"@type":"ImageObject","inLanguage":"es","@id":"https:\/\/martinproperty.es\/#\/schema\/logo\/image\/","url":"https:\/\/martinproperty.es\/wp-content\/uploads\/2024\/06\/Martin-Property-Marbella-4.svg","contentUrl":"https:\/\/martinproperty.es\/wp-content\/uploads\/2024\/06\/Martin-Property-Marbella-4.svg","caption":"Martin Property Marbella"},"image":{"@id":"https:\/\/martinproperty.es\/#\/schema\/logo\/image\/"}}]}},"_links":{"self":[{"href":"https:\/\/martinproperty.es\/es\/wp-json\/wp\/v2\/pages\/572","targetHints":{"allow":["GET"]}}],"collection":[{"href":"https:\/\/martinproperty.es\/es\/wp-json\/wp\/v2\/pages"}],"about":[{"href":"https:\/\/martinproperty.es\/es\/wp-json\/wp\/v2\/types\/page"}],"author":[{"embeddable":true,"href":"https:\/\/martinproperty.es\/es\/wp-json\/wp\/v2\/users\/1"}],"replies":[{"embeddable":true,"href":"https:\/\/martinproperty.es\/es\/wp-json\/wp\/v2\/comments?post=572"}],"version-history":[{"count":5,"href":"https:\/\/martinproperty.es\/es\/wp-json\/wp\/v2\/pages\/572\/revisions"}],"predecessor-version":[{"id":1195,"href":"https:\/\/martinproperty.es\/es\/wp-json\/wp\/v2\/pages\/572\/revisions\/1195"}],"wp:featuredmedia":[{"embeddable":true,"href":"https:\/\/martinproperty.es\/es\/wp-json\/wp\/v2\/media\/445"}],"wp:attachment":[{"href":"https:\/\/martinproperty.es\/es\/wp-json\/wp\/v2\/media?parent=572"}],"curies":[{"name":"wp","href":"https:\/\/api.w.org\/{rel}","templated":true}]}}