{"id":573,"date":"2024-04-19T08:29:56","date_gmt":"2024-04-19T07:29:56","guid":{"rendered":"https:\/\/martinproperty.es\/condiciones-generales\/"},"modified":"2024-04-30T15:37:43","modified_gmt":"2024-04-30T14:37:43","slug":"condiciones-generales","status":"publish","type":"page","link":"https:\/\/martinproperty.es\/es\/condiciones-generales\/","title":{"rendered":"Condiciones generales"},"content":{"rendered":"\n<div style=\"height:60px\" aria-hidden=\"true\" class=\"wp-block-spacer\"><\/div>\n\n<h2 class=\"wp-block-heading\">Pol\u00edtica de reservas y cancelaciones<\/h2>\n\n<p>Garantizamos el mejor precio en cualquier lugar de Internet, sin gastos de gesti\u00f3n al reservar a trav\u00e9s de nuestro sitio web.<\/p>\n\n<p>Reserva tu propiedad con un dep\u00f3sito del 30% del precio total del alojamiento. El saldo restante m\u00e1s los posibles gastos de limpieza deben abonarse al menos 30 d\u00edas antes de la llegada. Todos los dep\u00f3sitos no son reembolsables.<\/p>\n\n<p>El pago completo debe efectuarse si la reserva se realiza dentro de los 30 d\u00edas anteriores a la llegada.<\/p>\n\n<p>Se aplicar\u00e1 una penalizaci\u00f3n del 100% del importe total pagado si la cancelaci\u00f3n se realiza con menos de 30 d\u00edas de antelaci\u00f3n a la fecha de llegada o en caso de no presentarse.<\/p>\n\n<p>Sujeto a disponibilidad y previo acuerdo, se puede aceptar el pago en efectivo al registrarse.<\/p>\n\n<h2 class=\"wp-block-heading\">A la llegada<\/h2>\n\n<p>Tu apartamento estar\u00e1 listo para recibirte a partir de las 15.00. Ofrecemos un servicio de recepci\u00f3n en el que te recoger\u00e1 en tu vivienda un miembro de nuestro equipo, que responder\u00e1 a cualquier pregunta que tengas.<\/p>\n\n<p>Tu propiedad se limpiar\u00e1 profesionalmente con s\u00e1banas y toallas limpias para cada hu\u00e9sped.<\/p>\n\n<p>Se pedir\u00e1 una copia del pasaporte o del DNI a todos los hu\u00e9spedes adultos a su llegada.<\/p>\n\n<p>Puede exigirse un dep\u00f3sito de seguridad para cubrir posibles da\u00f1os o p\u00e9rdida de llaves durante tu estancia.  <\/p>\n\n<p>La fianza se devolver\u00e1 despu\u00e9s de la fecha de salida y una vez inspeccionada la propiedad.<\/p>\n\n<p>Ind\u00edcanos el n\u00famero de tu vuelo o la hora prevista de llegada. Normalmente se puede organizar una entrada tard\u00eda sin cargo adicional, pero est\u00e1 sujeta a petici\u00f3n.<\/p>\n\n<h2 class=\"wp-block-heading\">Servicios incluidos<\/h2>\n\n<p>Recibimiento por parte de un miembro de nuestro equipo a tu llegada.<\/p>\n\n<p>Servicio de conserjer\u00eda donde se especifique.<\/p>\n\n<p>Apoyo y asesoramiento de nuestro equipo local.<\/p>\n\n<p>Limpieza final.<\/p>\n\n<p>Ropa de cama y toallas limpias para cada hu\u00e9sped<\/p>\n\n<p>Wi-Fi de alta velocidad<\/p>\n\n<p>Pack de bienvenida cuando se especifique.<\/p>\n\n<p>Productos de limpieza e higiene<\/p>\n\n<p>Aparcamiento donde se especifique &#8211; *S\u00f3lo se pueden ocupar las plazas que correspondan a la vivienda. * El anfitri\u00f3n no es responsable si otra persona aparca en la plaza de aparcamiento asignada, pero siempre se toman todas las medidas posibles para evitarlo. Las plazas de aparcamiento no se pueden intercambiar.<\/p>\n\n<h2 class=\"wp-block-heading\">No incluido<\/h2>\n\n<p>Limpieza adicional o s\u00e1banas\/toallas limpias durante tu estancia (disponibles previa petici\u00f3n)<\/p>\n\n<p>Cuna (sujeta a disponibilidad) a partir de 10,00 \u20ac\/d\u00eda<\/p>\n\n<p>Trona (sujeta a disponibilidad) desde 5,00 \u20ac\/d\u00eda<\/p>\n\n<p>Traslados al aeropuerto (previa solicitud)<\/p>\n\n<h2 class=\"wp-block-heading\">A la salida<\/h2>\n\n<p>Las viviendas deben quedar libres antes de las 11.00 horas del d\u00eda de salida.<\/p>\n\n<p>Ponte en contacto con nosotros en caso de salida anticipada.<\/p>\n\n<p>Sigue las instrucciones de salida que te proporcionen en el establecimiento.<\/p>\n\n<h2 class=\"wp-block-heading\">Por favor, recuerda<\/h2>\n\n<p>No se permiten fiestas.<\/p>\n\n<p>No se admiten animales de compa\u00f1\u00eda.<\/p>\n\n<p>No est\u00e1 permitido fumar dentro de la propiedad.<\/p>\n\n<h2 class=\"wp-block-heading\">Nuestro objetivo es que te sientas como en casa, esperamos que encuentres todo lo que necesitas para unas vacaciones memorables.<\/h2>\n","protected":false},"excerpt":{"rendered":"<p>Pol\u00edtica de reservas y cancelaciones Garantizamos el mejor precio en cualquier lugar de Internet, sin gastos de gesti\u00f3n al reservar a trav\u00e9s de nuestro sitio web. Reserva tu propiedad con un dep\u00f3sito del 30% del precio total del alojamiento. El saldo restante m\u00e1s los posibles gastos de limpieza deben abonarse al menos 30 d\u00edas antes [&hellip;]<\/p>\n","protected":false},"author":1,"featured_media":0,"parent":0,"menu_order":0,"comment_status":"closed","ping_status":"closed","template":"","meta":{"_acf_changed":false,"footnotes":""},"class_list":["post-573","page","type-page","status-publish","hentry"],"acf":[],"yoast_head":"<!-- This site is optimized with the Yoast SEO plugin v25.1 - https:\/\/yoast.com\/wordpress\/plugins\/seo\/ -->\n<title>Martin Property Marbella<\/title>\n<meta name=\"robots\" content=\"index, follow, max-snippet:-1, max-image-preview:large, max-video-preview:-1\" \/>\n<link rel=\"canonical\" href=\"https:\/\/martinproperty.es\/general-conditions\/\" \/>\n<meta property=\"og:locale\" content=\"es_ES\" \/>\n<meta property=\"og:type\" content=\"article\" \/>\n<meta property=\"og:title\" content=\"Condiciones generales - Martin Property Marbella\" \/>\n<meta property=\"og:description\" content=\"Pol\u00edtica de reservas y cancelaciones Garantizamos el mejor precio en cualquier lugar de Internet, sin gastos de gesti\u00f3n al reservar a trav\u00e9s de nuestro sitio web. Reserva tu propiedad con un dep\u00f3sito del 30% del precio total del alojamiento. El saldo restante m\u00e1s los posibles gastos de limpieza deben abonarse al menos 30 d\u00edas antes [&hellip;]\" \/>\n<meta property=\"og:url\" content=\"https:\/\/martinproperty.es\/general-conditions\/\" \/>\n<meta property=\"og:site_name\" content=\"Martin Property Marbella\" \/>\n<meta property=\"article:modified_time\" content=\"2024-04-30T14:37:43+00:00\" \/>\n<meta name=\"twitter:card\" content=\"summary_large_image\" \/>\n<meta name=\"twitter:label1\" content=\"Tiempo de lectura\" \/>\n\t<meta name=\"twitter:data1\" content=\"3 minutos\" \/>\n<script type=\"application\/ld+json\" class=\"yoast-schema-graph\">{\"@context\":\"https:\/\/schema.org\",\"@graph\":[{\"@type\":\"WebPage\",\"@id\":\"https:\/\/martinproperty.es\/general-conditions\/\",\"url\":\"https:\/\/martinproperty.es\/general-conditions\/\",\"name\":\"Condiciones generales - Martin Property Marbella\",\"isPartOf\":{\"@id\":\"https:\/\/martinproperty.es\/#website\"},\"datePublished\":\"2024-04-19T07:29:56+00:00\",\"dateModified\":\"2024-04-30T14:37:43+00:00\",\"breadcrumb\":{\"@id\":\"https:\/\/martinproperty.es\/general-conditions\/#breadcrumb\"},\"inLanguage\":\"es\",\"potentialAction\":[{\"@type\":\"ReadAction\",\"target\":[\"https:\/\/martinproperty.es\/general-conditions\/\"]}]},{\"@type\":\"BreadcrumbList\",\"@id\":\"https:\/\/martinproperty.es\/general-conditions\/#breadcrumb\",\"itemListElement\":[{\"@type\":\"ListItem\",\"position\":1,\"name\":\"Home\",\"item\":\"https:\/\/martinproperty.es\/es\/\"},{\"@type\":\"ListItem\",\"position\":2,\"name\":\"Condiciones generales\"}]},{\"@type\":\"WebSite\",\"@id\":\"https:\/\/martinproperty.es\/#website\",\"url\":\"https:\/\/martinproperty.es\/\",\"name\":\"Martin Property Marbella\",\"description\":\"\",\"publisher\":{\"@id\":\"https:\/\/martinproperty.es\/#organization\"},\"potentialAction\":[{\"@type\":\"SearchAction\",\"target\":{\"@type\":\"EntryPoint\",\"urlTemplate\":\"https:\/\/martinproperty.es\/?s={search_term_string}\"},\"query-input\":{\"@type\":\"PropertyValueSpecification\",\"valueRequired\":true,\"valueName\":\"search_term_string\"}}],\"inLanguage\":\"es\"},{\"@type\":\"Organization\",\"@id\":\"https:\/\/martinproperty.es\/#organization\",\"name\":\"Martin Property Marbella\",\"url\":\"https:\/\/martinproperty.es\/\",\"logo\":{\"@type\":\"ImageObject\",\"inLanguage\":\"es\",\"@id\":\"https:\/\/martinproperty.es\/#\/schema\/logo\/image\/\",\"url\":\"https:\/\/martinproperty.es\/wp-content\/uploads\/2024\/06\/Martin-Property-Marbella-4.svg\",\"contentUrl\":\"https:\/\/martinproperty.es\/wp-content\/uploads\/2024\/06\/Martin-Property-Marbella-4.svg\",\"caption\":\"Martin Property Marbella\"},\"image\":{\"@id\":\"https:\/\/martinproperty.es\/#\/schema\/logo\/image\/\"}}]}<\/script>\n<!-- \/ Yoast SEO plugin. -->","yoast_head_json":{"title":"Martin Property Marbella","robots":{"index":"index","follow":"follow","max-snippet":"max-snippet:-1","max-image-preview":"max-image-preview:large","max-video-preview":"max-video-preview:-1"},"canonical":"https:\/\/martinproperty.es\/general-conditions\/","og_locale":"es_ES","og_type":"article","og_title":"Condiciones generales - Martin Property Marbella","og_description":"Pol\u00edtica de reservas y cancelaciones Garantizamos el mejor precio en cualquier lugar de Internet, sin gastos de gesti\u00f3n al reservar a trav\u00e9s de nuestro sitio web. Reserva tu propiedad con un dep\u00f3sito del 30% del precio total del alojamiento. El saldo restante m\u00e1s los posibles gastos de limpieza deben abonarse al menos 30 d\u00edas antes [&hellip;]","og_url":"https:\/\/martinproperty.es\/general-conditions\/","og_site_name":"Martin Property Marbella","article_modified_time":"2024-04-30T14:37:43+00:00","twitter_card":"summary_large_image","twitter_misc":{"Tiempo de lectura":"3 minutos"},"schema":{"@context":"https:\/\/schema.org","@graph":[{"@type":"WebPage","@id":"https:\/\/martinproperty.es\/general-conditions\/","url":"https:\/\/martinproperty.es\/general-conditions\/","name":"Condiciones generales - Martin Property Marbella","isPartOf":{"@id":"https:\/\/martinproperty.es\/#website"},"datePublished":"2024-04-19T07:29:56+00:00","dateModified":"2024-04-30T14:37:43+00:00","breadcrumb":{"@id":"https:\/\/martinproperty.es\/general-conditions\/#breadcrumb"},"inLanguage":"es","potentialAction":[{"@type":"ReadAction","target":["https:\/\/martinproperty.es\/general-conditions\/"]}]},{"@type":"BreadcrumbList","@id":"https:\/\/martinproperty.es\/general-conditions\/#breadcrumb","itemListElement":[{"@type":"ListItem","position":1,"name":"Home","item":"https:\/\/martinproperty.es\/es\/"},{"@type":"ListItem","position":2,"name":"Condiciones generales"}]},{"@type":"WebSite","@id":"https:\/\/martinproperty.es\/#website","url":"https:\/\/martinproperty.es\/","name":"Martin Property Marbella","description":"","publisher":{"@id":"https:\/\/martinproperty.es\/#organization"},"potentialAction":[{"@type":"SearchAction","target":{"@type":"EntryPoint","urlTemplate":"https:\/\/martinproperty.es\/?s={search_term_string}"},"query-input":{"@type":"PropertyValueSpecification","valueRequired":true,"valueName":"search_term_string"}}],"inLanguage":"es"},{"@type":"Organization","@id":"https:\/\/martinproperty.es\/#organization","name":"Martin Property Marbella","url":"https:\/\/martinproperty.es\/","logo":{"@type":"ImageObject","inLanguage":"es","@id":"https:\/\/martinproperty.es\/#\/schema\/logo\/image\/","url":"https:\/\/martinproperty.es\/wp-content\/uploads\/2024\/06\/Martin-Property-Marbella-4.svg","contentUrl":"https:\/\/martinproperty.es\/wp-content\/uploads\/2024\/06\/Martin-Property-Marbella-4.svg","caption":"Martin Property Marbella"},"image":{"@id":"https:\/\/martinproperty.es\/#\/schema\/logo\/image\/"}}]}},"_links":{"self":[{"href":"https:\/\/martinproperty.es\/es\/wp-json\/wp\/v2\/pages\/573","targetHints":{"allow":["GET"]}}],"collection":[{"href":"https:\/\/martinproperty.es\/es\/wp-json\/wp\/v2\/pages"}],"about":[{"href":"https:\/\/martinproperty.es\/es\/wp-json\/wp\/v2\/types\/page"}],"author":[{"embeddable":true,"href":"https:\/\/martinproperty.es\/es\/wp-json\/wp\/v2\/users\/1"}],"replies":[{"embeddable":true,"href":"https:\/\/martinproperty.es\/es\/wp-json\/wp\/v2\/comments?post=573"}],"version-history":[{"count":1,"href":"https:\/\/martinproperty.es\/es\/wp-json\/wp\/v2\/pages\/573\/revisions"}],"predecessor-version":[{"id":577,"href":"https:\/\/martinproperty.es\/es\/wp-json\/wp\/v2\/pages\/573\/revisions\/577"}],"wp:attachment":[{"href":"https:\/\/martinproperty.es\/es\/wp-json\/wp\/v2\/media?parent=573"}],"curies":[{"name":"wp","href":"https:\/\/api.w.org\/{rel}","templated":true}]}}