{"id":575,"date":"2024-04-25T19:10:11","date_gmt":"2024-04-25T18:10:11","guid":{"rendered":"https:\/\/martinproperty.es\/gestion-de-la-propiedad-y-alquileres-vacacionales\/"},"modified":"2025-01-24T08:32:51","modified_gmt":"2025-01-24T08:32:51","slug":"gestion-propiedad-alquiler-vacacional","status":"publish","type":"page","link":"https:\/\/martinproperty.es\/es\/gestion-propiedad-alquiler-vacacional\/","title":{"rendered":"Gesti\u00f3n de la propiedad y alquileres vacacionales"},"content":{"rendered":"\n<div class=\"wp-block-group rei-awards\"><div class=\"wp-block-group__inner-container is-layout-constrained wp-block-group-is-layout-constrained\">\n<figure class=\"wp-block-image size-full rei-airbnb-superhost\"><img loading=\"lazy\" decoding=\"async\" width=\"300\" height=\"123\" src=\"https:\/\/martinproperty.es\/wp-content\/uploads\/2024\/11\/sprhst.webp\" alt=\"\" class=\"wp-image-2069\"\/><\/figure>\n\n\n\n<figure class=\"wp-block-image size-full rei-booking-award\"><img loading=\"lazy\" decoding=\"async\" width=\"548\" height=\"133\" src=\"https:\/\/martinproperty.es\/wp-content\/uploads\/2024\/11\/Booking-Traveller-Review-Award-2024.png\" alt=\"Premio Booking Traveller Review 2024\" class=\"wp-image-2108\"\/><\/figure>\n<\/div><\/div>\n\n<h2 class=\"wp-block-heading\">Alquileres vacacionales exclusivos<\/h2>\n\n<p>Si eres propietario de una vivienda de lujo en la Costa del Sol, te ofrecemos un servicio completo e integral de alquiler y gesti\u00f3n inmobiliaria.<\/p>\n\n<p>Esto incluye asesoramiento sobre la preparaci\u00f3n de tu propiedad para el alquiler, proyectos de reforma y decoraci\u00f3n, mobiliario, solicitud de licencias, fotograf\u00edas y v\u00eddeos profesionales, gesti\u00f3n de marketing y ventas, limpieza, mantenimiento, servicios para hu\u00e9spedes y registros de entrada y salida.<\/p>\n<div class=\"wp-block-image\">\n<figure class=\"alignright size-full is-resized\"><img loading=\"lazy\" decoding=\"async\" width=\"1024\" height=\"1024\" src=\"https:\/\/martinproperty.es\/wp-content\/uploads\/2024\/04\/Rental-logos.jpg\" alt=\"Mercados de alquiler\" class=\"wp-image-403\" style=\"object-fit:cover;width:200px;height:200px\"\/><\/figure>\n<\/div>\n<p>Tu propiedad se comercializa a trav\u00e9s de varios de los principales portales de reservas vacacionales, como Airbnb, Booking.com, VRBO y Google Vacations, y tambi\u00e9n ofrecemos un servicio de Reservas Directas a trav\u00e9s de nuestro sitio web con tarifas y cargos m\u00e1s bajos, lo que supone una gran ventaja tanto para nuestros propietarios como para nuestros clientes.<\/p>\n\n<p>La mayor\u00eda de nuestros clientes desean pasar alg\u00fan tiempo disfrutando de su propiedad con amigos o familiares, puedes reservar tu tiempo de vacaciones y tu propiedad estar\u00e1 totalmente limpia y lista para tu llegada, dej\u00e1ndote libre para disfrutar de cada minuto de tu estancia.<\/p>\n<div class=\"wp-block-image mart-service-icon\">\n<figure class=\"alignleft size-full\"><img loading=\"lazy\" decoding=\"async\" width=\"512\" height=\"512\" src=\"https:\/\/martinproperty.es\/wp-content\/uploads\/2024\/04\/former-tour-managers.png\" alt=\"\" class=\"wp-image-411\"\/><\/figure>\n<\/div>\n<p>Tenemos experiencia en agencias de viajes y turismo, con m\u00e1s de 100.000 pernoctaciones y miles de vacaciones reservadas para clientes satisfechos, junto con m\u00e1s de 20 a\u00f1os de experiencia en el sector inmobiliario de la Costa del Sol, por lo que creemos que contamos con un conjunto \u00fanico de habilidades y experiencias para maximizar los beneficios y crear una gran experiencia tanto para los propietarios como para nuestros hu\u00e9spedes.<\/p>\n\n<p>Proporcionamos un servicio totalmente gestionado y personal para nuestros Alquileres de Vacaciones Exclusivos y trataremos tu propiedad con el mismo nivel de cuidado y atenci\u00f3n que si fuera nuestra. Tu propiedad ser\u00e1 inspeccionada peri\u00f3dicamente, y cualquier mantenimiento ser\u00e1 discutido y gestionado con tu aprobaci\u00f3n. Nos esforzamos por mantener siempre tu propiedad en condiciones \u00f3ptimas, para que nuestros hu\u00e9spedes pasen unas vacaciones maravillosas, y mantenemos nuestro r\u00e9cord casi perfecto de opiniones de \u00ab5 estrellas\u00bb.<\/p>\n\n<p>Ponte en contacto con nosotros para hablar de nuestro servicio de Alquiler Vacacional Exclusivo y para obtener una proyecci\u00f3n de los ingresos y gastos de tu propiedad.<\/p>\n\n<h2 class=\"wp-block-heading\">Encontrar una propiedad para invertir<\/h2>\n\n<figure class=\"wp-block-image size-full\"><img loading=\"lazy\" decoding=\"async\" width=\"1080\" height=\"540\" src=\"https:\/\/martinproperty.es\/wp-content\/uploads\/2024\/04\/Finding-a-property-for-investment-in-Spain.jpg\" alt=\"\" class=\"wp-image-406\"\/><\/figure>\n\n<p>Desde 2002 hemos ayudado con \u00e9xito a cientos de clientes locales e internacionales a buscar, comprar y vender propiedades en la Costa del Sol. Si quieres invertir en propiedades en alquiler en la Costa del Sol, podemos asesorarte y ayudarte a encontrar las mejores opciones, en la mejor zona para maximizar tu inversi\u00f3n. Investigaremos el mercado y te proporcionaremos una selecci\u00f3n de opciones para que las consideres, con proyecciones financieras inteligentes de ingresos y gastos incluidas.<\/p>\n\n<p>Podemos gestionar completamente cualquier reforma, decoraci\u00f3n y amueblar tu propiedad para que est\u00e9 lista para el alquiler. Nuestro servicio de Alquiler Vacacional Exclusivo es una soluci\u00f3n llave en mano para la gesti\u00f3n continua y el \u00e9xito del alquiler a corto plazo de tu propiedad.<\/p>\n\n<h2 class=\"wp-block-heading\">Tenencia de llaves y gesti\u00f3n de la propiedad<\/h2>\n<div class=\"wp-block-image mart-service-icon\">\n<figure class=\"alignleft size-full\"><img loading=\"lazy\" decoding=\"async\" width=\"512\" height=\"512\" src=\"https:\/\/martinproperty.es\/wp-content\/uploads\/2024\/04\/Key-holding-service-Marbella.png\" alt=\"\" class=\"wp-image-408\"\/><\/figure>\n<\/div>\n<p>Si piensas utilizar tu propiedad exclusivamente para tu familia y amigos, o no la visitas con regularidad, te ofrecemos un servicio de custodia de llaves y gesti\u00f3n de la propiedad para tu tranquilidad y comodidad.<\/p>\n\n<p>Servicio de custodia de llaves &#8211; Guardaremos un juego de llaves para que lo recojan los hu\u00e9spedes siguiendo tus instrucciones o para utilizarlo en caso de emergencia.<\/p>\n\n<p>Visita de inspecci\u00f3n mensual &#8211; Para comprobar que tu vivienda est\u00e1 en buen estado, haremos una visita de inspecci\u00f3n cada mes o con la frecuencia que se acuerde y enviaremos un informe mensual, con un registro fotogr\u00e1fico de su estado. Pondremos de relieve cualquier problema y podremos sugerir a los comerciantes que arreglen o resuelvan cualquier problema que requiera atenci\u00f3n.<\/p>\n\n<p>Reenv\u00edo de correo &#8211; Comprobaremos tu buz\u00f3n y recogeremos el correo de tu propiedad. Puede conservarse en nuestra oficina o enviarse a cualquier direcci\u00f3n o correo electr\u00f3nico seg\u00fan tus instrucciones.<\/p>\n\n<p>Los precios de este servicio empiezan en 650 euros al a\u00f1o.<\/p>\n\n<div class=\"wp-block-buttons is-layout-flex wp-block-buttons-is-layout-flex\">\n<div class=\"wp-block-button mart-dark-button\"><a class=\"wp-block-button__link has-white-color has-text-color has-background has-link-color wp-element-button\" href=\"https:\/\/martinproperty.es\/es\/contacta-con-nosotros\/\" style=\"border-radius:0px;background-color:#48a597\">Ponte en contacto con nosotros para m\u00e1s informaci\u00f3n.<\/a><\/div>\n<\/div>\n\n<div style=\"height:60px\" aria-hidden=\"true\" class=\"wp-block-spacer\"><\/div>\n","protected":false},"excerpt":{"rendered":"<p>Alquileres vacacionales exclusivos Si eres propietario de una vivienda de lujo en la Costa del Sol, te ofrecemos un servicio completo e integral de alquiler y gesti\u00f3n inmobiliaria. Esto incluye asesoramiento sobre la preparaci\u00f3n de tu propiedad para el alquiler, proyectos de reforma y decoraci\u00f3n, mobiliario, solicitud de licencias, fotograf\u00edas y v\u00eddeos profesionales, gesti\u00f3n de [&hellip;]<\/p>\n","protected":false},"author":1,"featured_media":485,"parent":0,"menu_order":0,"comment_status":"closed","ping_status":"closed","template":"","meta":{"_acf_changed":false,"footnotes":""},"class_list":["post-575","page","type-page","status-publish","has-post-thumbnail","hentry"],"acf":[],"yoast_head":"<!-- This site is optimized with the Yoast SEO plugin v25.1 - https:\/\/yoast.com\/wordpress\/plugins\/seo\/ -->\n<title>Martin Property Marbella<\/title>\n<meta name=\"robots\" content=\"index, follow, max-snippet:-1, max-image-preview:large, max-video-preview:-1\" \/>\n<link rel=\"canonical\" href=\"https:\/\/martinproperty.es\/es\/gestion-propiedad-alquiler-vacacional\/\" \/>\n<meta property=\"og:locale\" content=\"es_ES\" \/>\n<meta property=\"og:type\" content=\"article\" \/>\n<meta property=\"og:title\" content=\"Gesti\u00f3n de la propiedad y alquileres vacacionales - Martin Property Marbella\" \/>\n<meta property=\"og:description\" content=\"Alquileres vacacionales exclusivos Si eres propietario de una vivienda de lujo en la Costa del Sol, te ofrecemos un servicio completo e integral de alquiler y gesti\u00f3n inmobiliaria. Esto incluye asesoramiento sobre la preparaci\u00f3n de tu propiedad para el alquiler, proyectos de reforma y decoraci\u00f3n, mobiliario, solicitud de licencias, fotograf\u00edas y v\u00eddeos profesionales, gesti\u00f3n de [&hellip;]\" \/>\n<meta property=\"og:url\" content=\"https:\/\/martinproperty.es\/es\/gestion-propiedad-alquiler-vacacional\/\" \/>\n<meta property=\"og:site_name\" content=\"Martin Property Marbella\" \/>\n<meta property=\"article:modified_time\" content=\"2025-01-24T08:32:51+00:00\" \/>\n<meta property=\"og:image\" content=\"https:\/\/martinproperty.es\/wp-content\/uploads\/2024\/04\/Holiday-Rentals-Marbella-Mijas.webp\" \/>\n\t<meta property=\"og:image:width\" content=\"2560\" \/>\n\t<meta property=\"og:image:height\" content=\"1280\" \/>\n\t<meta property=\"og:image:type\" content=\"image\/webp\" \/>\n<meta name=\"twitter:card\" content=\"summary_large_image\" \/>\n<meta name=\"twitter:label1\" content=\"Tiempo de lectura\" \/>\n\t<meta name=\"twitter:data1\" content=\"3 minutos\" \/>\n<script type=\"application\/ld+json\" class=\"yoast-schema-graph\">{\"@context\":\"https:\/\/schema.org\",\"@graph\":[{\"@type\":\"WebPage\",\"@id\":\"https:\/\/martinproperty.es\/es\/gestion-propiedad-alquiler-vacacional\/\",\"url\":\"https:\/\/martinproperty.es\/es\/gestion-propiedad-alquiler-vacacional\/\",\"name\":\"Gesti\u00f3n de la propiedad y alquileres vacacionales - Martin Property Marbella\",\"isPartOf\":{\"@id\":\"https:\/\/martinproperty.es\/#website\"},\"primaryImageOfPage\":{\"@id\":\"https:\/\/martinproperty.es\/es\/gestion-propiedad-alquiler-vacacional\/#primaryimage\"},\"image\":{\"@id\":\"https:\/\/martinproperty.es\/es\/gestion-propiedad-alquiler-vacacional\/#primaryimage\"},\"thumbnailUrl\":\"https:\/\/martinproperty.es\/wp-content\/uploads\/2024\/04\/Holiday-Rentals-Marbella-Mijas.webp\",\"datePublished\":\"2024-04-25T18:10:11+00:00\",\"dateModified\":\"2025-01-24T08:32:51+00:00\",\"breadcrumb\":{\"@id\":\"https:\/\/martinproperty.es\/es\/gestion-propiedad-alquiler-vacacional\/#breadcrumb\"},\"inLanguage\":\"es\",\"potentialAction\":[{\"@type\":\"ReadAction\",\"target\":[\"https:\/\/martinproperty.es\/es\/gestion-propiedad-alquiler-vacacional\/\"]}]},{\"@type\":\"ImageObject\",\"inLanguage\":\"es\",\"@id\":\"https:\/\/martinproperty.es\/es\/gestion-propiedad-alquiler-vacacional\/#primaryimage\",\"url\":\"https:\/\/martinproperty.es\/wp-content\/uploads\/2024\/04\/Holiday-Rentals-Marbella-Mijas.webp\",\"contentUrl\":\"https:\/\/martinproperty.es\/wp-content\/uploads\/2024\/04\/Holiday-Rentals-Marbella-Mijas.webp\",\"width\":2560,\"height\":1280},{\"@type\":\"BreadcrumbList\",\"@id\":\"https:\/\/martinproperty.es\/es\/gestion-propiedad-alquiler-vacacional\/#breadcrumb\",\"itemListElement\":[{\"@type\":\"ListItem\",\"position\":1,\"name\":\"Home\",\"item\":\"https:\/\/martinproperty.es\/es\/\"},{\"@type\":\"ListItem\",\"position\":2,\"name\":\"Gesti\u00f3n de la propiedad y alquileres vacacionales\"}]},{\"@type\":\"WebSite\",\"@id\":\"https:\/\/martinproperty.es\/#website\",\"url\":\"https:\/\/martinproperty.es\/\",\"name\":\"Martin Property Marbella\",\"description\":\"\",\"publisher\":{\"@id\":\"https:\/\/martinproperty.es\/#organization\"},\"potentialAction\":[{\"@type\":\"SearchAction\",\"target\":{\"@type\":\"EntryPoint\",\"urlTemplate\":\"https:\/\/martinproperty.es\/?s={search_term_string}\"},\"query-input\":{\"@type\":\"PropertyValueSpecification\",\"valueRequired\":true,\"valueName\":\"search_term_string\"}}],\"inLanguage\":\"es\"},{\"@type\":\"Organization\",\"@id\":\"https:\/\/martinproperty.es\/#organization\",\"name\":\"Martin Property Marbella\",\"url\":\"https:\/\/martinproperty.es\/\",\"logo\":{\"@type\":\"ImageObject\",\"inLanguage\":\"es\",\"@id\":\"https:\/\/martinproperty.es\/#\/schema\/logo\/image\/\",\"url\":\"https:\/\/martinproperty.es\/wp-content\/uploads\/2024\/06\/Martin-Property-Marbella-4.svg\",\"contentUrl\":\"https:\/\/martinproperty.es\/wp-content\/uploads\/2024\/06\/Martin-Property-Marbella-4.svg\",\"caption\":\"Martin Property Marbella\"},\"image\":{\"@id\":\"https:\/\/martinproperty.es\/#\/schema\/logo\/image\/\"}}]}<\/script>\n<!-- \/ Yoast SEO plugin. -->","yoast_head_json":{"title":"Martin Property Marbella","robots":{"index":"index","follow":"follow","max-snippet":"max-snippet:-1","max-image-preview":"max-image-preview:large","max-video-preview":"max-video-preview:-1"},"canonical":"https:\/\/martinproperty.es\/es\/gestion-propiedad-alquiler-vacacional\/","og_locale":"es_ES","og_type":"article","og_title":"Gesti\u00f3n de la propiedad y alquileres vacacionales - Martin Property Marbella","og_description":"Alquileres vacacionales exclusivos Si eres propietario de una vivienda de lujo en la Costa del Sol, te ofrecemos un servicio completo e integral de alquiler y gesti\u00f3n inmobiliaria. Esto incluye asesoramiento sobre la preparaci\u00f3n de tu propiedad para el alquiler, proyectos de reforma y decoraci\u00f3n, mobiliario, solicitud de licencias, fotograf\u00edas y v\u00eddeos profesionales, gesti\u00f3n de [&hellip;]","og_url":"https:\/\/martinproperty.es\/es\/gestion-propiedad-alquiler-vacacional\/","og_site_name":"Martin Property Marbella","article_modified_time":"2025-01-24T08:32:51+00:00","og_image":[{"width":2560,"height":1280,"url":"https:\/\/martinproperty.es\/wp-content\/uploads\/2024\/04\/Holiday-Rentals-Marbella-Mijas.webp","type":"image\/webp"}],"twitter_card":"summary_large_image","twitter_misc":{"Tiempo de lectura":"3 minutos"},"schema":{"@context":"https:\/\/schema.org","@graph":[{"@type":"WebPage","@id":"https:\/\/martinproperty.es\/es\/gestion-propiedad-alquiler-vacacional\/","url":"https:\/\/martinproperty.es\/es\/gestion-propiedad-alquiler-vacacional\/","name":"Gesti\u00f3n de la propiedad y alquileres vacacionales - Martin Property Marbella","isPartOf":{"@id":"https:\/\/martinproperty.es\/#website"},"primaryImageOfPage":{"@id":"https:\/\/martinproperty.es\/es\/gestion-propiedad-alquiler-vacacional\/#primaryimage"},"image":{"@id":"https:\/\/martinproperty.es\/es\/gestion-propiedad-alquiler-vacacional\/#primaryimage"},"thumbnailUrl":"https:\/\/martinproperty.es\/wp-content\/uploads\/2024\/04\/Holiday-Rentals-Marbella-Mijas.webp","datePublished":"2024-04-25T18:10:11+00:00","dateModified":"2025-01-24T08:32:51+00:00","breadcrumb":{"@id":"https:\/\/martinproperty.es\/es\/gestion-propiedad-alquiler-vacacional\/#breadcrumb"},"inLanguage":"es","potentialAction":[{"@type":"ReadAction","target":["https:\/\/martinproperty.es\/es\/gestion-propiedad-alquiler-vacacional\/"]}]},{"@type":"ImageObject","inLanguage":"es","@id":"https:\/\/martinproperty.es\/es\/gestion-propiedad-alquiler-vacacional\/#primaryimage","url":"https:\/\/martinproperty.es\/wp-content\/uploads\/2024\/04\/Holiday-Rentals-Marbella-Mijas.webp","contentUrl":"https:\/\/martinproperty.es\/wp-content\/uploads\/2024\/04\/Holiday-Rentals-Marbella-Mijas.webp","width":2560,"height":1280},{"@type":"BreadcrumbList","@id":"https:\/\/martinproperty.es\/es\/gestion-propiedad-alquiler-vacacional\/#breadcrumb","itemListElement":[{"@type":"ListItem","position":1,"name":"Home","item":"https:\/\/martinproperty.es\/es\/"},{"@type":"ListItem","position":2,"name":"Gesti\u00f3n de la propiedad y alquileres vacacionales"}]},{"@type":"WebSite","@id":"https:\/\/martinproperty.es\/#website","url":"https:\/\/martinproperty.es\/","name":"Martin Property Marbella","description":"","publisher":{"@id":"https:\/\/martinproperty.es\/#organization"},"potentialAction":[{"@type":"SearchAction","target":{"@type":"EntryPoint","urlTemplate":"https:\/\/martinproperty.es\/?s={search_term_string}"},"query-input":{"@type":"PropertyValueSpecification","valueRequired":true,"valueName":"search_term_string"}}],"inLanguage":"es"},{"@type":"Organization","@id":"https:\/\/martinproperty.es\/#organization","name":"Martin Property Marbella","url":"https:\/\/martinproperty.es\/","logo":{"@type":"ImageObject","inLanguage":"es","@id":"https:\/\/martinproperty.es\/#\/schema\/logo\/image\/","url":"https:\/\/martinproperty.es\/wp-content\/uploads\/2024\/06\/Martin-Property-Marbella-4.svg","contentUrl":"https:\/\/martinproperty.es\/wp-content\/uploads\/2024\/06\/Martin-Property-Marbella-4.svg","caption":"Martin Property Marbella"},"image":{"@id":"https:\/\/martinproperty.es\/#\/schema\/logo\/image\/"}}]}},"_links":{"self":[{"href":"https:\/\/martinproperty.es\/es\/wp-json\/wp\/v2\/pages\/575","targetHints":{"allow":["GET"]}}],"collection":[{"href":"https:\/\/martinproperty.es\/es\/wp-json\/wp\/v2\/pages"}],"about":[{"href":"https:\/\/martinproperty.es\/es\/wp-json\/wp\/v2\/types\/page"}],"author":[{"embeddable":true,"href":"https:\/\/martinproperty.es\/es\/wp-json\/wp\/v2\/users\/1"}],"replies":[{"embeddable":true,"href":"https:\/\/martinproperty.es\/es\/wp-json\/wp\/v2\/comments?post=575"}],"version-history":[{"count":7,"href":"https:\/\/martinproperty.es\/es\/wp-json\/wp\/v2\/pages\/575\/revisions"}],"predecessor-version":[{"id":2173,"href":"https:\/\/martinproperty.es\/es\/wp-json\/wp\/v2\/pages\/575\/revisions\/2173"}],"wp:featuredmedia":[{"embeddable":true,"href":"https:\/\/martinproperty.es\/es\/wp-json\/wp\/v2\/media\/485"}],"wp:attachment":[{"href":"https:\/\/martinproperty.es\/es\/wp-json\/wp\/v2\/media?parent=575"}],"curies":[{"name":"wp","href":"https:\/\/api.w.org\/{rel}","templated":true}]}}