{"id":576,"date":"2024-04-25T18:35:38","date_gmt":"2024-04-25T17:35:38","guid":{"rendered":"https:\/\/martinproperty.es\/compra-y-venta-de-propiedades-en-la-costa-del-sol\/"},"modified":"2024-04-30T15:37:44","modified_gmt":"2024-04-30T14:37:44","slug":"compra-y-venta-de-propiedades-en-la-costa-del-sol","status":"publish","type":"page","link":"https:\/\/martinproperty.es\/es\/compra-y-venta-de-propiedades-en-la-costa-del-sol\/","title":{"rendered":"Compra y Venta de Propiedades en la Costa del Sol"},"content":{"rendered":"\n<div class=\"wp-block-group is-vertical is-layout-flex wp-container-core-group-is-layout-8cf370e7 wp-block-group-is-layout-flex\">\n<h2 class=\"wp-block-heading\">Comprar una propiedad en la Costa del Sol con Martin Property Marbella SL<\/h2>\n<\/div>\n\n<p>Comprar una propiedad en la Costa del Sol, Espa\u00f1a, puede ser una empresa emocionante y gratificante. Conocida por sus impresionantes playas, su excelente clima y su vibrante cultura, la Costa del Sol atrae a compradores de propiedades de todo el mundo; sin embargo, orientarse en el mercado local puede ser una tarea desalentadora sin la gu\u00eda de un experto local.<\/p>\n\n<p>Martin Property Marbella SL ofrece a los clientes locales y extranjeros un servicio completo y profesional y representa sus mejores intereses cuando se trata de la industria inmobiliaria en general, cualquier empresa relacionada con la compra de su propiedad, incluyendo la propiedad en curso y los servicios de cuidado posterior.<\/p>\n\n<p>Colaboramos con todas las inmobiliarias de renombre y proyectos de Obra Nueva en toda la Costa del Sol, d\u00e1ndote acceso completo a todas las propiedades del mercado.<\/p>\n\n<p>Esta gu\u00eda pretende proporcionarte la informaci\u00f3n y los pasos necesarios para que el proceso se desarrolle con \u00e9xito y sin contratiempos.<\/p>\n\n<p><\/p>\n\n<div class=\"wp-block-group mart-process-container is-vertical is-layout-flex wp-container-core-group-is-layout-8cf370e7 wp-block-group-is-layout-flex\">\n<div class=\"wp-block-columns is-layout-flex wp-container-core-columns-is-layout-9d6595d7 wp-block-columns-is-layout-flex\">\n<div class=\"wp-block-column is-layout-flow wp-block-column-is-layout-flow\" style=\"flex-basis:33.33%\">\n<figure class=\"wp-block-image size-full\"><img loading=\"lazy\" decoding=\"async\" width=\"512\" height=\"512\" src=\"https:\/\/martinproperty.es\/wp-content\/uploads\/2024\/04\/Prepare-to-buy-property-in-Spain.png\" alt=\"\" class=\"wp-image-382\"\/><\/figure>\n<\/div>\n\n\n\n<div class=\"wp-block-column is-layout-flow wp-block-column-is-layout-flow\" style=\"flex-basis:66.66%\">\n<h3 class=\"wp-block-heading\">Paso 1: Entrevista inicial &#8211; Investigaci\u00f3n y planificaci\u00f3n<\/h3>\n\n\n\n<ol class=\"wp-block-list\">\n<li>Define tus requisitos: Determina tu presupuesto, las posibles ubicaciones, el tipo de propiedad (apartamento, chalet, casa adosada, etc.) y las comodidades o caracter\u00edsticas espec\u00edficas que desees.<\/li>\n\n\n\n<li>Investiga el mercado: Explora el mercado inmobiliario de la Costa del Sol. Ten en cuenta factores como el precio de los inmuebles, las tendencias del mercado y los servicios del barrio.<\/li>\n\n\n\n<li>Consideraciones legales: Recomendamos especialistas locales que asesoren sobre las leyes y normativas inmobiliarias espa\u00f1olas, incluidos los requisitos de residencia, los costes de compra, los impuestos y las tasas legales.<\/li>\n\n\n\n<li>Financiaci\u00f3n: Recomendaci\u00f3n de un especialista local para hablar de financiaci\u00f3n, explorar opciones hipotecarias de bancos espa\u00f1oles o prestamistas internacionales y asegurarse de que entiendes las condiciones, los tipos de inter\u00e9s y los criterios de elegibilidad.<\/li>\n\n\n\n<li>Presupuesto para gastos adicionales: Adem\u00e1s del precio de la vivienda, presupuesta costes adicionales como el impuesto de transmisiones patrimoniales, los gastos notariales, legales y de registro.<\/li>\n<\/ol>\n<\/div>\n<\/div>\n\n\n\n<div class=\"wp-block-columns is-layout-flex wp-container-core-columns-is-layout-9d6595d7 wp-block-columns-is-layout-flex\">\n<div class=\"wp-block-column is-layout-flow wp-block-column-is-layout-flow\" style=\"flex-basis:66.66%\">\n<h3 class=\"wp-block-heading\">Paso 2: Ver posibles propiedades<\/h3>\n\n\n\n<ol class=\"wp-block-list\">\n<li>Selecci\u00f3n anticipada de inmuebles: Bas\u00e1ndonos en nuestras conversaciones iniciales, organizaremos visitas a los inmuebles adecuados seg\u00fan tus requisitos y criterios. Lo ideal es que todos ellos se discutan y aprueben previamente para garantizar que est\u00e1s viendo las mejores opciones del mercado.  <\/li>\n\n\n\n<li>Asiste a las visitas a la propiedad: Programamos un itinerario y te acompa\u00f1amos a todas las visitas; nuestros experimentados agentes toman nota de detalles importantes como la ubicaci\u00f3n, el estado y las comodidades. Aunque no recomendamos ver m\u00e1s de 5 \u00f3 6 propiedades al d\u00eda, es posible ver 10 o m\u00e1s si tienes poco tiempo.<\/li>\n\n\n\n<li>Cambiar de opini\u00f3n: Por mucha planificaci\u00f3n previa que hagas, es muy normal que cambies de opini\u00f3n una vez que hayas hecho unas cuantas visitas locales. Es vital contar con un agente experimentado que pueda ayudarte a afinar tus ideas y organizar visitas alternativas con poca antelaci\u00f3n.<\/li>\n<\/ol>\n<\/div>\n\n\n\n<div class=\"wp-block-column is-layout-flow wp-block-column-is-layout-flow\" style=\"flex-basis:33.33%\">\n<figure class=\"wp-block-image size-full\"><img loading=\"lazy\" decoding=\"async\" width=\"512\" height=\"512\" src=\"https:\/\/martinproperty.es\/wp-content\/uploads\/2024\/04\/View-properties-for-sale.png\" alt=\"\" class=\"wp-image-386\"\/><\/figure>\n<\/div>\n<\/div>\n\n\n\n<div class=\"wp-block-columns is-layout-flex wp-container-core-columns-is-layout-9d6595d7 wp-block-columns-is-layout-flex\">\n<div class=\"wp-block-column is-layout-flow wp-block-column-is-layout-flow\" style=\"flex-basis:33.33%\">\n<figure class=\"wp-block-image size-full\"><img loading=\"lazy\" decoding=\"async\" width=\"512\" height=\"512\" src=\"https:\/\/martinproperty.es\/wp-content\/uploads\/2024\/04\/Make-offer-to-buy-property-Spain.png\" alt=\"\" class=\"wp-image-394\"\/><\/figure>\n<\/div>\n\n\n\n<div class=\"wp-block-column is-layout-flow wp-block-column-is-layout-flow\" style=\"flex-basis:66.66%\">\n<h3 class=\"wp-block-heading\">Paso 3: Hacer una oferta<\/h3>\n\n\n\n<ol class=\"wp-block-list\">\n<li>Negociaci\u00f3n: Una vez que has encontrado una propiedad que te gusta, negociamos el mejor precio de compra posible con el vendedor o su agente, teniendo en cuenta factores como el valor de mercado, el estado de la propiedad y las reparaciones o reformas necesarias.<\/li>\n\n\n\n<li>Oferta formal: Una vez que ambas partes est\u00e1n de acuerdo en el precio de compra, formalizamos la oferta por escrito con un acuerdo de reserva para especificar cualquier condici\u00f3n o contingencia, como la aprobaci\u00f3n de la financiaci\u00f3n o las inspecciones de la propiedad. Se depositar\u00e1 una fianza, normalmente de 6.000 a 10.000 euros, como se\u00f1al de tu seria intenci\u00f3n.<\/li>\n<\/ol>\n<\/div>\n<\/div>\n\n\n\n<div class=\"wp-block-columns is-layout-flex wp-container-core-columns-is-layout-9d6595d7 wp-block-columns-is-layout-flex\">\n<div class=\"wp-block-column is-layout-flow wp-block-column-is-layout-flow\" style=\"flex-basis:66.66%\">\n<h3 class=\"wp-block-heading\">Paso 4: Proceso de compra<\/h3>\n\n\n\n<ol class=\"wp-block-list\">\n<li>Contrata a un abogado: Te presentaremos uno de los mejores bufetes de abogados locales y, por lo general, te acompa\u00f1aremos en una visita inicial para discutir todos los aspectos de la compra de la propiedad. Es habitual otorgar a tu abogado un Poder Notarial ( POA ) que se tramita f\u00e1cilmente en la notar\u00eda local, con un POA, nuestro abogado revisar\u00e1 todos los documentos legales, realizar\u00e1 b\u00fasquedas de t\u00edtulos y representar\u00e1 tus mejores intereses durante todo el proceso de compra.<\/li>\n\n\n\n<li>Firma del contrato de compraventa: Una vez completadas todas las diligencias legales, tu abogado firmar\u00e1 el contrato de compraventa (contrato de arras). Este contrato suele exigir un dep\u00f3sito, que suele rondar el 10% del precio de compra.<\/li>\n\n\n\n<li>Finalizaci\u00f3n: En la fecha de cierre acordada, finaliza la compra del inmueble firmando la escritura de compraventa ante notario. Paga el saldo restante y los impuestos y tasas aplicables.<\/li>\n<\/ol>\n<\/div>\n\n\n\n<div class=\"wp-block-column is-layout-flow wp-block-column-is-layout-flow\" style=\"flex-basis:33.33%\">\n<figure class=\"wp-block-image size-full\"><img loading=\"lazy\" decoding=\"async\" width=\"512\" height=\"512\" src=\"https:\/\/martinproperty.es\/wp-content\/uploads\/2024\/04\/Property-purchase-procedure-Spain.png\" alt=\"\" class=\"wp-image-390\"\/><\/figure>\n<\/div>\n<\/div>\n\n\n\n<div class=\"wp-block-columns is-layout-flex wp-container-core-columns-is-layout-9d6595d7 wp-block-columns-is-layout-flex\">\n<div class=\"wp-block-column is-layout-flow wp-block-column-is-layout-flow\" style=\"flex-basis:33.33%\">\n<figure class=\"wp-block-image size-full\"><img loading=\"lazy\" decoding=\"async\" width=\"512\" height=\"512\" src=\"https:\/\/martinproperty.es\/wp-content\/uploads\/2024\/04\/Paperwork-property-purchase.png\" alt=\"\" class=\"wp-image-392\"\/><\/figure>\n<\/div>\n\n\n\n<div class=\"wp-block-column is-layout-flow wp-block-column-is-layout-flow\" style=\"flex-basis:66.66%\">\n<h3 class=\"wp-block-heading\">Paso 5: Consideraciones posteriores a la compra<\/h3>\n\n\n\n<ol class=\"wp-block-list\">\n<li>Los siguientes pasos ser\u00e1n organizados por tu abogado, y es habitual disponer de un poder notarial para que puedan llevarse a cabo en tu ausencia. Martin Property Marbella puede recomendarte un excelente bufete de abogados.<\/li>\n\n\n\n<li>Registro de la Propiedad: Registra la propiedad a tu nombre en el Registro de la Propiedad espa\u00f1ol.<\/li>\n\n\n\n<li>Servicios p\u00fablicos: Organiza la transferencia a tu nombre de servicios p\u00fablicos como el agua, la electricidad y el gas.<\/li>\n\n\n\n<li>Obligaciones fiscales: Comprende tus obligaciones fiscales como propietario en Espa\u00f1a, incluidos los impuestos sobre bienes inmuebles (IBI), el impuesto sobre la renta y el impuesto sobre el patrimonio.<\/li>\n\n\n\n<li>Residencia: Si piensas residir en Espa\u00f1a permanentemente, considera la posibilidad de solicitar la residencia y obtener un NIE espa\u00f1ol (N\u00famero de Identificaci\u00f3n de Extranjero) a efectos fiscales y legales.<\/li>\n<\/ol>\n<\/div>\n<\/div>\n<\/div>\n\n<h3 class=\"wp-block-heading\">Conclusi\u00f3n:<\/h3>\n\n<p>Comprar una vivienda en la Costa del Sol puede ser una inversi\u00f3n gratificante y una elecci\u00f3n de estilo de vida. Investigando a fondo, buscando asesoramiento profesional y comprendiendo los aspectos legales y financieros del proceso de compra, podr\u00e1s navegar por el proceso con confianza y adquirir con \u00e9xito la propiedad de tus sue\u00f1os en esta impresionante regi\u00f3n de Espa\u00f1a.<\/p>\n\n<figure class=\"wp-block-image size-large\"><img loading=\"lazy\" decoding=\"async\" width=\"1200\" height=\"516\" src=\"https:\/\/martinproperty.es\/wp-content\/uploads\/2024\/04\/Buying-a-property-on-Costa-del-Sol-1200x516.jpg\" alt=\"\" class=\"wp-image-397\"\/><\/figure>\n","protected":false},"excerpt":{"rendered":"<p>Comprar una propiedad en la Costa del Sol con Martin Property Marbella SL Comprar una propiedad en la Costa del Sol, Espa\u00f1a, puede ser una empresa emocionante y gratificante. Conocida por sus impresionantes playas, su excelente clima y su vibrante cultura, la Costa del Sol atrae a compradores de propiedades de todo el mundo; sin [&hellip;]<\/p>\n","protected":false},"author":1,"featured_media":557,"parent":0,"menu_order":0,"comment_status":"closed","ping_status":"closed","template":"","meta":{"_acf_changed":false,"footnotes":""},"class_list":["post-576","page","type-page","status-publish","has-post-thumbnail","hentry"],"acf":[],"yoast_head":"<!-- This site is optimized with the Yoast SEO plugin v25.1 - https:\/\/yoast.com\/wordpress\/plugins\/seo\/ -->\n<title>Martin Property Marbella<\/title>\n<meta name=\"robots\" content=\"index, follow, max-snippet:-1, max-image-preview:large, max-video-preview:-1\" \/>\n<link rel=\"canonical\" href=\"https:\/\/martinproperty.es\/buying-selling-property-on-costa-del-sol\/\" \/>\n<meta property=\"og:locale\" content=\"es_ES\" \/>\n<meta property=\"og:type\" content=\"article\" \/>\n<meta property=\"og:title\" content=\"Compra y Venta de Propiedades en la Costa del Sol - Martin Property Marbella\" \/>\n<meta property=\"og:description\" content=\"Comprar una propiedad en la Costa del Sol con Martin Property Marbella SL Comprar una propiedad en la Costa del Sol, Espa\u00f1a, puede ser una empresa emocionante y gratificante. Conocida por sus impresionantes playas, su excelente clima y su vibrante cultura, la Costa del Sol atrae a compradores de propiedades de todo el mundo; sin [&hellip;]\" \/>\n<meta property=\"og:url\" content=\"https:\/\/martinproperty.es\/buying-selling-property-on-costa-del-sol\/\" \/>\n<meta property=\"og:site_name\" content=\"Martin Property Marbella\" \/>\n<meta property=\"article:modified_time\" content=\"2024-04-30T14:37:44+00:00\" \/>\n<meta property=\"og:image\" content=\"https:\/\/martinproperty.es\/wp-content\/uploads\/2024\/04\/Guide-Buying-Selling-Property-Marbella-Spain.webp\" \/>\n\t<meta property=\"og:image:width\" content=\"2500\" \/>\n\t<meta property=\"og:image:height\" content=\"1119\" \/>\n\t<meta property=\"og:image:type\" content=\"image\/webp\" \/>\n<meta name=\"twitter:card\" content=\"summary_large_image\" \/>\n<meta name=\"twitter:label1\" content=\"Tiempo de lectura\" \/>\n\t<meta name=\"twitter:data1\" content=\"5 minutos\" \/>\n<script type=\"application\/ld+json\" class=\"yoast-schema-graph\">{\"@context\":\"https:\/\/schema.org\",\"@graph\":[{\"@type\":\"WebPage\",\"@id\":\"https:\/\/martinproperty.es\/buying-selling-property-on-costa-del-sol\/\",\"url\":\"https:\/\/martinproperty.es\/buying-selling-property-on-costa-del-sol\/\",\"name\":\"Compra y Venta de Propiedades en la Costa del Sol - Martin Property Marbella\",\"isPartOf\":{\"@id\":\"https:\/\/martinproperty.es\/#website\"},\"primaryImageOfPage\":{\"@id\":\"https:\/\/martinproperty.es\/buying-selling-property-on-costa-del-sol\/#primaryimage\"},\"image\":{\"@id\":\"https:\/\/martinproperty.es\/buying-selling-property-on-costa-del-sol\/#primaryimage\"},\"thumbnailUrl\":\"https:\/\/martinproperty.es\/wp-content\/uploads\/2024\/04\/Guide-Buying-Selling-Property-Marbella-Spain.webp\",\"datePublished\":\"2024-04-25T17:35:38+00:00\",\"dateModified\":\"2024-04-30T14:37:44+00:00\",\"breadcrumb\":{\"@id\":\"https:\/\/martinproperty.es\/buying-selling-property-on-costa-del-sol\/#breadcrumb\"},\"inLanguage\":\"es\",\"potentialAction\":[{\"@type\":\"ReadAction\",\"target\":[\"https:\/\/martinproperty.es\/buying-selling-property-on-costa-del-sol\/\"]}]},{\"@type\":\"ImageObject\",\"inLanguage\":\"es\",\"@id\":\"https:\/\/martinproperty.es\/buying-selling-property-on-costa-del-sol\/#primaryimage\",\"url\":\"https:\/\/martinproperty.es\/wp-content\/uploads\/2024\/04\/Guide-Buying-Selling-Property-Marbella-Spain.webp\",\"contentUrl\":\"https:\/\/martinproperty.es\/wp-content\/uploads\/2024\/04\/Guide-Buying-Selling-Property-Marbella-Spain.webp\",\"width\":2500,\"height\":1119},{\"@type\":\"BreadcrumbList\",\"@id\":\"https:\/\/martinproperty.es\/buying-selling-property-on-costa-del-sol\/#breadcrumb\",\"itemListElement\":[{\"@type\":\"ListItem\",\"position\":1,\"name\":\"Home\",\"item\":\"https:\/\/martinproperty.es\/es\/\"},{\"@type\":\"ListItem\",\"position\":2,\"name\":\"Compra y Venta de Propiedades en la Costa del Sol\"}]},{\"@type\":\"WebSite\",\"@id\":\"https:\/\/martinproperty.es\/#website\",\"url\":\"https:\/\/martinproperty.es\/\",\"name\":\"Martin Property Marbella\",\"description\":\"\",\"publisher\":{\"@id\":\"https:\/\/martinproperty.es\/#organization\"},\"potentialAction\":[{\"@type\":\"SearchAction\",\"target\":{\"@type\":\"EntryPoint\",\"urlTemplate\":\"https:\/\/martinproperty.es\/?s={search_term_string}\"},\"query-input\":{\"@type\":\"PropertyValueSpecification\",\"valueRequired\":true,\"valueName\":\"search_term_string\"}}],\"inLanguage\":\"es\"},{\"@type\":\"Organization\",\"@id\":\"https:\/\/martinproperty.es\/#organization\",\"name\":\"Martin Property Marbella\",\"url\":\"https:\/\/martinproperty.es\/\",\"logo\":{\"@type\":\"ImageObject\",\"inLanguage\":\"es\",\"@id\":\"https:\/\/martinproperty.es\/#\/schema\/logo\/image\/\",\"url\":\"https:\/\/martinproperty.es\/wp-content\/uploads\/2024\/06\/Martin-Property-Marbella-4.svg\",\"contentUrl\":\"https:\/\/martinproperty.es\/wp-content\/uploads\/2024\/06\/Martin-Property-Marbella-4.svg\",\"caption\":\"Martin Property Marbella\"},\"image\":{\"@id\":\"https:\/\/martinproperty.es\/#\/schema\/logo\/image\/\"}}]}<\/script>\n<!-- \/ Yoast SEO plugin. -->","yoast_head_json":{"title":"Martin Property Marbella","robots":{"index":"index","follow":"follow","max-snippet":"max-snippet:-1","max-image-preview":"max-image-preview:large","max-video-preview":"max-video-preview:-1"},"canonical":"https:\/\/martinproperty.es\/buying-selling-property-on-costa-del-sol\/","og_locale":"es_ES","og_type":"article","og_title":"Compra y Venta de Propiedades en la Costa del Sol - Martin Property Marbella","og_description":"Comprar una propiedad en la Costa del Sol con Martin Property Marbella SL Comprar una propiedad en la Costa del Sol, Espa\u00f1a, puede ser una empresa emocionante y gratificante. Conocida por sus impresionantes playas, su excelente clima y su vibrante cultura, la Costa del Sol atrae a compradores de propiedades de todo el mundo; sin [&hellip;]","og_url":"https:\/\/martinproperty.es\/buying-selling-property-on-costa-del-sol\/","og_site_name":"Martin Property Marbella","article_modified_time":"2024-04-30T14:37:44+00:00","og_image":[{"width":2500,"height":1119,"url":"https:\/\/martinproperty.es\/wp-content\/uploads\/2024\/04\/Guide-Buying-Selling-Property-Marbella-Spain.webp","type":"image\/webp"}],"twitter_card":"summary_large_image","twitter_misc":{"Tiempo de lectura":"5 minutos"},"schema":{"@context":"https:\/\/schema.org","@graph":[{"@type":"WebPage","@id":"https:\/\/martinproperty.es\/buying-selling-property-on-costa-del-sol\/","url":"https:\/\/martinproperty.es\/buying-selling-property-on-costa-del-sol\/","name":"Compra y Venta de Propiedades en la Costa del Sol - Martin Property Marbella","isPartOf":{"@id":"https:\/\/martinproperty.es\/#website"},"primaryImageOfPage":{"@id":"https:\/\/martinproperty.es\/buying-selling-property-on-costa-del-sol\/#primaryimage"},"image":{"@id":"https:\/\/martinproperty.es\/buying-selling-property-on-costa-del-sol\/#primaryimage"},"thumbnailUrl":"https:\/\/martinproperty.es\/wp-content\/uploads\/2024\/04\/Guide-Buying-Selling-Property-Marbella-Spain.webp","datePublished":"2024-04-25T17:35:38+00:00","dateModified":"2024-04-30T14:37:44+00:00","breadcrumb":{"@id":"https:\/\/martinproperty.es\/buying-selling-property-on-costa-del-sol\/#breadcrumb"},"inLanguage":"es","potentialAction":[{"@type":"ReadAction","target":["https:\/\/martinproperty.es\/buying-selling-property-on-costa-del-sol\/"]}]},{"@type":"ImageObject","inLanguage":"es","@id":"https:\/\/martinproperty.es\/buying-selling-property-on-costa-del-sol\/#primaryimage","url":"https:\/\/martinproperty.es\/wp-content\/uploads\/2024\/04\/Guide-Buying-Selling-Property-Marbella-Spain.webp","contentUrl":"https:\/\/martinproperty.es\/wp-content\/uploads\/2024\/04\/Guide-Buying-Selling-Property-Marbella-Spain.webp","width":2500,"height":1119},{"@type":"BreadcrumbList","@id":"https:\/\/martinproperty.es\/buying-selling-property-on-costa-del-sol\/#breadcrumb","itemListElement":[{"@type":"ListItem","position":1,"name":"Home","item":"https:\/\/martinproperty.es\/es\/"},{"@type":"ListItem","position":2,"name":"Compra y Venta de Propiedades en la Costa del Sol"}]},{"@type":"WebSite","@id":"https:\/\/martinproperty.es\/#website","url":"https:\/\/martinproperty.es\/","name":"Martin Property Marbella","description":"","publisher":{"@id":"https:\/\/martinproperty.es\/#organization"},"potentialAction":[{"@type":"SearchAction","target":{"@type":"EntryPoint","urlTemplate":"https:\/\/martinproperty.es\/?s={search_term_string}"},"query-input":{"@type":"PropertyValueSpecification","valueRequired":true,"valueName":"search_term_string"}}],"inLanguage":"es"},{"@type":"Organization","@id":"https:\/\/martinproperty.es\/#organization","name":"Martin Property Marbella","url":"https:\/\/martinproperty.es\/","logo":{"@type":"ImageObject","inLanguage":"es","@id":"https:\/\/martinproperty.es\/#\/schema\/logo\/image\/","url":"https:\/\/martinproperty.es\/wp-content\/uploads\/2024\/06\/Martin-Property-Marbella-4.svg","contentUrl":"https:\/\/martinproperty.es\/wp-content\/uploads\/2024\/06\/Martin-Property-Marbella-4.svg","caption":"Martin Property Marbella"},"image":{"@id":"https:\/\/martinproperty.es\/#\/schema\/logo\/image\/"}}]}},"_links":{"self":[{"href":"https:\/\/martinproperty.es\/es\/wp-json\/wp\/v2\/pages\/576","targetHints":{"allow":["GET"]}}],"collection":[{"href":"https:\/\/martinproperty.es\/es\/wp-json\/wp\/v2\/pages"}],"about":[{"href":"https:\/\/martinproperty.es\/es\/wp-json\/wp\/v2\/types\/page"}],"author":[{"embeddable":true,"href":"https:\/\/martinproperty.es\/es\/wp-json\/wp\/v2\/users\/1"}],"replies":[{"embeddable":true,"href":"https:\/\/martinproperty.es\/es\/wp-json\/wp\/v2\/comments?post=576"}],"version-history":[{"count":1,"href":"https:\/\/martinproperty.es\/es\/wp-json\/wp\/v2\/pages\/576\/revisions"}],"predecessor-version":[{"id":579,"href":"https:\/\/martinproperty.es\/es\/wp-json\/wp\/v2\/pages\/576\/revisions\/579"}],"wp:featuredmedia":[{"embeddable":true,"href":"https:\/\/martinproperty.es\/es\/wp-json\/wp\/v2\/media\/557"}],"wp:attachment":[{"href":"https:\/\/martinproperty.es\/es\/wp-json\/wp\/v2\/media?parent=576"}],"curies":[{"name":"wp","href":"https:\/\/api.w.org\/{rel}","templated":true}]}}