{"id":600,"date":"2024-05-01T21:57:30","date_gmt":"2024-05-01T20:57:30","guid":{"rendered":"https:\/\/martinproperty.es\/testimonios\/"},"modified":"2024-11-05T12:14:44","modified_gmt":"2024-11-05T12:14:44","slug":"testimonios","status":"publish","type":"page","link":"https:\/\/martinproperty.es\/es\/testimonios\/","title":{"rendered":"Testimonios"},"content":{"rendered":"\n<div class=\"wp-block-group mart-testi-container\"><div class=\"wp-block-group__inner-container is-layout-constrained wp-block-group-is-layout-constrained\">\n<div class=\"wp-block-group rei-video-testimonials\"><div class=\"wp-block-group__inner-container is-layout-constrained wp-block-group-is-layout-constrained\">\n<figure class=\"wp-block-video\"><video height=\"1080\" style=\"aspect-ratio: 610 \/ 1080;\" width=\"610\" controls=\"\" muted=\"\" src=\"https:\/\/martinproperty.es\/wp-content\/uploads\/2024\/11\/Recommended-Property-Agent-rural-Spain.mp4\"><\/video><\/figure>\n\n\n\n<figure class=\"wp-block-video\"><video height=\"1080\" style=\"aspect-ratio: 1080 \/ 1080;\" width=\"1080\" controls=\"\" muted=\"\" src=\"https:\/\/martinproperty.es\/wp-content\/uploads\/2024\/11\/Recommended-Property-Agent-Marbella.mp4\"><\/video><\/figure>\n\n\n\n<figure class=\"wp-block-video mart-secondary-videotesti\"><video height=\"1080\" style=\"aspect-ratio: 608 \/ 1080;\" width=\"608\" controls=\"\" muted=\"\" src=\"https:\/\/martinproperty.es\/wp-content\/uploads\/2024\/11\/Property-Agent-recommendation-Mijas.mp4\"><\/video><\/figure>\n<\/div><\/div>\n\n\n<div class='rei-testimonials-box  '>\n\t    \t\t<div class='rei-testimonial'><div class='rei-testimonial-thumb'><img loading=\"lazy\" decoding=\"async\" width=\"640\" height=\"480\" src=\"https:\/\/martinproperty.es\/wp-content\/uploads\/2024\/02\/Ann-and-Peter-reference-1200x900.webp\" class=\"attachment-large size-large wp-post-image\" alt=\"Ann and Peter Reference\" \/><\/div><h3>Ann &#038; Peter Arvidsson<\/h3><div class='rei-testimonial-body'>We really want to recommend Martin property. They have been knowledgeable, patient and very pleasant during our house buying process in Marbella.<br \/>\r\nMartin and Christina provide a personal service that creates security for us as customers.<br \/>\r\n<br \/>\r\nKind regards, Ann and Peter Arvidsson<\/div><\/div>\n\n\t    \t\t<div class='rei-testimonial'><div class='rei-testimonial-thumb'><img loading=\"lazy\" decoding=\"async\" width=\"640\" height=\"360\" src=\"https:\/\/martinproperty.es\/wp-content\/uploads\/2024\/02\/Testimonial-Real-Estate-Agent-La-Cala.webp\" class=\"attachment-large size-large wp-post-image\" alt=\"Testimonial Real Estate Agent La Cala\" \/><\/div><h3>Dave &#038; Joan Williams<\/h3><div class='rei-testimonial-body'><div class=\"docx-wrapper\"><section class=\"docx\"><article>Martin Properties expertise and local knowledge were invaluable before, during and following the purchase of our apartment in La Cala. With Martin\u2019s help we were able to buy the perfect property and Christina project managed the improvements we wanted to personalise it, dealing with all tradesmen, and ordering all items required. Christina also took care of the paperwork we needed to rent the property out when we\u2019re not there. Martin and Christina look after the apartment and manage rentals which are now increasing nicely. They really are a one-stop shop and we can\u2019t thank Martin and Christina enough for making the whole process stress-free and enjoyable.<\/article><\/section><\/div><\/div><\/div>\n\n\t    \t\t<div class='rei-testimonial'><div class='rei-testimonial-thumb'><img loading=\"lazy\" decoding=\"async\" width=\"296\" height=\"222\" src=\"https:\/\/martinproperty.es\/wp-content\/uploads\/2024\/02\/Property-Broker-Testimonial-Estepona-Carina.webp\" class=\"attachment-large size-large wp-post-image\" alt=\"Property Broker Testimonial Estepona Carina\" \/><\/div><h3>Carina &#038; Bj\u00f6rn Sundqvist<\/h3><div class='rei-testimonial-body'>Martin and Chris helped us find our lovely place in the sun. We hade the most perfect support during the whole process \u2013 from the nice to\/need to list until the apartment was ready and we moved in. The support of someone with excellent knowledge about Estepona as well as cultural insight is invaluable during the process.<br \/>\r\n<br \/>\r\nThanks to both of you!<br \/>\r\n\/Bj\u00f6rn and Carina<\/div><\/div>\n\n\t    \t\t<div class='rei-testimonial'><div class='rei-testimonial-thumb'><img loading=\"lazy\" decoding=\"async\" width=\"640\" height=\"320\" src=\"https:\/\/martinproperty.es\/wp-content\/uploads\/2024\/02\/Jardines-de-las-Lagunas-pic-1200x600.webp\" class=\"attachment-large size-large wp-post-image\" alt=\"\" \/><\/div><h3>Barbro Andersson &amp; Gunnar St\u00e5lnacke<\/h3><div class='rei-testimonial-body'><span lang=\"SV\">Vi kan verkligen rekommendera <\/span><span lang=\"SV\">Martin<\/span><span lang=\"SV\"> Property, vi hade Christina Storg\u00e5rds som v\u00e5r m\u00e4klare och \u00e4r s\u00e5 n\u00f6jda med all hennes kunskap. <\/span><span lang=\"SV\">Allt fr\u00e5n att visa oss l\u00e4genheter som motsvarade v\u00e5ra \u00f6nskem\u00e5l, och med mycket bra lokal k\u00e4nnedom med ex. restaurang tips.<\/span><br \/>\r\n<p class=\"xxmsonormal\"><span lang=\"SV\">Vi var trygga med Christinas k\u00e4nnedom om bl.a k\u00f6peavtalet och alla steg i att k\u00f6pa en l\u00e4genhet. <\/span><span lang=\"SV\">Vi hade f\u00f6rm\u00e5nen att st\u00e4lla m\u00e5nga fr\u00e5gor och Christina var hj\u00e4lpsam fr\u00e5n f\u00f6rsta kontakt till k\u00f6pet av l\u00e4genhet och \u00e4ven efter det<\/span><span lang=\"SV\">\ud83d\ude0a<\/span><\/p><br \/>\r\n<p class=\"xxmsonormal\"><span lang=\"SV\">Sist men inte minst, kul att tr\u00e4ffa en m\u00e4klare som \u00e4r duktig p\u00e5 sitt jobb och dessutom med glimten i \u00f6gat<\/span><span lang=\"SV\">\ud83d\ude0a<\/span><\/p><\/div><\/div>\n\n\t    \t\t<div class='rei-testimonial'><div class='rei-testimonial-thumb'><img loading=\"lazy\" decoding=\"async\" width=\"640\" height=\"810\" src=\"https:\/\/martinproperty.es\/wp-content\/uploads\/2024\/02\/Testimonial-Property-Agents-Yvonne.webp\" class=\"attachment-large size-large wp-post-image\" alt=\"\" \/><\/div><h3>Yvonne &amp; Olle Ahlfors<\/h3><div class='rei-testimonial-body'>Vi kan varmt rekommendera Martin Property om du planerar bostadsk\u00f6p p\u00e5 solkusten. Tack vare deras lokalk\u00e4nnedom hittade de snabbt just en s\u00e5dan l\u00e4genhet som vi letade efter och som passar oss. Som de proffs de \u00e4r gick k\u00f6pet utan problem. Vi har \u00e4ven efter k\u00f6pet f\u00e5tt mycket hj\u00e4lp, ocks\u00e5 s\u00e5dan hj\u00e4lp som kanske inte h\u00f6r till deras verksamhets-omr\u00e5de.<br \/>\r\n<br \/>\r\nTack f\u00f6r det.<br \/>\r\nVonne och Olle Ahlfors<\/div><\/div>\n\n\t    \t\t<div class='rei-testimonial'><div class='rei-testimonial-thumb'><img loading=\"lazy\" decoding=\"async\" width=\"640\" height=\"426\" src=\"https:\/\/martinproperty.es\/wp-content\/uploads\/2024\/04\/Holiday-Rental-La-Quinta-with-Pool.webp\" class=\"attachment-large size-large wp-post-image\" alt=\"Holiday Rental La Quinta with Pool\" \/><\/div><h3>Peter &#038; Ildika<\/h3><div class='rei-testimonial-body'>We highly recommend Martin Flanagan (Martin Property Marbella) as a real estate agent. He works in the Malaga region of southern Spain and helped us find the perfect apartment. He thoroughly considered our preferences and financial resources throughout the search process, ensuring a smooth and well-guided experience. Martin organized in-person viewings for the apartments we selected and assisted us in choosing a legal firm for the purchase process. Thanks to his support, we were able to secure an excellent apartment.<br \/>\r\n<br \/>\r\nToday, Martin &amp; Christina also helps us with property management, advertising our apartment on various platforms and handling all operational matters with efficiency and care. We warmly recommend him to anyone who has a busy schedule and needs a trustworthy professional for both property search and rental management.<\/div><\/div>\n\n\t    \t\t<div class='rei-testimonial'><div class='rei-testimonial-thumb'><img loading=\"lazy\" decoding=\"async\" width=\"640\" height=\"707\" src=\"https:\/\/martinproperty.es\/wp-content\/uploads\/2024\/02\/Real-Estate-Client-Testimonial-Marie.webp\" class=\"attachment-large size-large wp-post-image\" alt=\"Real Estate Client Testimonial Marie\" \/><\/div><h3>Marie Strange<\/h3><div class='rei-testimonial-body'>Christina and Martin are very professional with an amazing local knowledge of Marbella and surrounding areas. They have a great network of contacts, and guided us through the whole purchasing process from start to finish.\u00a0 They are both very experienced and helpful.<br \/>\r\nTheir efficient assistance made the process of buying our dream home in the sun go very smoothly.<br \/>\r\n<br \/>\r\nHighly\u00a0recommended!<\/div><\/div>\n\t\t    <\/div>\n<\/div><\/div>\n","protected":false},"excerpt":{"rendered":"","protected":false},"author":1,"featured_media":0,"parent":0,"menu_order":0,"comment_status":"closed","ping_status":"closed","template":"","meta":{"_acf_changed":false,"footnotes":""},"class_list":["post-600","page","type-page","status-publish","hentry"],"acf":[],"yoast_head":"<!-- This site is optimized with the Yoast SEO plugin v25.1 - https:\/\/yoast.com\/wordpress\/plugins\/seo\/ -->\n<title>Martin Property Marbella<\/title>\n<meta name=\"robots\" content=\"index, follow, max-snippet:-1, max-image-preview:large, max-video-preview:-1\" \/>\n<link rel=\"canonical\" href=\"https:\/\/martinproperty.es\/es\/testimonios\/\" \/>\n<meta property=\"og:locale\" content=\"es_ES\" \/>\n<meta property=\"og:type\" content=\"article\" \/>\n<meta property=\"og:title\" content=\"Testimonios - Martin Property Marbella\" \/>\n<meta property=\"og:url\" content=\"https:\/\/martinproperty.es\/es\/testimonios\/\" \/>\n<meta property=\"og:site_name\" content=\"Martin Property Marbella\" \/>\n<meta property=\"article:modified_time\" content=\"2024-11-05T12:14:44+00:00\" \/>\n<meta name=\"twitter:card\" content=\"summary_large_image\" \/>\n<script type=\"application\/ld+json\" class=\"yoast-schema-graph\">{\"@context\":\"https:\/\/schema.org\",\"@graph\":[{\"@type\":\"WebPage\",\"@id\":\"https:\/\/martinproperty.es\/es\/testimonios\/\",\"url\":\"https:\/\/martinproperty.es\/es\/testimonios\/\",\"name\":\"Testimonios - Martin Property Marbella\",\"isPartOf\":{\"@id\":\"https:\/\/martinproperty.es\/#website\"},\"datePublished\":\"2024-05-01T20:57:30+00:00\",\"dateModified\":\"2024-11-05T12:14:44+00:00\",\"breadcrumb\":{\"@id\":\"https:\/\/martinproperty.es\/es\/testimonios\/#breadcrumb\"},\"inLanguage\":\"es\",\"potentialAction\":[{\"@type\":\"ReadAction\",\"target\":[\"https:\/\/martinproperty.es\/es\/testimonios\/\"]}]},{\"@type\":\"BreadcrumbList\",\"@id\":\"https:\/\/martinproperty.es\/es\/testimonios\/#breadcrumb\",\"itemListElement\":[{\"@type\":\"ListItem\",\"position\":1,\"name\":\"Home\",\"item\":\"https:\/\/martinproperty.es\/es\/\"},{\"@type\":\"ListItem\",\"position\":2,\"name\":\"Testimonios\"}]},{\"@type\":\"WebSite\",\"@id\":\"https:\/\/martinproperty.es\/#website\",\"url\":\"https:\/\/martinproperty.es\/\",\"name\":\"Martin Property Marbella\",\"description\":\"\",\"publisher\":{\"@id\":\"https:\/\/martinproperty.es\/#organization\"},\"potentialAction\":[{\"@type\":\"SearchAction\",\"target\":{\"@type\":\"EntryPoint\",\"urlTemplate\":\"https:\/\/martinproperty.es\/?s={search_term_string}\"},\"query-input\":{\"@type\":\"PropertyValueSpecification\",\"valueRequired\":true,\"valueName\":\"search_term_string\"}}],\"inLanguage\":\"es\"},{\"@type\":\"Organization\",\"@id\":\"https:\/\/martinproperty.es\/#organization\",\"name\":\"Martin Property Marbella\",\"url\":\"https:\/\/martinproperty.es\/\",\"logo\":{\"@type\":\"ImageObject\",\"inLanguage\":\"es\",\"@id\":\"https:\/\/martinproperty.es\/#\/schema\/logo\/image\/\",\"url\":\"https:\/\/martinproperty.es\/wp-content\/uploads\/2024\/06\/Martin-Property-Marbella-4.svg\",\"contentUrl\":\"https:\/\/martinproperty.es\/wp-content\/uploads\/2024\/06\/Martin-Property-Marbella-4.svg\",\"caption\":\"Martin Property Marbella\"},\"image\":{\"@id\":\"https:\/\/martinproperty.es\/#\/schema\/logo\/image\/\"}}]}<\/script>\n<!-- \/ Yoast SEO plugin. -->","yoast_head_json":{"title":"Martin Property Marbella","robots":{"index":"index","follow":"follow","max-snippet":"max-snippet:-1","max-image-preview":"max-image-preview:large","max-video-preview":"max-video-preview:-1"},"canonical":"https:\/\/martinproperty.es\/es\/testimonios\/","og_locale":"es_ES","og_type":"article","og_title":"Testimonios - Martin Property Marbella","og_url":"https:\/\/martinproperty.es\/es\/testimonios\/","og_site_name":"Martin Property Marbella","article_modified_time":"2024-11-05T12:14:44+00:00","twitter_card":"summary_large_image","schema":{"@context":"https:\/\/schema.org","@graph":[{"@type":"WebPage","@id":"https:\/\/martinproperty.es\/es\/testimonios\/","url":"https:\/\/martinproperty.es\/es\/testimonios\/","name":"Testimonios - Martin Property Marbella","isPartOf":{"@id":"https:\/\/martinproperty.es\/#website"},"datePublished":"2024-05-01T20:57:30+00:00","dateModified":"2024-11-05T12:14:44+00:00","breadcrumb":{"@id":"https:\/\/martinproperty.es\/es\/testimonios\/#breadcrumb"},"inLanguage":"es","potentialAction":[{"@type":"ReadAction","target":["https:\/\/martinproperty.es\/es\/testimonios\/"]}]},{"@type":"BreadcrumbList","@id":"https:\/\/martinproperty.es\/es\/testimonios\/#breadcrumb","itemListElement":[{"@type":"ListItem","position":1,"name":"Home","item":"https:\/\/martinproperty.es\/es\/"},{"@type":"ListItem","position":2,"name":"Testimonios"}]},{"@type":"WebSite","@id":"https:\/\/martinproperty.es\/#website","url":"https:\/\/martinproperty.es\/","name":"Martin Property Marbella","description":"","publisher":{"@id":"https:\/\/martinproperty.es\/#organization"},"potentialAction":[{"@type":"SearchAction","target":{"@type":"EntryPoint","urlTemplate":"https:\/\/martinproperty.es\/?s={search_term_string}"},"query-input":{"@type":"PropertyValueSpecification","valueRequired":true,"valueName":"search_term_string"}}],"inLanguage":"es"},{"@type":"Organization","@id":"https:\/\/martinproperty.es\/#organization","name":"Martin Property Marbella","url":"https:\/\/martinproperty.es\/","logo":{"@type":"ImageObject","inLanguage":"es","@id":"https:\/\/martinproperty.es\/#\/schema\/logo\/image\/","url":"https:\/\/martinproperty.es\/wp-content\/uploads\/2024\/06\/Martin-Property-Marbella-4.svg","contentUrl":"https:\/\/martinproperty.es\/wp-content\/uploads\/2024\/06\/Martin-Property-Marbella-4.svg","caption":"Martin Property Marbella"},"image":{"@id":"https:\/\/martinproperty.es\/#\/schema\/logo\/image\/"}}]}},"_links":{"self":[{"href":"https:\/\/martinproperty.es\/es\/wp-json\/wp\/v2\/pages\/600","targetHints":{"allow":["GET"]}}],"collection":[{"href":"https:\/\/martinproperty.es\/es\/wp-json\/wp\/v2\/pages"}],"about":[{"href":"https:\/\/martinproperty.es\/es\/wp-json\/wp\/v2\/types\/page"}],"author":[{"embeddable":true,"href":"https:\/\/martinproperty.es\/es\/wp-json\/wp\/v2\/users\/1"}],"replies":[{"embeddable":true,"href":"https:\/\/martinproperty.es\/es\/wp-json\/wp\/v2\/comments?post=600"}],"version-history":[{"count":7,"href":"https:\/\/martinproperty.es\/es\/wp-json\/wp\/v2\/pages\/600\/revisions"}],"predecessor-version":[{"id":2036,"href":"https:\/\/martinproperty.es\/es\/wp-json\/wp\/v2\/pages\/600\/revisions\/2036"}],"wp:attachment":[{"href":"https:\/\/martinproperty.es\/es\/wp-json\/wp\/v2\/media?parent=600"}],"curies":[{"name":"wp","href":"https:\/\/api.w.org\/{rel}","templated":true}]}}