{"id":1292,"date":"2024-06-03T10:00:38","date_gmt":"2024-06-03T09:00:38","guid":{"rendered":"https:\/\/martinproperty.es\/listning-rekommenderad\/"},"modified":"2025-07-28T13:40:40","modified_gmt":"2025-07-28T12:40:40","slug":"annonser-rekommenderat","status":"publish","type":"page","link":"https:\/\/martinproperty.es\/sv\/annonser-rekommenderat\/","title":{"rendered":"Annonser &amp; rekommenderat"},"content":{"rendered":"\n<p class=\"mart-intro\">V\u00e5ra listor och ett urval av n\u00e5gra av v\u00e5ra favoritobjekt p\u00e5 marknaden idag<\/p>\n\n\n\n<div style=\"height:40px\" aria-hidden=\"true\" class=\"wp-block-spacer\"><\/div>\n\n\n\n<div class=\"wp-block-group mart-fullwidth\"><div class=\"wp-block-group__inner-container is-layout-constrained wp-block-group-is-layout-constrained\">\n\t\t\t<div class=\"rei-property-box \"><div class='rei-search-result'><div class='rei-list-property ' rei-provider-id='R4220605'><div><div class='rei-lp-image-box'><a href='\/sv\/fastighet\/nyproduktion-in-la-cala-de-mijas-r4220605\/'><img class='rei-lp-image' src='https:\/\/cdn.resales-online.com\/public\/sk7ddcfv16\/properties\/ag4jn4vqt7v7o5w\/w400\/1-8feb9a13440344d11ba504bcb1dd499c.jpg?v=1776938565' rei-all-imgs='https:\/\/cdn.resales-online.com\/public\/sk7ddcfv16\/properties\/ag4jn4vqt7v7o5w\/w400\/1-8feb9a13440344d11ba504bcb1dd499c.jpg?v=1776938565,https:\/\/cdn.resales-online.com\/public\/sk7ddcfv16\/properties\/ag4jn4vqt7v7o5w\/w400\/2-0b399daebcdd6827eaba8c944d7c5b78.jpg?v=1776938565,https:\/\/cdn.resales-online.com\/public\/sk7ddcfv16\/properties\/ag4jn4vqt7v7o5w\/w400\/3-9044ff3015df52bb84e13bfc318443ab.jpg?v=1776938565,https:\/\/cdn.resales-online.com\/public\/sk7ddcfv16\/properties\/ag4jn4vqt7v7o5w\/w400\/4-31eddec24faf40464bcee8b2fd51cd02.jpg?v=1776938565,https:\/\/cdn.resales-online.com\/public\/sk7ddcfv16\/properties\/ag4jn4vqt7v7o5w\/w400\/5-b932bcf4fe2dcf29ec63deb5c5ded9de.jpg?v=1776938565,https:\/\/cdn.resales-online.com\/public\/sk7ddcfv16\/properties\/ag4jn4vqt7v7o5w\/w400\/6-e4bb9164e32bf007e59e9c17370925b7.jpg?v=1776938565,https:\/\/cdn.resales-online.com\/public\/sk7ddcfv16\/properties\/ag4jn4vqt7v7o5w\/w400\/7-8b51b490ae7dc526cb42772a5c6bbc97.jpg?v=1776938565,https:\/\/cdn.resales-online.com\/public\/sk7ddcfv16\/properties\/ag4jn4vqt7v7o5w\/w400\/8-7959dc633b592fe067223bb29ed1f628.jpg?v=1776938565,https:\/\/cdn.resales-online.com\/public\/sk7ddcfv16\/properties\/ag4jn4vqt7v7o5w\/w400\/9-ab6ad7d8fb5b0df5991e2ca5d2f18cd5.jpg?v=1776938565,https:\/\/cdn.resales-online.com\/public\/sk7ddcfv16\/properties\/ag4jn4vqt7v7o5w\/w400\/10-3e50b8be5b8cf91f2124a3c5191943c0.jpg?v=1776938565'><\/a><\/div><div class='rei-lp-info'><div class='rei-lp-refid'>R4220605<\/div><h3 class='rei-lp-type'><span class='rei-translated'>Nyproduktion<\/span><\/h3><h3 class='rei-lp-location'>La Cala de Mijas<\/h3><div class='rei-lp-prices'><div class='rei-lp-price '>1.889.000<\/div><\/div><div class='rei-lp-basics'><div class='rei-lp-beds'>3 <span class='rei-translated'>sovrum<\/span><\/div><div>~<\/div><div class='rei-lp-baths'>3 - 4 <span class='rei-translated'>badrum<\/span><\/div><div>~<\/div><div class='rei-lp-built'>527 - 668 m&sup2;<\/div><\/div><div class='rei-lp-description'>DET \u00c4R ETT STORT N\u00d6JE ATT PRESENTERA en samling lyxvillor i ett inh\u00e4gnat komplex med n\u00e5gra av de b\u00e4sta bekv\u00e4mligheterna p\u00e5 Costa del Sol.\n\nDetta \u00e4r k\u00e4rnan i ett exklusivt inh\u00e4gnat villakomplex med \u00f6vervakningskameror och conciergeservice i hj\u00e4rtat av Costa del Sol. 19 villor som erbjuder h\u00f6g boendestandard och imponerande funktioner b\u00e5de inomhus och utomhus. Kombinationen av ...<\/div><\/div><a href='\/sv\/fastighet\/nyproduktion-in-la-cala-de-mijas-r4220605\/' class='rei-lp-readmore'><span class='rei-translated'>See more<\/span><\/a><\/div><\/div><div class='rei-list-property ' rei-provider-id='R4423774'><div><div class='rei-lp-image-box'><a href='\/sv\/fastighet\/nyproduktion-in-la-cala-de-mijas-r4423774\/'><img class='rei-lp-image' src='https:\/\/cdn.resales-online.com\/public\/mvv79a6mwr\/properties\/fftgvu1q5wuemvy\/w400\/1-8feb9a13440344d11ba504bcb1dd499c.jpg?v=1776167903' rei-all-imgs='https:\/\/cdn.resales-online.com\/public\/mvv79a6mwr\/properties\/fftgvu1q5wuemvy\/w400\/1-8feb9a13440344d11ba504bcb1dd499c.jpg?v=1776167903,https:\/\/cdn.resales-online.com\/public\/mvv79a6mwr\/properties\/fftgvu1q5wuemvy\/w400\/2-0b399daebcdd6827eaba8c944d7c5b78.jpg?v=1776167903,https:\/\/cdn.resales-online.com\/public\/mvv79a6mwr\/properties\/fftgvu1q5wuemvy\/w400\/3-9044ff3015df52bb84e13bfc318443ab.jpg?v=1776167903,https:\/\/cdn.resales-online.com\/public\/mvv79a6mwr\/properties\/fftgvu1q5wuemvy\/w400\/4-31eddec24faf40464bcee8b2fd51cd02.jpg?v=1776167903,https:\/\/cdn.resales-online.com\/public\/mvv79a6mwr\/properties\/fftgvu1q5wuemvy\/w400\/5-b932bcf4fe2dcf29ec63deb5c5ded9de.jpg?v=1776167903,https:\/\/cdn.resales-online.com\/public\/mvv79a6mwr\/properties\/fftgvu1q5wuemvy\/w400\/6-e4bb9164e32bf007e59e9c17370925b7.jpg?v=1776167903,https:\/\/cdn.resales-online.com\/public\/mvv79a6mwr\/properties\/fftgvu1q5wuemvy\/w400\/7-8b51b490ae7dc526cb42772a5c6bbc97.jpg?v=1776167903,https:\/\/cdn.resales-online.com\/public\/mvv79a6mwr\/properties\/fftgvu1q5wuemvy\/w400\/8-7959dc633b592fe067223bb29ed1f628.jpg?v=1776167903,https:\/\/cdn.resales-online.com\/public\/mvv79a6mwr\/properties\/fftgvu1q5wuemvy\/w400\/9-ab6ad7d8fb5b0df5991e2ca5d2f18cd5.jpg?v=1776167903,https:\/\/cdn.resales-online.com\/public\/mvv79a6mwr\/properties\/fftgvu1q5wuemvy\/w400\/10-3e50b8be5b8cf91f2124a3c5191943c0.jpg?v=1776167903'><\/a><\/div><div class='rei-lp-info'><div class='rei-lp-refid'>R4423774<\/div><h3 class='rei-lp-type'><span class='rei-translated'>Nyproduktion<\/span><\/h3><h3 class='rei-lp-location'>La Cala de Mijas<\/h3><div class='rei-lp-prices'><div class='rei-lp-price '>855.000<\/div><\/div><div class='rei-lp-basics'><div class='rei-lp-beds'>4 <span class='rei-translated'>sovrum<\/span><\/div><div>~<\/div><div class='rei-lp-baths'>4 <span class='rei-translated'>badrum<\/span><\/div><div>~<\/div><div class='rei-lp-built'>279 m&sup2;<\/div><\/div><div class='rei-lp-description'>BYGGET HAR STARTAT! 70\u202f% AV ENHETERNA S\u00c5LDA! SISTA VILLOR MED HAVSUTSIKT\n\nInflyttningsklart i oktober 2026.\n\nEtt exklusivt bostadsprojekt med 16 enfamiljsvillor best\u00e5ende av 6 radhus, 8 parhus och 2 frist\u00e5ende villor, bel\u00e4get i hj\u00e4rtat av La Cala de Mijas.\n\nLa Cala de Mijas har ett idealiskt l\u00e4ge med direkt tillg\u00e5ng till Costa del Sols motorv\u00e4g A-7 och n\u00e4ra till AP-7 betalv\u00e4g. ...<\/div><\/div><a href='\/sv\/fastighet\/nyproduktion-in-la-cala-de-mijas-r4423774\/' class='rei-lp-readmore'><span class='rei-translated'>See more<\/span><\/a><\/div><\/div><div class='rei-list-property ' rei-provider-id='R4709350'><div><div class='rei-lp-image-box'><a href='\/sv\/fastighet\/fristaende-villa-in-casares-casares-r4709350\/'><img class='rei-lp-image' src='https:\/\/cdn.resales-online.com\/public\/tlme7rencq\/properties\/1c78a5bbfe0e11ee94690217bc231ef4\/w400\/1-8feb9a13440344d11ba504bcb1dd499c.jpg?v=1713508305' rei-all-imgs='https:\/\/cdn.resales-online.com\/public\/tlme7rencq\/properties\/1c78a5bbfe0e11ee94690217bc231ef4\/w400\/1-8feb9a13440344d11ba504bcb1dd499c.jpg?v=1713508305,https:\/\/cdn.resales-online.com\/public\/tlme7rencq\/properties\/1c78a5bbfe0e11ee94690217bc231ef4\/w400\/2-0b399daebcdd6827eaba8c944d7c5b78.jpg?v=1713508305,https:\/\/cdn.resales-online.com\/public\/tlme7rencq\/properties\/1c78a5bbfe0e11ee94690217bc231ef4\/w400\/3-9044ff3015df52bb84e13bfc318443ab.jpg?v=1713508305,https:\/\/cdn.resales-online.com\/public\/tlme7rencq\/properties\/1c78a5bbfe0e11ee94690217bc231ef4\/w400\/4-31eddec24faf40464bcee8b2fd51cd02.jpg?v=1713508305,https:\/\/cdn.resales-online.com\/public\/tlme7rencq\/properties\/1c78a5bbfe0e11ee94690217bc231ef4\/w400\/5-b932bcf4fe2dcf29ec63deb5c5ded9de.jpg?v=1713508305,https:\/\/cdn.resales-online.com\/public\/tlme7rencq\/properties\/1c78a5bbfe0e11ee94690217bc231ef4\/w400\/6-e4bb9164e32bf007e59e9c17370925b7.jpg?v=1713508305,https:\/\/cdn.resales-online.com\/public\/tlme7rencq\/properties\/1c78a5bbfe0e11ee94690217bc231ef4\/w400\/7-8b51b490ae7dc526cb42772a5c6bbc97.jpg?v=1713508305,https:\/\/cdn.resales-online.com\/public\/tlme7rencq\/properties\/1c78a5bbfe0e11ee94690217bc231ef4\/w400\/8-7959dc633b592fe067223bb29ed1f628.jpg?v=1713508305,https:\/\/cdn.resales-online.com\/public\/tlme7rencq\/properties\/1c78a5bbfe0e11ee94690217bc231ef4\/w400\/9-ab6ad7d8fb5b0df5991e2ca5d2f18cd5.jpg?v=1713508305,https:\/\/cdn.resales-online.com\/public\/tlme7rencq\/properties\/1c78a5bbfe0e11ee94690217bc231ef4\/w400\/10-3e50b8be5b8cf91f2124a3c5191943c0.jpg?v=1713508305'><\/a><\/div><div class='rei-lp-info'><div class='rei-lp-refid'>R4709350<\/div><h3 class='rei-lp-type'><span class='rei-translated'>Frist\u00e5ende villa<\/span><\/h3><h3 class='rei-lp-location'>Casares<\/h3><div class='rei-lp-prices'><div class='rei-lp-price '>8.700.000<\/div><\/div><div class='rei-lp-basics'><div class='rei-lp-beds'>5 <span class='rei-translated'>sovrum<\/span><\/div><div>~<\/div><div class='rei-lp-baths'>6.5 <span class='rei-translated'>badrum<\/span><\/div><div>~<\/div><div class='rei-lp-built'>752 m&sup2;<\/div><\/div><div class='rei-lp-description'>Exuding opulence and refinement, this exceptional villa redefines the very notion of luxury golf resort living. Positioned on an elevated plot, it offers breathtaking panoramic views of the golf course and Mediterranean, while its expansive outdoor areas encompass meticulously manicured gardens and a magnificent swimming pool. Enveloped by lush palm trees and abundant flora, this residence ...<\/div><\/div><a href='\/sv\/fastighet\/fristaende-villa-in-casares-casares-r4709350\/' class='rei-lp-readmore'><span class='rei-translated'>See more<\/span><\/a><\/div><\/div><div class='rei-lp-pagination' rei-per-page='20' rei-results-count='3' rei-page-no='1'><\/div><p style='display:none' class='rei-debug-info'>RO time:0.83739709854126s. Created 2026-04-23 10:06:31<\/p><\/div>\t\t\n\t\t\t<\/div>\n<\/div><\/div>\n","protected":false},"excerpt":{"rendered":"<p>V\u00e5ra listor och ett urval av n\u00e5gra av v\u00e5ra favoritobjekt p\u00e5 marknaden idag<\/p>\n","protected":false},"author":1,"featured_media":1285,"parent":0,"menu_order":0,"comment_status":"closed","ping_status":"closed","template":"fullwidth-page.php","meta":{"_acf_changed":false,"footnotes":""},"class_list":["post-1292","page","type-page","status-publish","has-post-thumbnail","hentry"],"acf":[],"yoast_head":"<!-- This site is optimized with the Yoast SEO plugin v25.1 - https:\/\/yoast.com\/wordpress\/plugins\/seo\/ -->\n<title>Martin Property Marbella<\/title>\n<meta name=\"robots\" content=\"index, follow, max-snippet:-1, max-image-preview:large, max-video-preview:-1\" \/>\n<link rel=\"canonical\" href=\"https:\/\/martinproperty.es\/sv\/annonser-rekommenderat\/\" \/>\n<meta property=\"og:locale\" content=\"sv_SE\" \/>\n<meta property=\"og:type\" content=\"article\" \/>\n<meta property=\"og:title\" content=\"Annonser &amp; rekommenderat - Martin Property Marbella\" \/>\n<meta property=\"og:description\" content=\"V\u00e5ra listor och ett urval av n\u00e5gra av v\u00e5ra favoritobjekt p\u00e5 marknaden idag\" \/>\n<meta property=\"og:url\" content=\"https:\/\/martinproperty.es\/sv\/annonser-rekommenderat\/\" \/>\n<meta property=\"og:site_name\" content=\"Martin Property Marbella\" \/>\n<meta property=\"article:modified_time\" content=\"2025-07-28T12:40:40+00:00\" \/>\n<meta property=\"og:image\" content=\"https:\/\/martinproperty.es\/wp-content\/uploads\/2024\/06\/Selection-of-Properties-for-sale-in-Mijas-Marbella.webp\" \/>\n\t<meta property=\"og:image:width\" content=\"2560\" \/>\n\t<meta property=\"og:image:height\" content=\"748\" \/>\n\t<meta property=\"og:image:type\" content=\"image\/webp\" \/>\n<meta name=\"twitter:card\" content=\"summary_large_image\" \/>\n<meta name=\"twitter:label1\" content=\"Ber\u00e4knad l\u00e4stid\" \/>\n\t<meta name=\"twitter:data1\" content=\"1 minut\" \/>\n<script type=\"application\/ld+json\" class=\"yoast-schema-graph\">{\"@context\":\"https:\/\/schema.org\",\"@graph\":[{\"@type\":\"WebPage\",\"@id\":\"https:\/\/martinproperty.es\/sv\/annonser-rekommenderat\/\",\"url\":\"https:\/\/martinproperty.es\/sv\/annonser-rekommenderat\/\",\"name\":\"Annonser &amp; rekommenderat - Martin Property Marbella\",\"isPartOf\":{\"@id\":\"https:\/\/martinproperty.es\/#website\"},\"primaryImageOfPage\":{\"@id\":\"https:\/\/martinproperty.es\/sv\/annonser-rekommenderat\/#primaryimage\"},\"image\":{\"@id\":\"https:\/\/martinproperty.es\/sv\/annonser-rekommenderat\/#primaryimage\"},\"thumbnailUrl\":\"https:\/\/martinproperty.es\/wp-content\/uploads\/2024\/06\/Selection-of-Properties-for-sale-in-Mijas-Marbella.webp\",\"datePublished\":\"2024-06-03T09:00:38+00:00\",\"dateModified\":\"2025-07-28T12:40:40+00:00\",\"breadcrumb\":{\"@id\":\"https:\/\/martinproperty.es\/sv\/annonser-rekommenderat\/#breadcrumb\"},\"inLanguage\":\"sv-SE\",\"potentialAction\":[{\"@type\":\"ReadAction\",\"target\":[\"https:\/\/martinproperty.es\/sv\/annonser-rekommenderat\/\"]}]},{\"@type\":\"ImageObject\",\"inLanguage\":\"sv-SE\",\"@id\":\"https:\/\/martinproperty.es\/sv\/annonser-rekommenderat\/#primaryimage\",\"url\":\"https:\/\/martinproperty.es\/wp-content\/uploads\/2024\/06\/Selection-of-Properties-for-sale-in-Mijas-Marbella.webp\",\"contentUrl\":\"https:\/\/martinproperty.es\/wp-content\/uploads\/2024\/06\/Selection-of-Properties-for-sale-in-Mijas-Marbella.webp\",\"width\":2560,\"height\":748,\"caption\":\"Selection of Properties for sale in Mijas Marbella\"},{\"@type\":\"BreadcrumbList\",\"@id\":\"https:\/\/martinproperty.es\/sv\/annonser-rekommenderat\/#breadcrumb\",\"itemListElement\":[{\"@type\":\"ListItem\",\"position\":1,\"name\":\"Home\",\"item\":\"https:\/\/martinproperty.es\/sv\/\"},{\"@type\":\"ListItem\",\"position\":2,\"name\":\"Annonser &amp; rekommenderat\"}]},{\"@type\":\"WebSite\",\"@id\":\"https:\/\/martinproperty.es\/#website\",\"url\":\"https:\/\/martinproperty.es\/\",\"name\":\"Martin Property Marbella\",\"description\":\"\",\"publisher\":{\"@id\":\"https:\/\/martinproperty.es\/#organization\"},\"potentialAction\":[{\"@type\":\"SearchAction\",\"target\":{\"@type\":\"EntryPoint\",\"urlTemplate\":\"https:\/\/martinproperty.es\/?s={search_term_string}\"},\"query-input\":{\"@type\":\"PropertyValueSpecification\",\"valueRequired\":true,\"valueName\":\"search_term_string\"}}],\"inLanguage\":\"sv-SE\"},{\"@type\":\"Organization\",\"@id\":\"https:\/\/martinproperty.es\/#organization\",\"name\":\"Martin Property Marbella\",\"url\":\"https:\/\/martinproperty.es\/\",\"logo\":{\"@type\":\"ImageObject\",\"inLanguage\":\"sv-SE\",\"@id\":\"https:\/\/martinproperty.es\/#\/schema\/logo\/image\/\",\"url\":\"https:\/\/martinproperty.es\/wp-content\/uploads\/2024\/06\/Martin-Property-Marbella-4.svg\",\"contentUrl\":\"https:\/\/martinproperty.es\/wp-content\/uploads\/2024\/06\/Martin-Property-Marbella-4.svg\",\"caption\":\"Martin Property Marbella\"},\"image\":{\"@id\":\"https:\/\/martinproperty.es\/#\/schema\/logo\/image\/\"}}]}<\/script>\n<!-- \/ Yoast SEO plugin. -->","yoast_head_json":{"title":"Martin Property Marbella","robots":{"index":"index","follow":"follow","max-snippet":"max-snippet:-1","max-image-preview":"max-image-preview:large","max-video-preview":"max-video-preview:-1"},"canonical":"https:\/\/martinproperty.es\/sv\/annonser-rekommenderat\/","og_locale":"sv_SE","og_type":"article","og_title":"Annonser &amp; rekommenderat - Martin Property Marbella","og_description":"V\u00e5ra listor och ett urval av n\u00e5gra av v\u00e5ra favoritobjekt p\u00e5 marknaden idag","og_url":"https:\/\/martinproperty.es\/sv\/annonser-rekommenderat\/","og_site_name":"Martin Property Marbella","article_modified_time":"2025-07-28T12:40:40+00:00","og_image":[{"width":2560,"height":748,"url":"https:\/\/martinproperty.es\/wp-content\/uploads\/2024\/06\/Selection-of-Properties-for-sale-in-Mijas-Marbella.webp","type":"image\/webp"}],"twitter_card":"summary_large_image","twitter_misc":{"Ber\u00e4knad l\u00e4stid":"1 minut"},"schema":{"@context":"https:\/\/schema.org","@graph":[{"@type":"WebPage","@id":"https:\/\/martinproperty.es\/sv\/annonser-rekommenderat\/","url":"https:\/\/martinproperty.es\/sv\/annonser-rekommenderat\/","name":"Annonser &amp; rekommenderat - Martin Property Marbella","isPartOf":{"@id":"https:\/\/martinproperty.es\/#website"},"primaryImageOfPage":{"@id":"https:\/\/martinproperty.es\/sv\/annonser-rekommenderat\/#primaryimage"},"image":{"@id":"https:\/\/martinproperty.es\/sv\/annonser-rekommenderat\/#primaryimage"},"thumbnailUrl":"https:\/\/martinproperty.es\/wp-content\/uploads\/2024\/06\/Selection-of-Properties-for-sale-in-Mijas-Marbella.webp","datePublished":"2024-06-03T09:00:38+00:00","dateModified":"2025-07-28T12:40:40+00:00","breadcrumb":{"@id":"https:\/\/martinproperty.es\/sv\/annonser-rekommenderat\/#breadcrumb"},"inLanguage":"sv-SE","potentialAction":[{"@type":"ReadAction","target":["https:\/\/martinproperty.es\/sv\/annonser-rekommenderat\/"]}]},{"@type":"ImageObject","inLanguage":"sv-SE","@id":"https:\/\/martinproperty.es\/sv\/annonser-rekommenderat\/#primaryimage","url":"https:\/\/martinproperty.es\/wp-content\/uploads\/2024\/06\/Selection-of-Properties-for-sale-in-Mijas-Marbella.webp","contentUrl":"https:\/\/martinproperty.es\/wp-content\/uploads\/2024\/06\/Selection-of-Properties-for-sale-in-Mijas-Marbella.webp","width":2560,"height":748,"caption":"Selection of Properties for sale in Mijas Marbella"},{"@type":"BreadcrumbList","@id":"https:\/\/martinproperty.es\/sv\/annonser-rekommenderat\/#breadcrumb","itemListElement":[{"@type":"ListItem","position":1,"name":"Home","item":"https:\/\/martinproperty.es\/sv\/"},{"@type":"ListItem","position":2,"name":"Annonser &amp; rekommenderat"}]},{"@type":"WebSite","@id":"https:\/\/martinproperty.es\/#website","url":"https:\/\/martinproperty.es\/","name":"Martin Property Marbella","description":"","publisher":{"@id":"https:\/\/martinproperty.es\/#organization"},"potentialAction":[{"@type":"SearchAction","target":{"@type":"EntryPoint","urlTemplate":"https:\/\/martinproperty.es\/?s={search_term_string}"},"query-input":{"@type":"PropertyValueSpecification","valueRequired":true,"valueName":"search_term_string"}}],"inLanguage":"sv-SE"},{"@type":"Organization","@id":"https:\/\/martinproperty.es\/#organization","name":"Martin Property Marbella","url":"https:\/\/martinproperty.es\/","logo":{"@type":"ImageObject","inLanguage":"sv-SE","@id":"https:\/\/martinproperty.es\/#\/schema\/logo\/image\/","url":"https:\/\/martinproperty.es\/wp-content\/uploads\/2024\/06\/Martin-Property-Marbella-4.svg","contentUrl":"https:\/\/martinproperty.es\/wp-content\/uploads\/2024\/06\/Martin-Property-Marbella-4.svg","caption":"Martin Property Marbella"},"image":{"@id":"https:\/\/martinproperty.es\/#\/schema\/logo\/image\/"}}]}},"_links":{"self":[{"href":"https:\/\/martinproperty.es\/sv\/wp-json\/wp\/v2\/pages\/1292","targetHints":{"allow":["GET"]}}],"collection":[{"href":"https:\/\/martinproperty.es\/sv\/wp-json\/wp\/v2\/pages"}],"about":[{"href":"https:\/\/martinproperty.es\/sv\/wp-json\/wp\/v2\/types\/page"}],"author":[{"embeddable":true,"href":"https:\/\/martinproperty.es\/sv\/wp-json\/wp\/v2\/users\/1"}],"replies":[{"embeddable":true,"href":"https:\/\/martinproperty.es\/sv\/wp-json\/wp\/v2\/comments?post=1292"}],"version-history":[{"count":27,"href":"https:\/\/martinproperty.es\/sv\/wp-json\/wp\/v2\/pages\/1292\/revisions"}],"predecessor-version":[{"id":2231,"href":"https:\/\/martinproperty.es\/sv\/wp-json\/wp\/v2\/pages\/1292\/revisions\/2231"}],"wp:featuredmedia":[{"embeddable":true,"href":"https:\/\/martinproperty.es\/sv\/wp-json\/wp\/v2\/media\/1285"}],"wp:attachment":[{"href":"https:\/\/martinproperty.es\/sv\/wp-json\/wp\/v2\/media?parent=1292"}],"curies":[{"name":"wp","href":"https:\/\/api.w.org\/{rel}","templated":true}]}}