{"id":1876,"date":"2024-07-03T19:17:04","date_gmt":"2024-07-03T18:17:04","guid":{"rendered":"https:\/\/martinproperty.es\/dina-favoriter\/"},"modified":"2024-07-04T16:07:15","modified_gmt":"2024-07-04T15:07:15","slug":"mina-favoriter","status":"publish","type":"page","link":"https:\/\/martinproperty.es\/sv\/mina-favoriter\/","title":{"rendered":"Mina favoriter"},"content":{"rendered":"\n<p class=\"mart-intro\">H\u00e4r \u00e4r en lista \u00f6ver de objekt som du har markerat som favoriter och som fortfarande \u00e4r ute p\u00e5 marknaden.  <\/p>\n\n<div style=\"height:40px\" aria-hidden=\"true\" class=\"wp-block-spacer\"><\/div>\n<div class=\"rei-error-message\">No favourites selected so far<\/div>\n","protected":false},"excerpt":{"rendered":"<p>H\u00e4r \u00e4r en lista \u00f6ver de objekt som du har markerat som favoriter och som fortfarande \u00e4r ute p\u00e5 marknaden.<\/p>\n","protected":false},"author":1,"featured_media":1285,"parent":0,"menu_order":0,"comment_status":"closed","ping_status":"closed","template":"fullwidth-page.php","meta":{"_acf_changed":false,"footnotes":""},"class_list":["post-1876","page","type-page","status-publish","has-post-thumbnail","hentry"],"acf":[],"yoast_head":"<!-- This site is optimized with the Yoast SEO plugin v25.1 - https:\/\/yoast.com\/wordpress\/plugins\/seo\/ -->\n<title>Martin Property Marbella<\/title>\n<meta name=\"robots\" content=\"index, follow, max-snippet:-1, max-image-preview:large, max-video-preview:-1\" \/>\n<link rel=\"canonical\" href=\"https:\/\/martinproperty.es\/sv\/mina-favoriter\/\" \/>\n<meta property=\"og:locale\" content=\"sv_SE\" \/>\n<meta property=\"og:type\" content=\"article\" \/>\n<meta property=\"og:title\" content=\"Mina favoriter - Martin Property Marbella\" \/>\n<meta property=\"og:description\" content=\"H\u00e4r \u00e4r en lista \u00f6ver de objekt som du har markerat som favoriter och som fortfarande \u00e4r ute p\u00e5 marknaden.\" \/>\n<meta property=\"og:url\" content=\"https:\/\/martinproperty.es\/sv\/mina-favoriter\/\" \/>\n<meta property=\"og:site_name\" content=\"Martin Property Marbella\" \/>\n<meta property=\"article:modified_time\" content=\"2024-07-04T15:07:15+00:00\" \/>\n<meta property=\"og:image\" content=\"https:\/\/martinproperty.es\/wp-content\/uploads\/2024\/06\/Selection-of-Properties-for-sale-in-Mijas-Marbella.webp\" \/>\n\t<meta property=\"og:image:width\" content=\"2560\" \/>\n\t<meta property=\"og:image:height\" content=\"748\" \/>\n\t<meta property=\"og:image:type\" content=\"image\/webp\" \/>\n<meta name=\"twitter:card\" content=\"summary_large_image\" \/>\n<script type=\"application\/ld+json\" class=\"yoast-schema-graph\">{\"@context\":\"https:\/\/schema.org\",\"@graph\":[{\"@type\":\"WebPage\",\"@id\":\"https:\/\/martinproperty.es\/sv\/mina-favoriter\/\",\"url\":\"https:\/\/martinproperty.es\/sv\/mina-favoriter\/\",\"name\":\"Mina favoriter - Martin Property Marbella\",\"isPartOf\":{\"@id\":\"https:\/\/martinproperty.es\/#website\"},\"primaryImageOfPage\":{\"@id\":\"https:\/\/martinproperty.es\/sv\/mina-favoriter\/#primaryimage\"},\"image\":{\"@id\":\"https:\/\/martinproperty.es\/sv\/mina-favoriter\/#primaryimage\"},\"thumbnailUrl\":\"https:\/\/martinproperty.es\/wp-content\/uploads\/2024\/06\/Selection-of-Properties-for-sale-in-Mijas-Marbella.webp\",\"datePublished\":\"2024-07-03T18:17:04+00:00\",\"dateModified\":\"2024-07-04T15:07:15+00:00\",\"breadcrumb\":{\"@id\":\"https:\/\/martinproperty.es\/sv\/mina-favoriter\/#breadcrumb\"},\"inLanguage\":\"sv-SE\",\"potentialAction\":[{\"@type\":\"ReadAction\",\"target\":[\"https:\/\/martinproperty.es\/sv\/mina-favoriter\/\"]}]},{\"@type\":\"ImageObject\",\"inLanguage\":\"sv-SE\",\"@id\":\"https:\/\/martinproperty.es\/sv\/mina-favoriter\/#primaryimage\",\"url\":\"https:\/\/martinproperty.es\/wp-content\/uploads\/2024\/06\/Selection-of-Properties-for-sale-in-Mijas-Marbella.webp\",\"contentUrl\":\"https:\/\/martinproperty.es\/wp-content\/uploads\/2024\/06\/Selection-of-Properties-for-sale-in-Mijas-Marbella.webp\",\"width\":2560,\"height\":748,\"caption\":\"Selection of Properties for sale in Mijas Marbella\"},{\"@type\":\"BreadcrumbList\",\"@id\":\"https:\/\/martinproperty.es\/sv\/mina-favoriter\/#breadcrumb\",\"itemListElement\":[{\"@type\":\"ListItem\",\"position\":1,\"name\":\"Home\",\"item\":\"https:\/\/martinproperty.es\/sv\/\"},{\"@type\":\"ListItem\",\"position\":2,\"name\":\"Mina favoriter\"}]},{\"@type\":\"WebSite\",\"@id\":\"https:\/\/martinproperty.es\/#website\",\"url\":\"https:\/\/martinproperty.es\/\",\"name\":\"Martin Property Marbella\",\"description\":\"\",\"publisher\":{\"@id\":\"https:\/\/martinproperty.es\/#organization\"},\"potentialAction\":[{\"@type\":\"SearchAction\",\"target\":{\"@type\":\"EntryPoint\",\"urlTemplate\":\"https:\/\/martinproperty.es\/?s={search_term_string}\"},\"query-input\":{\"@type\":\"PropertyValueSpecification\",\"valueRequired\":true,\"valueName\":\"search_term_string\"}}],\"inLanguage\":\"sv-SE\"},{\"@type\":\"Organization\",\"@id\":\"https:\/\/martinproperty.es\/#organization\",\"name\":\"Martin Property Marbella\",\"url\":\"https:\/\/martinproperty.es\/\",\"logo\":{\"@type\":\"ImageObject\",\"inLanguage\":\"sv-SE\",\"@id\":\"https:\/\/martinproperty.es\/#\/schema\/logo\/image\/\",\"url\":\"https:\/\/martinproperty.es\/wp-content\/uploads\/2024\/06\/Martin-Property-Marbella-4.svg\",\"contentUrl\":\"https:\/\/martinproperty.es\/wp-content\/uploads\/2024\/06\/Martin-Property-Marbella-4.svg\",\"caption\":\"Martin Property Marbella\"},\"image\":{\"@id\":\"https:\/\/martinproperty.es\/#\/schema\/logo\/image\/\"}}]}<\/script>\n<!-- \/ Yoast SEO plugin. -->","yoast_head_json":{"title":"Martin Property Marbella","robots":{"index":"index","follow":"follow","max-snippet":"max-snippet:-1","max-image-preview":"max-image-preview:large","max-video-preview":"max-video-preview:-1"},"canonical":"https:\/\/martinproperty.es\/sv\/mina-favoriter\/","og_locale":"sv_SE","og_type":"article","og_title":"Mina favoriter - Martin Property Marbella","og_description":"H\u00e4r \u00e4r en lista \u00f6ver de objekt som du har markerat som favoriter och som fortfarande \u00e4r ute p\u00e5 marknaden.","og_url":"https:\/\/martinproperty.es\/sv\/mina-favoriter\/","og_site_name":"Martin Property Marbella","article_modified_time":"2024-07-04T15:07:15+00:00","og_image":[{"width":2560,"height":748,"url":"https:\/\/martinproperty.es\/wp-content\/uploads\/2024\/06\/Selection-of-Properties-for-sale-in-Mijas-Marbella.webp","type":"image\/webp"}],"twitter_card":"summary_large_image","schema":{"@context":"https:\/\/schema.org","@graph":[{"@type":"WebPage","@id":"https:\/\/martinproperty.es\/sv\/mina-favoriter\/","url":"https:\/\/martinproperty.es\/sv\/mina-favoriter\/","name":"Mina favoriter - Martin Property Marbella","isPartOf":{"@id":"https:\/\/martinproperty.es\/#website"},"primaryImageOfPage":{"@id":"https:\/\/martinproperty.es\/sv\/mina-favoriter\/#primaryimage"},"image":{"@id":"https:\/\/martinproperty.es\/sv\/mina-favoriter\/#primaryimage"},"thumbnailUrl":"https:\/\/martinproperty.es\/wp-content\/uploads\/2024\/06\/Selection-of-Properties-for-sale-in-Mijas-Marbella.webp","datePublished":"2024-07-03T18:17:04+00:00","dateModified":"2024-07-04T15:07:15+00:00","breadcrumb":{"@id":"https:\/\/martinproperty.es\/sv\/mina-favoriter\/#breadcrumb"},"inLanguage":"sv-SE","potentialAction":[{"@type":"ReadAction","target":["https:\/\/martinproperty.es\/sv\/mina-favoriter\/"]}]},{"@type":"ImageObject","inLanguage":"sv-SE","@id":"https:\/\/martinproperty.es\/sv\/mina-favoriter\/#primaryimage","url":"https:\/\/martinproperty.es\/wp-content\/uploads\/2024\/06\/Selection-of-Properties-for-sale-in-Mijas-Marbella.webp","contentUrl":"https:\/\/martinproperty.es\/wp-content\/uploads\/2024\/06\/Selection-of-Properties-for-sale-in-Mijas-Marbella.webp","width":2560,"height":748,"caption":"Selection of Properties for sale in Mijas Marbella"},{"@type":"BreadcrumbList","@id":"https:\/\/martinproperty.es\/sv\/mina-favoriter\/#breadcrumb","itemListElement":[{"@type":"ListItem","position":1,"name":"Home","item":"https:\/\/martinproperty.es\/sv\/"},{"@type":"ListItem","position":2,"name":"Mina favoriter"}]},{"@type":"WebSite","@id":"https:\/\/martinproperty.es\/#website","url":"https:\/\/martinproperty.es\/","name":"Martin Property Marbella","description":"","publisher":{"@id":"https:\/\/martinproperty.es\/#organization"},"potentialAction":[{"@type":"SearchAction","target":{"@type":"EntryPoint","urlTemplate":"https:\/\/martinproperty.es\/?s={search_term_string}"},"query-input":{"@type":"PropertyValueSpecification","valueRequired":true,"valueName":"search_term_string"}}],"inLanguage":"sv-SE"},{"@type":"Organization","@id":"https:\/\/martinproperty.es\/#organization","name":"Martin Property Marbella","url":"https:\/\/martinproperty.es\/","logo":{"@type":"ImageObject","inLanguage":"sv-SE","@id":"https:\/\/martinproperty.es\/#\/schema\/logo\/image\/","url":"https:\/\/martinproperty.es\/wp-content\/uploads\/2024\/06\/Martin-Property-Marbella-4.svg","contentUrl":"https:\/\/martinproperty.es\/wp-content\/uploads\/2024\/06\/Martin-Property-Marbella-4.svg","caption":"Martin Property Marbella"},"image":{"@id":"https:\/\/martinproperty.es\/#\/schema\/logo\/image\/"}}]}},"_links":{"self":[{"href":"https:\/\/martinproperty.es\/sv\/wp-json\/wp\/v2\/pages\/1876","targetHints":{"allow":["GET"]}}],"collection":[{"href":"https:\/\/martinproperty.es\/sv\/wp-json\/wp\/v2\/pages"}],"about":[{"href":"https:\/\/martinproperty.es\/sv\/wp-json\/wp\/v2\/types\/page"}],"author":[{"embeddable":true,"href":"https:\/\/martinproperty.es\/sv\/wp-json\/wp\/v2\/users\/1"}],"replies":[{"embeddable":true,"href":"https:\/\/martinproperty.es\/sv\/wp-json\/wp\/v2\/comments?post=1876"}],"version-history":[{"count":5,"href":"https:\/\/martinproperty.es\/sv\/wp-json\/wp\/v2\/pages\/1876\/revisions"}],"predecessor-version":[{"id":1895,"href":"https:\/\/martinproperty.es\/sv\/wp-json\/wp\/v2\/pages\/1876\/revisions\/1895"}],"wp:featuredmedia":[{"embeddable":true,"href":"https:\/\/martinproperty.es\/sv\/wp-json\/wp\/v2\/media\/1285"}],"wp:attachment":[{"href":"https:\/\/martinproperty.es\/sv\/wp-json\/wp\/v2\/media?parent=1876"}],"curies":[{"name":"wp","href":"https:\/\/api.w.org\/{rel}","templated":true}]}}