{"id":693,"date":"2024-04-17T14:26:19","date_gmt":"2024-04-17T13:26:19","guid":{"rendered":"https:\/\/martinproperty.es\/bokning-betalningsbekraftelse\/"},"modified":"2024-05-07T21:56:30","modified_gmt":"2024-05-07T20:56:30","slug":"bokning-betalningsbekraftelse","status":"publish","type":"page","link":"https:\/\/martinproperty.es\/sv\/bokning-betalningsbekraftelse\/","title":{"rendered":"Bokning Betalningsbekr\u00e4ftelse"},"content":{"rendered":"<p style=\"text-align: center;\">Tack f\u00f6r din bokning. Din betalning f\u00f6r bokningen har tagits emot. Vi skickar ett e-postmeddelande med bekr\u00e4ftelse, men ring eller WhatsApp om du beh\u00f6ver omedelbar hj\u00e4lp: <a href=\"tel:+34633897717\">+34 633 897 717<\/a><\/p>\n\n<div style=\"height:40px\" aria-hidden=\"true\" class=\"wp-block-spacer\"><\/div>\n\n<div class=\"wp-block-buttons is-content-justification-center is-layout-flex wp-container-core-buttons-is-layout-16018d1d wp-block-buttons-is-layout-flex\">\n<div class=\"wp-block-button mart-post-payment-property-link\"><a class=\"wp-block-button__link wp-element-button\" href=\"#\">L\u00e4nk till fastigheten<\/a><\/div>\n<\/div>\n\n<div style=\"height:40px\" aria-hidden=\"true\" class=\"wp-block-spacer\"><\/div>\n\n<p class=\"has-text-align-center\"><a href=\"\/allm&#xE4;nna villkor\/\">Villkor och best\u00e4mmelser och vad som ing\u00e5r<\/a><\/p>\n","protected":false},"excerpt":{"rendered":"<p>Tack f\u00f6r din bokning. Din betalning f\u00f6r bokningen har tagits emot. Vi skickar ett e-postmeddelande med bekr\u00e4ftelse, men ring eller WhatsApp om du beh\u00f6ver omedelbar hj\u00e4lp: +34 633 897 717 Villkor och best\u00e4mmelser och vad som ing\u00e5r<\/p>\n","protected":false},"author":1,"featured_media":0,"parent":0,"menu_order":0,"comment_status":"closed","ping_status":"closed","template":"","meta":{"_acf_changed":false,"footnotes":""},"class_list":["post-693","page","type-page","status-publish","hentry"],"acf":[],"yoast_head":"<!-- This site is optimized with the Yoast SEO plugin v25.1 - https:\/\/yoast.com\/wordpress\/plugins\/seo\/ -->\n<title>Martin Property Marbella<\/title>\n<meta name=\"robots\" content=\"index, follow, max-snippet:-1, max-image-preview:large, max-video-preview:-1\" \/>\n<link rel=\"canonical\" href=\"https:\/\/martinproperty.es\/wpbc-booking-payment-successful\/\" \/>\n<meta property=\"og:locale\" content=\"sv_SE\" \/>\n<meta property=\"og:type\" content=\"article\" \/>\n<meta property=\"og:title\" content=\"Bokning Betalningsbekr\u00e4ftelse - Martin Property Marbella\" \/>\n<meta property=\"og:description\" content=\"Tack f\u00f6r din bokning. Din betalning f\u00f6r bokningen har tagits emot. Vi skickar ett e-postmeddelande med bekr\u00e4ftelse, men ring eller WhatsApp om du beh\u00f6ver omedelbar hj\u00e4lp: +34 633 897 717 Villkor och best\u00e4mmelser och vad som ing\u00e5r\" \/>\n<meta property=\"og:url\" content=\"https:\/\/martinproperty.es\/wpbc-booking-payment-successful\/\" \/>\n<meta property=\"og:site_name\" content=\"Martin Property Marbella\" \/>\n<meta property=\"article:modified_time\" content=\"2024-05-07T20:56:30+00:00\" \/>\n<meta name=\"twitter:card\" content=\"summary_large_image\" \/>\n<script type=\"application\/ld+json\" class=\"yoast-schema-graph\">{\"@context\":\"https:\/\/schema.org\",\"@graph\":[{\"@type\":\"WebPage\",\"@id\":\"https:\/\/martinproperty.es\/wpbc-booking-payment-successful\/\",\"url\":\"https:\/\/martinproperty.es\/wpbc-booking-payment-successful\/\",\"name\":\"Bokning Betalningsbekr\u00e4ftelse - Martin Property Marbella\",\"isPartOf\":{\"@id\":\"https:\/\/martinproperty.es\/#website\"},\"datePublished\":\"2024-04-17T13:26:19+00:00\",\"dateModified\":\"2024-05-07T20:56:30+00:00\",\"breadcrumb\":{\"@id\":\"https:\/\/martinproperty.es\/wpbc-booking-payment-successful\/#breadcrumb\"},\"inLanguage\":\"sv-SE\",\"potentialAction\":[{\"@type\":\"ReadAction\",\"target\":[\"https:\/\/martinproperty.es\/wpbc-booking-payment-successful\/\"]}]},{\"@type\":\"BreadcrumbList\",\"@id\":\"https:\/\/martinproperty.es\/wpbc-booking-payment-successful\/#breadcrumb\",\"itemListElement\":[{\"@type\":\"ListItem\",\"position\":1,\"name\":\"Home\",\"item\":\"https:\/\/martinproperty.es\/sv\/\"},{\"@type\":\"ListItem\",\"position\":2,\"name\":\"Bokning Betalningsbekr\u00e4ftelse\"}]},{\"@type\":\"WebSite\",\"@id\":\"https:\/\/martinproperty.es\/#website\",\"url\":\"https:\/\/martinproperty.es\/\",\"name\":\"Martin Property Marbella\",\"description\":\"\",\"publisher\":{\"@id\":\"https:\/\/martinproperty.es\/#organization\"},\"potentialAction\":[{\"@type\":\"SearchAction\",\"target\":{\"@type\":\"EntryPoint\",\"urlTemplate\":\"https:\/\/martinproperty.es\/?s={search_term_string}\"},\"query-input\":{\"@type\":\"PropertyValueSpecification\",\"valueRequired\":true,\"valueName\":\"search_term_string\"}}],\"inLanguage\":\"sv-SE\"},{\"@type\":\"Organization\",\"@id\":\"https:\/\/martinproperty.es\/#organization\",\"name\":\"Martin Property Marbella\",\"url\":\"https:\/\/martinproperty.es\/\",\"logo\":{\"@type\":\"ImageObject\",\"inLanguage\":\"sv-SE\",\"@id\":\"https:\/\/martinproperty.es\/#\/schema\/logo\/image\/\",\"url\":\"https:\/\/martinproperty.es\/wp-content\/uploads\/2024\/06\/Martin-Property-Marbella-4.svg\",\"contentUrl\":\"https:\/\/martinproperty.es\/wp-content\/uploads\/2024\/06\/Martin-Property-Marbella-4.svg\",\"caption\":\"Martin Property Marbella\"},\"image\":{\"@id\":\"https:\/\/martinproperty.es\/#\/schema\/logo\/image\/\"}}]}<\/script>\n<!-- \/ Yoast SEO plugin. -->","yoast_head_json":{"title":"Martin Property Marbella","robots":{"index":"index","follow":"follow","max-snippet":"max-snippet:-1","max-image-preview":"max-image-preview:large","max-video-preview":"max-video-preview:-1"},"canonical":"https:\/\/martinproperty.es\/wpbc-booking-payment-successful\/","og_locale":"sv_SE","og_type":"article","og_title":"Bokning Betalningsbekr\u00e4ftelse - Martin Property Marbella","og_description":"Tack f\u00f6r din bokning. Din betalning f\u00f6r bokningen har tagits emot. Vi skickar ett e-postmeddelande med bekr\u00e4ftelse, men ring eller WhatsApp om du beh\u00f6ver omedelbar hj\u00e4lp: +34 633 897 717 Villkor och best\u00e4mmelser och vad som ing\u00e5r","og_url":"https:\/\/martinproperty.es\/wpbc-booking-payment-successful\/","og_site_name":"Martin Property Marbella","article_modified_time":"2024-05-07T20:56:30+00:00","twitter_card":"summary_large_image","schema":{"@context":"https:\/\/schema.org","@graph":[{"@type":"WebPage","@id":"https:\/\/martinproperty.es\/wpbc-booking-payment-successful\/","url":"https:\/\/martinproperty.es\/wpbc-booking-payment-successful\/","name":"Bokning Betalningsbekr\u00e4ftelse - Martin Property Marbella","isPartOf":{"@id":"https:\/\/martinproperty.es\/#website"},"datePublished":"2024-04-17T13:26:19+00:00","dateModified":"2024-05-07T20:56:30+00:00","breadcrumb":{"@id":"https:\/\/martinproperty.es\/wpbc-booking-payment-successful\/#breadcrumb"},"inLanguage":"sv-SE","potentialAction":[{"@type":"ReadAction","target":["https:\/\/martinproperty.es\/wpbc-booking-payment-successful\/"]}]},{"@type":"BreadcrumbList","@id":"https:\/\/martinproperty.es\/wpbc-booking-payment-successful\/#breadcrumb","itemListElement":[{"@type":"ListItem","position":1,"name":"Home","item":"https:\/\/martinproperty.es\/sv\/"},{"@type":"ListItem","position":2,"name":"Bokning Betalningsbekr\u00e4ftelse"}]},{"@type":"WebSite","@id":"https:\/\/martinproperty.es\/#website","url":"https:\/\/martinproperty.es\/","name":"Martin Property Marbella","description":"","publisher":{"@id":"https:\/\/martinproperty.es\/#organization"},"potentialAction":[{"@type":"SearchAction","target":{"@type":"EntryPoint","urlTemplate":"https:\/\/martinproperty.es\/?s={search_term_string}"},"query-input":{"@type":"PropertyValueSpecification","valueRequired":true,"valueName":"search_term_string"}}],"inLanguage":"sv-SE"},{"@type":"Organization","@id":"https:\/\/martinproperty.es\/#organization","name":"Martin Property Marbella","url":"https:\/\/martinproperty.es\/","logo":{"@type":"ImageObject","inLanguage":"sv-SE","@id":"https:\/\/martinproperty.es\/#\/schema\/logo\/image\/","url":"https:\/\/martinproperty.es\/wp-content\/uploads\/2024\/06\/Martin-Property-Marbella-4.svg","contentUrl":"https:\/\/martinproperty.es\/wp-content\/uploads\/2024\/06\/Martin-Property-Marbella-4.svg","caption":"Martin Property Marbella"},"image":{"@id":"https:\/\/martinproperty.es\/#\/schema\/logo\/image\/"}}]}},"_links":{"self":[{"href":"https:\/\/martinproperty.es\/sv\/wp-json\/wp\/v2\/pages\/693","targetHints":{"allow":["GET"]}}],"collection":[{"href":"https:\/\/martinproperty.es\/sv\/wp-json\/wp\/v2\/pages"}],"about":[{"href":"https:\/\/martinproperty.es\/sv\/wp-json\/wp\/v2\/types\/page"}],"author":[{"embeddable":true,"href":"https:\/\/martinproperty.es\/sv\/wp-json\/wp\/v2\/users\/1"}],"replies":[{"embeddable":true,"href":"https:\/\/martinproperty.es\/sv\/wp-json\/wp\/v2\/comments?post=693"}],"version-history":[{"count":1,"href":"https:\/\/martinproperty.es\/sv\/wp-json\/wp\/v2\/pages\/693\/revisions"}],"predecessor-version":[{"id":699,"href":"https:\/\/martinproperty.es\/sv\/wp-json\/wp\/v2\/pages\/693\/revisions\/699"}],"wp:attachment":[{"href":"https:\/\/martinproperty.es\/sv\/wp-json\/wp\/v2\/media?parent=693"}],"curies":[{"name":"wp","href":"https:\/\/api.w.org\/{rel}","templated":true}]}}