{"id":703,"date":"2024-03-12T07:55:29","date_gmt":"2024-03-12T07:55:29","guid":{"rendered":"https:\/\/martinproperty.es\/om-oss\/"},"modified":"2024-05-22T23:01:00","modified_gmt":"2024-05-22T22:01:00","slug":"om-oss","status":"publish","type":"page","link":"https:\/\/martinproperty.es\/sv\/om-oss\/","title":{"rendered":"Om oss"},"content":{"rendered":"\n<p>Martin &amp; Christina \u00e4r erfarna och passionerade Costa del Sol-m\u00e4klare som styrs av gammaldags v\u00e4rderingar och professionell service med f\u00f6rtroende och integritet. Om du tycker att det \u00e4r sv\u00e5rt att veta vad du ska leta efter eller om det \u00e4r sv\u00e5rt att hitta exakt det du vill ha, ring oss. V\u00e5r specialitet \u00e4r att f\u00f6rst\u00e5 och hitta den b\u00e4sta m\u00f6jliga fastigheten f\u00f6r varje enskild kund och vi har en perfekt meritlista n\u00e4r det g\u00e4ller att hitta, k\u00f6pa och s\u00e4lja fantastiska fastigheter f\u00f6r alla budgetar. Tillsammans utg\u00f6r vi ett unikt partnerskap och sedan 2002 har vi hj\u00e4lpt hundratals internationella och lokala kunder att f\u00f6rverkliga sina fastighetsdr\u00f6mmar p\u00e5 Costa del Sol.<\/p>\n<p><img loading=\"lazy\" decoding=\"async\" class=\"alignleft wp-image-76\" src=\"https:\/\/martinproperty.es\/wp-content\/uploads\/2024\/02\/Christina-Storgards-Real-Estate-Mijas.jpg\" alt=\"Christina Storgards Fastigheter Mijas\" width=\"450\" height=\"567\"><strong>Christina Storg\u00e5rds <\/strong>&#8211; Jag kommer ursprungligen fr\u00e5n Helsingfors i Finland och mitt spanska \u00e4ventyr b\u00f6rjade 1987, n\u00e4r jag var 18 \u00e5r gammal, med Spies Travel p\u00e5 Mallorca. Under de f\u00f6ljande \u00e5ren arbetade och bodde jag p\u00e5 Teneriffa, Gran Canaria, Marbella, i Grekland, Portugal, Storbritannien och Stockholm innan jag 2002 flyttade permanent till Costa del Sol. Detta var ett omtyckt och v\u00e4lbekant resm\u00e5l eftersom min familj hade \u00e4gt ett fritidshus i Marbella sedan 1960-talet. Jag har bott i Benalm\u00e1dena, Fuengirola, Marbella och de senaste 15 \u00e5ren i Mijas Costa, ett omr\u00e5de som jag \u00e4lskar och \u00e4r mycket glad att kalla hem. Jag har arbetat med fastigheter i \u00f6ver 20 \u00e5r och har en m\u00e4ngd erfarenhet och lokalk\u00e4nnedom som jag g\u00e4rna delar med v\u00e5ra kunder, oavsett om de g\u00f6r en permanent flytt eller letar efter ett fritidshus i den magiska och magnifika Costa del Sol.<\/p>\n\n<p>Ring oss p\u00e5 telefon: <a href=\"tel:+34665730826\">+34 665 730 826<\/a><br\/>E-post: <a href=\"mailto:christina@martinproperty.es\">christina@martinproperty.es<\/a><br\/><a href=\"+34665730826\"><span class=\"dashicons dashicons-whatsapp\"><\/span><\/a><\/p>\n\n<div style=\"height:1px\" aria-hidden=\"true\" class=\"wp-block-spacer\"><\/div>\n<p><img loading=\"lazy\" decoding=\"async\" class=\"alignleft wp-image-75\" src=\"https:\/\/martinproperty.es\/wp-content\/uploads\/2024\/02\/Martin-Flanagan-Real-Estate-Marbella.jpg\" alt=\"Martin Flanagan Fastigheter Marbella\" width=\"450\" height=\"525\"><strong>Martin Flanagan<\/strong> &#8211; Fr\u00e5n Coventry, England, var jag en st\u00e4ndig bes\u00f6kare i Marbella under 1980- och 1990-talet. \u00c5r 2001 best\u00e4mde jag mig f\u00f6r att g\u00f6ra en permanent flytt och bos\u00e4tta mig i Cabopino, Marbella f\u00f6r att p\u00e5b\u00f6rja ett nytt \u00e4ventyr i livet. Med en bakgrund inom turism och fastighetsutveckling som entrepren\u00f6r, k\u00e4nde jag att fastighetsbranschen var en intressant och sp\u00e4nnande sektor att satsa p\u00e5 f\u00f6r en ny karri\u00e4r. Nu, efter \u00f6ver 20 \u00e5r och m\u00e5nga hundra fastighetsaff\u00e4rer, \u00e4lskar jag fortfarande mitt nya liv och min nya karri\u00e4r p\u00e5 den pulserande och st\u00e4ndigt f\u00f6r\u00e4nderliga fastighetsmarknaden p\u00e5 min nu \u00e4lskade Costa del Sol.<\/p>\n\n<p>Ring oss p\u00e5 telefon: <a href=\"tel:+34633897717\">+34 633 897 717<\/a><br\/>E-post: <a href=\"mailto:martin@martinproperty.es\">martin@martinproperty.es<\/a><br\/><a href=\"+34633897717\"><span class=\"dashicons dashicons-whatsapp\"><\/span><\/a><\/p>\n\n<div style=\"height:1px\" aria-hidden=\"true\" class=\"wp-block-spacer\"><\/div>\n<h3>Fastighetstj\u00e4nster med en personlig touch<\/h3>\n<p>Att hitta den perfekta bostaden p\u00e5 Costa del Sol kan vara en utmanande och sp\u00e4nnande uppgift. Det s\u00e4kraste s\u00e4ttet att lyckas och spara tid \u00e4r att samarbeta med en erfaren m\u00e4klare som kan f\u00f6rst\u00e5 exakt vad du letar efter och navigera p\u00e5 den lokala fastighetsmarknaden f\u00f6r din r\u00e4kning.<\/p>\n<p>Martin Property Marbella \u00e4r professionella och erfarna m\u00e4klare p\u00e5 Costa del Sol. Vi arbetar med alla v\u00e4lrenommerade nyproduktioner och \u00e5terf\u00f6rs\u00e4ljningsfastigheter och tillhandah\u00e5ller en komplett tj\u00e4nst till v\u00e5ra lokala och internationella kunder. Vi hj\u00e4lper till med att k\u00f6pa och s\u00e4lja l\u00e4genheter, radhus och villor \u00f6ver hela Costa del Sol. V\u00e5r huvudsakliga arbetsmetod \u00e4r genom rekommendationer och v\u00e5rt m\u00e5l \u00e4r att s\u00e4kerst\u00e4lla en utm\u00e4rkt kundupplevelse varje g\u00e5ng.<\/p>\n<h3>Kontakta oss f\u00f6r hj\u00e4lp med<\/h3>\n<ul>\n<li>Att hitta och k\u00f6pa din dr\u00f6mbostad.<\/li>\n<li>Att annonsera och s\u00e4lja din fastighet f\u00f6r maximal avkastning.<\/li>\n<li>Fastighetsf\u00f6rvaltning och uthyrning f\u00f6r semestervistelser.<\/li>\n<\/ul>\n","protected":false},"excerpt":{"rendered":"<p>Martin &amp; Christina \u00e4r erfarna och passionerade Costa del Sol-m\u00e4klare som styrs av gammaldags v\u00e4rderingar och professionell service med f\u00f6rtroende och integritet. Om du tycker att det \u00e4r sv\u00e5rt att veta vad du ska leta efter eller om det \u00e4r sv\u00e5rt att hitta exakt det du vill ha, ring oss. V\u00e5r specialitet \u00e4r att f\u00f6rst\u00e5 [&hellip;]<\/p>\n","protected":false},"author":1,"featured_media":700,"parent":0,"menu_order":0,"comment_status":"closed","ping_status":"closed","template":"","meta":{"_acf_changed":false,"footnotes":""},"class_list":["post-703","page","type-page","status-publish","has-post-thumbnail","hentry"],"acf":[],"yoast_head":"<!-- This site is optimized with the Yoast SEO plugin v25.1 - https:\/\/yoast.com\/wordpress\/plugins\/seo\/ -->\n<title>Martin Property Marbella<\/title>\n<meta name=\"robots\" content=\"index, follow, max-snippet:-1, max-image-preview:large, max-video-preview:-1\" \/>\n<link rel=\"canonical\" href=\"https:\/\/martinproperty.es\/sv\/om-oss\/\" \/>\n<meta property=\"og:locale\" content=\"sv_SE\" \/>\n<meta property=\"og:type\" content=\"article\" \/>\n<meta property=\"og:title\" content=\"Om oss - Martin Property Marbella\" \/>\n<meta property=\"og:description\" content=\"Martin &amp; Christina \u00e4r erfarna och passionerade Costa del Sol-m\u00e4klare som styrs av gammaldags v\u00e4rderingar och professionell service med f\u00f6rtroende och integritet. Om du tycker att det \u00e4r sv\u00e5rt att veta vad du ska leta efter eller om det \u00e4r sv\u00e5rt att hitta exakt det du vill ha, ring oss. V\u00e5r specialitet \u00e4r att f\u00f6rst\u00e5 [&hellip;]\" \/>\n<meta property=\"og:url\" content=\"https:\/\/martinproperty.es\/sv\/om-oss\/\" \/>\n<meta property=\"og:site_name\" content=\"Martin Property Marbella\" \/>\n<meta property=\"article:modified_time\" content=\"2024-05-22T22:01:00+00:00\" \/>\n<meta property=\"og:image\" content=\"https:\/\/martinproperty.es\/wp-content\/uploads\/2024\/03\/Martin-Property-Marbella-Relaxed-Realtors.webp\" \/>\n\t<meta property=\"og:image:width\" content=\"1920\" \/>\n\t<meta property=\"og:image:height\" content=\"1280\" \/>\n\t<meta property=\"og:image:type\" content=\"image\/webp\" \/>\n<meta name=\"twitter:card\" content=\"summary_large_image\" \/>\n<meta name=\"twitter:label1\" content=\"Ber\u00e4knad l\u00e4stid\" \/>\n\t<meta name=\"twitter:data1\" content=\"3 minuter\" \/>\n<script type=\"application\/ld+json\" class=\"yoast-schema-graph\">{\"@context\":\"https:\/\/schema.org\",\"@graph\":[{\"@type\":\"WebPage\",\"@id\":\"https:\/\/martinproperty.es\/sv\/om-oss\/\",\"url\":\"https:\/\/martinproperty.es\/sv\/om-oss\/\",\"name\":\"Om oss - Martin Property Marbella\",\"isPartOf\":{\"@id\":\"https:\/\/martinproperty.es\/#website\"},\"primaryImageOfPage\":{\"@id\":\"https:\/\/martinproperty.es\/sv\/om-oss\/#primaryimage\"},\"image\":{\"@id\":\"https:\/\/martinproperty.es\/sv\/om-oss\/#primaryimage\"},\"thumbnailUrl\":\"https:\/\/martinproperty.es\/wp-content\/uploads\/2024\/03\/Martin-Property-Marbella-Relaxed-Realtors.webp\",\"datePublished\":\"2024-03-12T07:55:29+00:00\",\"dateModified\":\"2024-05-22T22:01:00+00:00\",\"breadcrumb\":{\"@id\":\"https:\/\/martinproperty.es\/sv\/om-oss\/#breadcrumb\"},\"inLanguage\":\"sv-SE\",\"potentialAction\":[{\"@type\":\"ReadAction\",\"target\":[\"https:\/\/martinproperty.es\/sv\/om-oss\/\"]}]},{\"@type\":\"ImageObject\",\"inLanguage\":\"sv-SE\",\"@id\":\"https:\/\/martinproperty.es\/sv\/om-oss\/#primaryimage\",\"url\":\"https:\/\/martinproperty.es\/wp-content\/uploads\/2024\/03\/Martin-Property-Marbella-Relaxed-Realtors.webp\",\"contentUrl\":\"https:\/\/martinproperty.es\/wp-content\/uploads\/2024\/03\/Martin-Property-Marbella-Relaxed-Realtors.webp\",\"width\":1920,\"height\":1280},{\"@type\":\"BreadcrumbList\",\"@id\":\"https:\/\/martinproperty.es\/sv\/om-oss\/#breadcrumb\",\"itemListElement\":[{\"@type\":\"ListItem\",\"position\":1,\"name\":\"Home\",\"item\":\"https:\/\/martinproperty.es\/sv\/\"},{\"@type\":\"ListItem\",\"position\":2,\"name\":\"Om oss\"}]},{\"@type\":\"WebSite\",\"@id\":\"https:\/\/martinproperty.es\/#website\",\"url\":\"https:\/\/martinproperty.es\/\",\"name\":\"Martin Property Marbella\",\"description\":\"\",\"publisher\":{\"@id\":\"https:\/\/martinproperty.es\/#organization\"},\"potentialAction\":[{\"@type\":\"SearchAction\",\"target\":{\"@type\":\"EntryPoint\",\"urlTemplate\":\"https:\/\/martinproperty.es\/?s={search_term_string}\"},\"query-input\":{\"@type\":\"PropertyValueSpecification\",\"valueRequired\":true,\"valueName\":\"search_term_string\"}}],\"inLanguage\":\"sv-SE\"},{\"@type\":\"Organization\",\"@id\":\"https:\/\/martinproperty.es\/#organization\",\"name\":\"Martin Property Marbella\",\"url\":\"https:\/\/martinproperty.es\/\",\"logo\":{\"@type\":\"ImageObject\",\"inLanguage\":\"sv-SE\",\"@id\":\"https:\/\/martinproperty.es\/#\/schema\/logo\/image\/\",\"url\":\"https:\/\/martinproperty.es\/wp-content\/uploads\/2024\/06\/Martin-Property-Marbella-4.svg\",\"contentUrl\":\"https:\/\/martinproperty.es\/wp-content\/uploads\/2024\/06\/Martin-Property-Marbella-4.svg\",\"caption\":\"Martin Property Marbella\"},\"image\":{\"@id\":\"https:\/\/martinproperty.es\/#\/schema\/logo\/image\/\"}}]}<\/script>\n<!-- \/ Yoast SEO plugin. -->","yoast_head_json":{"title":"Martin Property Marbella","robots":{"index":"index","follow":"follow","max-snippet":"max-snippet:-1","max-image-preview":"max-image-preview:large","max-video-preview":"max-video-preview:-1"},"canonical":"https:\/\/martinproperty.es\/sv\/om-oss\/","og_locale":"sv_SE","og_type":"article","og_title":"Om oss - Martin Property Marbella","og_description":"Martin &amp; Christina \u00e4r erfarna och passionerade Costa del Sol-m\u00e4klare som styrs av gammaldags v\u00e4rderingar och professionell service med f\u00f6rtroende och integritet. Om du tycker att det \u00e4r sv\u00e5rt att veta vad du ska leta efter eller om det \u00e4r sv\u00e5rt att hitta exakt det du vill ha, ring oss. V\u00e5r specialitet \u00e4r att f\u00f6rst\u00e5 [&hellip;]","og_url":"https:\/\/martinproperty.es\/sv\/om-oss\/","og_site_name":"Martin Property Marbella","article_modified_time":"2024-05-22T22:01:00+00:00","og_image":[{"width":1920,"height":1280,"url":"https:\/\/martinproperty.es\/wp-content\/uploads\/2024\/03\/Martin-Property-Marbella-Relaxed-Realtors.webp","type":"image\/webp"}],"twitter_card":"summary_large_image","twitter_misc":{"Ber\u00e4knad l\u00e4stid":"3 minuter"},"schema":{"@context":"https:\/\/schema.org","@graph":[{"@type":"WebPage","@id":"https:\/\/martinproperty.es\/sv\/om-oss\/","url":"https:\/\/martinproperty.es\/sv\/om-oss\/","name":"Om oss - Martin Property Marbella","isPartOf":{"@id":"https:\/\/martinproperty.es\/#website"},"primaryImageOfPage":{"@id":"https:\/\/martinproperty.es\/sv\/om-oss\/#primaryimage"},"image":{"@id":"https:\/\/martinproperty.es\/sv\/om-oss\/#primaryimage"},"thumbnailUrl":"https:\/\/martinproperty.es\/wp-content\/uploads\/2024\/03\/Martin-Property-Marbella-Relaxed-Realtors.webp","datePublished":"2024-03-12T07:55:29+00:00","dateModified":"2024-05-22T22:01:00+00:00","breadcrumb":{"@id":"https:\/\/martinproperty.es\/sv\/om-oss\/#breadcrumb"},"inLanguage":"sv-SE","potentialAction":[{"@type":"ReadAction","target":["https:\/\/martinproperty.es\/sv\/om-oss\/"]}]},{"@type":"ImageObject","inLanguage":"sv-SE","@id":"https:\/\/martinproperty.es\/sv\/om-oss\/#primaryimage","url":"https:\/\/martinproperty.es\/wp-content\/uploads\/2024\/03\/Martin-Property-Marbella-Relaxed-Realtors.webp","contentUrl":"https:\/\/martinproperty.es\/wp-content\/uploads\/2024\/03\/Martin-Property-Marbella-Relaxed-Realtors.webp","width":1920,"height":1280},{"@type":"BreadcrumbList","@id":"https:\/\/martinproperty.es\/sv\/om-oss\/#breadcrumb","itemListElement":[{"@type":"ListItem","position":1,"name":"Home","item":"https:\/\/martinproperty.es\/sv\/"},{"@type":"ListItem","position":2,"name":"Om oss"}]},{"@type":"WebSite","@id":"https:\/\/martinproperty.es\/#website","url":"https:\/\/martinproperty.es\/","name":"Martin Property Marbella","description":"","publisher":{"@id":"https:\/\/martinproperty.es\/#organization"},"potentialAction":[{"@type":"SearchAction","target":{"@type":"EntryPoint","urlTemplate":"https:\/\/martinproperty.es\/?s={search_term_string}"},"query-input":{"@type":"PropertyValueSpecification","valueRequired":true,"valueName":"search_term_string"}}],"inLanguage":"sv-SE"},{"@type":"Organization","@id":"https:\/\/martinproperty.es\/#organization","name":"Martin Property Marbella","url":"https:\/\/martinproperty.es\/","logo":{"@type":"ImageObject","inLanguage":"sv-SE","@id":"https:\/\/martinproperty.es\/#\/schema\/logo\/image\/","url":"https:\/\/martinproperty.es\/wp-content\/uploads\/2024\/06\/Martin-Property-Marbella-4.svg","contentUrl":"https:\/\/martinproperty.es\/wp-content\/uploads\/2024\/06\/Martin-Property-Marbella-4.svg","caption":"Martin Property Marbella"},"image":{"@id":"https:\/\/martinproperty.es\/#\/schema\/logo\/image\/"}}]}},"_links":{"self":[{"href":"https:\/\/martinproperty.es\/sv\/wp-json\/wp\/v2\/pages\/703","targetHints":{"allow":["GET"]}}],"collection":[{"href":"https:\/\/martinproperty.es\/sv\/wp-json\/wp\/v2\/pages"}],"about":[{"href":"https:\/\/martinproperty.es\/sv\/wp-json\/wp\/v2\/types\/page"}],"author":[{"embeddable":true,"href":"https:\/\/martinproperty.es\/sv\/wp-json\/wp\/v2\/users\/1"}],"replies":[{"embeddable":true,"href":"https:\/\/martinproperty.es\/sv\/wp-json\/wp\/v2\/comments?post=703"}],"version-history":[{"count":7,"href":"https:\/\/martinproperty.es\/sv\/wp-json\/wp\/v2\/pages\/703\/revisions"}],"predecessor-version":[{"id":1208,"href":"https:\/\/martinproperty.es\/sv\/wp-json\/wp\/v2\/pages\/703\/revisions\/1208"}],"wp:featuredmedia":[{"embeddable":true,"href":"https:\/\/martinproperty.es\/sv\/wp-json\/wp\/v2\/media\/700"}],"wp:attachment":[{"href":"https:\/\/martinproperty.es\/sv\/wp-json\/wp\/v2\/media?parent=703"}],"curies":[{"name":"wp","href":"https:\/\/api.w.org\/{rel}","templated":true}]}}