{"id":704,"date":"2024-04-19T08:29:56","date_gmt":"2024-04-19T07:29:56","guid":{"rendered":"https:\/\/martinproperty.es\/allmanna-villkor\/"},"modified":"2024-05-07T21:56:34","modified_gmt":"2024-05-07T20:56:34","slug":"allmanna-villkor","status":"publish","type":"page","link":"https:\/\/martinproperty.es\/sv\/allmanna-villkor\/","title":{"rendered":"Allm\u00e4nna villkor"},"content":{"rendered":"\n<div style=\"height:60px\" aria-hidden=\"true\" class=\"wp-block-spacer\"><\/div>\n\n<h2 class=\"wp-block-heading\">Boknings- och avbokningsregler<\/h2>\n\n<p>Vi garanterar det b\u00e4sta priset p\u00e5 n\u00e4tet, utan n\u00e5gra administrationsavgifter n\u00e4r du bokar via v\u00e5r webbplats.<\/p>\n\n<p>Boka din bostad med en deposition p\u00e5 30% av det totala boendepriset. Resterande belopp plus eventuella st\u00e4davgifter m\u00e5ste betalas senast 30 dagar f\u00f6re ankomst. Alla depositioner \u00e5terbetalas inte.<\/p>\n\n<p>Vid bokning inom 30 dagar f\u00f6re ankomst m\u00e5ste full betalning erl\u00e4ggas.<\/p>\n\n<p>En straffavgift p\u00e5 100% av det totala betalda beloppet tillkommer om avbokningen g\u00f6rs mindre \u00e4n 30 dagar f\u00f6re ankomstdatum eller vid utebliven ankomst.<\/p>\n\n<p>I m\u00e5n av tillg\u00e5ng och efter \u00f6verenskommelse kan betalning ske kontant vid incheckningen.<\/p>\n\n<h2 class=\"wp-block-heading\">Vid ankomsten<\/h2>\n\n<p>Din l\u00e4genhet \u00e4r redo att ta emot dig fr\u00e5n kl. 15.00. Vi tillhandah\u00e5ller en m\u00f6tes- och h\u00e4lsotj\u00e4nst d\u00e4r du kommer att m\u00f6tas p\u00e5 din fastighet av ett av v\u00e5rt team som svarar p\u00e5 eventuella fr\u00e5gor du har.<\/p>\n\n<p>Din fastighet kommer att st\u00e4das professionellt med f\u00e4rskt linne och handdukar f\u00f6r varje g\u00e4st.<\/p>\n\n<p>En kopia av pass eller ID kommer att beg\u00e4ras f\u00f6r alla vuxna g\u00e4ster vid ankomsten.<\/p>\n\n<p>En deposition kan kr\u00e4vas f\u00f6r att t\u00e4cka eventuella skador eller f\u00f6rlust av nycklar under din vistelse.  <\/p>\n\n<p>Eventuell deposition kommer att \u00e5terbetalas efter avresedatum och efter inspektion av fastigheten.<\/p>\n\n<p>V\u00e4nligen meddela oss ditt flygnummer eller ber\u00e4knad ankomsttid. En sen incheckning kan vanligtvis ordnas utan extra kostnad, men \u00e4r f\u00f6rem\u00e5l f\u00f6r beg\u00e4ran.<\/p>\n\n<h2 class=\"wp-block-heading\">Inkluderade tj\u00e4nster<\/h2>\n\n<p>M\u00f6te och h\u00e4lsning av ett av v\u00e5ra team vid ankomst.<\/p>\n\n<p>Concierge-service d\u00e4r s\u00e5 anges.<\/p>\n\n<p>St\u00f6d och r\u00e5d fr\u00e5n v\u00e5rt lokala team.<\/p>\n\n<p>Slutlig reng\u00f6ring.<\/p>\n\n<p>Fr\u00e4scha s\u00e4ngkl\u00e4der och handdukar f\u00f6r varje g\u00e4st<\/p>\n\n<p>Wi-Fi med h\u00f6g hastighet<\/p>\n\n<p>V\u00e4lkomstpaket d\u00e4r s\u00e5 anges.<\/p>\n\n<p>Reng\u00f6rings- och hygienprodukter<\/p>\n\n<p>Parkering d\u00e4r det anges &#8211; * Endast de utrymmen som motsvarar fastigheten kan tas i anspr\u00e5k. * V\u00e4rden \u00e4r inte ansvarig om n\u00e5gon annan parkerar p\u00e5 den tilldelade parkeringsplatsen, men alla m\u00f6jliga \u00e5tg\u00e4rder vidtas alltid f\u00f6r att f\u00f6rhindra det. Parkeringsplatserna kan inte bytas ut.<\/p>\n\n<h2 class=\"wp-block-heading\">Ing\u00e5r ej<\/h2>\n\n<p>Extra st\u00e4dning eller nya s\u00e4ngkl\u00e4der\/handdukar under din vistelse (p\u00e5 beg\u00e4ran)<\/p>\n\n<p>Barns\u00e4ng (i m\u00e5n av tillg\u00e5ng) fr\u00e5n \u20ac 10,00 p\/dag<\/p>\n\n<p>Barnstol (i m\u00e5n av tillg\u00e5ng) fr\u00e5n \u20ac 5,00 p\/dag<\/p>\n\n<p>Flygplatstransfer (p\u00e5 beg\u00e4ran)<\/p>\n\n<h2 class=\"wp-block-heading\">Vid avg\u00e5ng<\/h2>\n\n<p>Fastigheterna ska vara utrymda senast kl. 11.00 p\u00e5 avresedagen.<\/p>\n\n<p>V\u00e4nligen kontakta oss vid tidig avresa.<\/p>\n\n<p>V\u00e4nligen f\u00f6lj utcheckningsinstruktionerna som tillhandah\u00e5lls p\u00e5 fastigheten.<\/p>\n\n<h2 class=\"wp-block-heading\">V\u00e4nligen kom ih\u00e5g<\/h2>\n\n<p>Inga fester \u00e4r till\u00e5tna.<\/p>\n\n<p>Inga husdjur \u00e4r till\u00e5tna.<\/p>\n\n<p>R\u00f6kning \u00e4r inte till\u00e5ten i fastigheten.<\/p>\n\n<h2 class=\"wp-block-heading\">V\u00e5rt m\u00e5l \u00e4r att f\u00e5 dig att k\u00e4nna dig som hemma, vi hoppas att du hittar allt du beh\u00f6ver f\u00f6r en minnesv\u00e4rd semester.<\/h2>\n","protected":false},"excerpt":{"rendered":"<p>Boknings- och avbokningsregler Vi garanterar det b\u00e4sta priset p\u00e5 n\u00e4tet, utan n\u00e5gra administrationsavgifter n\u00e4r du bokar via v\u00e5r webbplats. Boka din bostad med en deposition p\u00e5 30% av det totala boendepriset. Resterande belopp plus eventuella st\u00e4davgifter m\u00e5ste betalas senast 30 dagar f\u00f6re ankomst. Alla depositioner \u00e5terbetalas inte. Vid bokning inom 30 dagar f\u00f6re ankomst m\u00e5ste [&hellip;]<\/p>\n","protected":false},"author":1,"featured_media":0,"parent":0,"menu_order":0,"comment_status":"closed","ping_status":"closed","template":"","meta":{"_acf_changed":false,"footnotes":""},"class_list":["post-704","page","type-page","status-publish","hentry"],"acf":[],"yoast_head":"<!-- This site is optimized with the Yoast SEO plugin v25.1 - https:\/\/yoast.com\/wordpress\/plugins\/seo\/ -->\n<title>Martin Property Marbella<\/title>\n<meta name=\"robots\" content=\"index, follow, max-snippet:-1, max-image-preview:large, max-video-preview:-1\" \/>\n<link rel=\"canonical\" href=\"https:\/\/martinproperty.es\/general-conditions\/\" \/>\n<meta property=\"og:locale\" content=\"sv_SE\" \/>\n<meta property=\"og:type\" content=\"article\" \/>\n<meta property=\"og:title\" content=\"Allm\u00e4nna villkor - Martin Property Marbella\" \/>\n<meta property=\"og:description\" content=\"Boknings- och avbokningsregler Vi garanterar det b\u00e4sta priset p\u00e5 n\u00e4tet, utan n\u00e5gra administrationsavgifter n\u00e4r du bokar via v\u00e5r webbplats. Boka din bostad med en deposition p\u00e5 30% av det totala boendepriset. Resterande belopp plus eventuella st\u00e4davgifter m\u00e5ste betalas senast 30 dagar f\u00f6re ankomst. Alla depositioner \u00e5terbetalas inte. Vid bokning inom 30 dagar f\u00f6re ankomst m\u00e5ste [&hellip;]\" \/>\n<meta property=\"og:url\" content=\"https:\/\/martinproperty.es\/general-conditions\/\" \/>\n<meta property=\"og:site_name\" content=\"Martin Property Marbella\" \/>\n<meta property=\"article:modified_time\" content=\"2024-05-07T20:56:34+00:00\" \/>\n<meta name=\"twitter:card\" content=\"summary_large_image\" \/>\n<meta name=\"twitter:label1\" content=\"Ber\u00e4knad l\u00e4stid\" \/>\n\t<meta name=\"twitter:data1\" content=\"2 minuter\" \/>\n<script type=\"application\/ld+json\" class=\"yoast-schema-graph\">{\"@context\":\"https:\/\/schema.org\",\"@graph\":[{\"@type\":\"WebPage\",\"@id\":\"https:\/\/martinproperty.es\/general-conditions\/\",\"url\":\"https:\/\/martinproperty.es\/general-conditions\/\",\"name\":\"Allm\u00e4nna villkor - Martin Property Marbella\",\"isPartOf\":{\"@id\":\"https:\/\/martinproperty.es\/#website\"},\"datePublished\":\"2024-04-19T07:29:56+00:00\",\"dateModified\":\"2024-05-07T20:56:34+00:00\",\"breadcrumb\":{\"@id\":\"https:\/\/martinproperty.es\/general-conditions\/#breadcrumb\"},\"inLanguage\":\"sv-SE\",\"potentialAction\":[{\"@type\":\"ReadAction\",\"target\":[\"https:\/\/martinproperty.es\/general-conditions\/\"]}]},{\"@type\":\"BreadcrumbList\",\"@id\":\"https:\/\/martinproperty.es\/general-conditions\/#breadcrumb\",\"itemListElement\":[{\"@type\":\"ListItem\",\"position\":1,\"name\":\"Home\",\"item\":\"https:\/\/martinproperty.es\/sv\/\"},{\"@type\":\"ListItem\",\"position\":2,\"name\":\"Allm\u00e4nna villkor\"}]},{\"@type\":\"WebSite\",\"@id\":\"https:\/\/martinproperty.es\/#website\",\"url\":\"https:\/\/martinproperty.es\/\",\"name\":\"Martin Property Marbella\",\"description\":\"\",\"publisher\":{\"@id\":\"https:\/\/martinproperty.es\/#organization\"},\"potentialAction\":[{\"@type\":\"SearchAction\",\"target\":{\"@type\":\"EntryPoint\",\"urlTemplate\":\"https:\/\/martinproperty.es\/?s={search_term_string}\"},\"query-input\":{\"@type\":\"PropertyValueSpecification\",\"valueRequired\":true,\"valueName\":\"search_term_string\"}}],\"inLanguage\":\"sv-SE\"},{\"@type\":\"Organization\",\"@id\":\"https:\/\/martinproperty.es\/#organization\",\"name\":\"Martin Property Marbella\",\"url\":\"https:\/\/martinproperty.es\/\",\"logo\":{\"@type\":\"ImageObject\",\"inLanguage\":\"sv-SE\",\"@id\":\"https:\/\/martinproperty.es\/#\/schema\/logo\/image\/\",\"url\":\"https:\/\/martinproperty.es\/wp-content\/uploads\/2024\/06\/Martin-Property-Marbella-4.svg\",\"contentUrl\":\"https:\/\/martinproperty.es\/wp-content\/uploads\/2024\/06\/Martin-Property-Marbella-4.svg\",\"caption\":\"Martin Property Marbella\"},\"image\":{\"@id\":\"https:\/\/martinproperty.es\/#\/schema\/logo\/image\/\"}}]}<\/script>\n<!-- \/ Yoast SEO plugin. -->","yoast_head_json":{"title":"Martin Property Marbella","robots":{"index":"index","follow":"follow","max-snippet":"max-snippet:-1","max-image-preview":"max-image-preview:large","max-video-preview":"max-video-preview:-1"},"canonical":"https:\/\/martinproperty.es\/general-conditions\/","og_locale":"sv_SE","og_type":"article","og_title":"Allm\u00e4nna villkor - Martin Property Marbella","og_description":"Boknings- och avbokningsregler Vi garanterar det b\u00e4sta priset p\u00e5 n\u00e4tet, utan n\u00e5gra administrationsavgifter n\u00e4r du bokar via v\u00e5r webbplats. Boka din bostad med en deposition p\u00e5 30% av det totala boendepriset. Resterande belopp plus eventuella st\u00e4davgifter m\u00e5ste betalas senast 30 dagar f\u00f6re ankomst. Alla depositioner \u00e5terbetalas inte. Vid bokning inom 30 dagar f\u00f6re ankomst m\u00e5ste [&hellip;]","og_url":"https:\/\/martinproperty.es\/general-conditions\/","og_site_name":"Martin Property Marbella","article_modified_time":"2024-05-07T20:56:34+00:00","twitter_card":"summary_large_image","twitter_misc":{"Ber\u00e4knad l\u00e4stid":"2 minuter"},"schema":{"@context":"https:\/\/schema.org","@graph":[{"@type":"WebPage","@id":"https:\/\/martinproperty.es\/general-conditions\/","url":"https:\/\/martinproperty.es\/general-conditions\/","name":"Allm\u00e4nna villkor - Martin Property Marbella","isPartOf":{"@id":"https:\/\/martinproperty.es\/#website"},"datePublished":"2024-04-19T07:29:56+00:00","dateModified":"2024-05-07T20:56:34+00:00","breadcrumb":{"@id":"https:\/\/martinproperty.es\/general-conditions\/#breadcrumb"},"inLanguage":"sv-SE","potentialAction":[{"@type":"ReadAction","target":["https:\/\/martinproperty.es\/general-conditions\/"]}]},{"@type":"BreadcrumbList","@id":"https:\/\/martinproperty.es\/general-conditions\/#breadcrumb","itemListElement":[{"@type":"ListItem","position":1,"name":"Home","item":"https:\/\/martinproperty.es\/sv\/"},{"@type":"ListItem","position":2,"name":"Allm\u00e4nna villkor"}]},{"@type":"WebSite","@id":"https:\/\/martinproperty.es\/#website","url":"https:\/\/martinproperty.es\/","name":"Martin Property Marbella","description":"","publisher":{"@id":"https:\/\/martinproperty.es\/#organization"},"potentialAction":[{"@type":"SearchAction","target":{"@type":"EntryPoint","urlTemplate":"https:\/\/martinproperty.es\/?s={search_term_string}"},"query-input":{"@type":"PropertyValueSpecification","valueRequired":true,"valueName":"search_term_string"}}],"inLanguage":"sv-SE"},{"@type":"Organization","@id":"https:\/\/martinproperty.es\/#organization","name":"Martin Property Marbella","url":"https:\/\/martinproperty.es\/","logo":{"@type":"ImageObject","inLanguage":"sv-SE","@id":"https:\/\/martinproperty.es\/#\/schema\/logo\/image\/","url":"https:\/\/martinproperty.es\/wp-content\/uploads\/2024\/06\/Martin-Property-Marbella-4.svg","contentUrl":"https:\/\/martinproperty.es\/wp-content\/uploads\/2024\/06\/Martin-Property-Marbella-4.svg","caption":"Martin Property Marbella"},"image":{"@id":"https:\/\/martinproperty.es\/#\/schema\/logo\/image\/"}}]}},"_links":{"self":[{"href":"https:\/\/martinproperty.es\/sv\/wp-json\/wp\/v2\/pages\/704","targetHints":{"allow":["GET"]}}],"collection":[{"href":"https:\/\/martinproperty.es\/sv\/wp-json\/wp\/v2\/pages"}],"about":[{"href":"https:\/\/martinproperty.es\/sv\/wp-json\/wp\/v2\/types\/page"}],"author":[{"embeddable":true,"href":"https:\/\/martinproperty.es\/sv\/wp-json\/wp\/v2\/users\/1"}],"replies":[{"embeddable":true,"href":"https:\/\/martinproperty.es\/sv\/wp-json\/wp\/v2\/comments?post=704"}],"version-history":[{"count":1,"href":"https:\/\/martinproperty.es\/sv\/wp-json\/wp\/v2\/pages\/704\/revisions"}],"predecessor-version":[{"id":708,"href":"https:\/\/martinproperty.es\/sv\/wp-json\/wp\/v2\/pages\/704\/revisions\/708"}],"wp:attachment":[{"href":"https:\/\/martinproperty.es\/sv\/wp-json\/wp\/v2\/media?parent=704"}],"curies":[{"name":"wp","href":"https:\/\/api.w.org\/{rel}","templated":true}]}}