{"id":707,"date":"2024-04-25T18:35:38","date_gmt":"2024-04-25T17:35:38","guid":{"rendered":"https:\/\/martinproperty.es\/kopa-och-salja-fastigheter-pa-costa-del-sol\/"},"modified":"2024-05-22T23:10:25","modified_gmt":"2024-05-22T22:10:25","slug":"kopa-och-salja-fastigheter-pa-costa-del-sol","status":"publish","type":"page","link":"https:\/\/martinproperty.es\/sv\/kopa-och-salja-fastigheter-pa-costa-del-sol\/","title":{"rendered":"K\u00f6pa och s\u00e4lja fastigheter p\u00e5 Costa del Sol"},"content":{"rendered":"\n<div class=\"wp-block-group is-vertical is-layout-flex wp-container-core-group-is-layout-8cf370e7 wp-block-group-is-layout-flex\">\n<h2 class=\"wp-block-heading\">K\u00f6pa en fastighet p\u00e5 Costa del Sol med Martin Property Marbella SL<\/h2>\n<\/div>\n\n<p>Att k\u00f6pa en fastighet p\u00e5 Costa del Sol i Spanien kan vara ett sp\u00e4nnande och givande projekt. Costa del Sol \u00e4r k\u00e4nt f\u00f6r sina fantastiska str\u00e4nder, sitt utm\u00e4rkta klimat och sin livliga kultur, och lockar fastighetsk\u00f6pare fr\u00e5n hela v\u00e4rlden. Men att navigera p\u00e5 den lokala marknaden kan vara en utmaning utan v\u00e4gledning fr\u00e5n en lokal expert.<\/p>\n\n<p>Martin Property Marbella SL erbjuder b\u00e5de lokala och utl\u00e4ndska kunder en komplett och professionell service. Vi representerar dina b\u00e4sta intressen i kontakten med alla delar av fastighetsbranschen, inklusive f\u00f6retag som \u00e4r relaterade till k\u00f6pet av din fastighet samt p\u00e5g\u00e5ende \u00e4gande och efterv\u00e5rdstj\u00e4nster.<\/p>\n\n<p>Vi samarbetar med alla v\u00e4lrenommerade fastighetsbolag och nyproduktion \u00f6ver hela Costa del Sol, vilket ger dig full tillg\u00e5ng till alla fastigheter p\u00e5 marknaden.<\/p>\n\n<p>Denna guide syftar till att ge dig den information och de steg som beh\u00f6vs f\u00f6r att s\u00e4kerst\u00e4lla en smidig och framg\u00e5ngsrik process.<\/p>\n\n<p><\/p>\n\n<div class=\"wp-block-group mart-process-container is-vertical is-layout-flex wp-container-core-group-is-layout-8cf370e7 wp-block-group-is-layout-flex\">\n<div class=\"wp-block-columns is-layout-flex wp-container-core-columns-is-layout-9d6595d7 wp-block-columns-is-layout-flex\">\n<div class=\"wp-block-column is-layout-flow wp-block-column-is-layout-flow\" style=\"flex-basis:33.33%\">\n<figure class=\"wp-block-image size-full\"><img loading=\"lazy\" decoding=\"async\" width=\"512\" height=\"512\" src=\"https:\/\/martinproperty.es\/wp-content\/uploads\/2024\/04\/Prepare-to-buy-property-in-Spain.png\" alt=\"\" class=\"wp-image-382\"\/><\/figure>\n<\/div>\n\n\n\n<div class=\"wp-block-column is-layout-flow wp-block-column-is-layout-flow\" style=\"flex-basis:66.66%\">\n<h3 class=\"wp-block-heading\">Steg 1: Inledande intervju &#8211; research och planering<\/h3>\n\n\n\n<ol class=\"wp-block-list\">\n<li>Definiera dina krav: Best\u00e4m din budget, m\u00f6jliga l\u00e4gen, typ av egendom (l\u00e4genhet, villa, radhus etc.) och eventuella specifika bekv\u00e4mligheter eller funktioner du vill ha.<\/li>\n\n\n\n<li>Unders\u00f6k marknaden: Utforska fastighetsmarknaden p\u00e5 Costa del Sol. Ta h\u00e4nsyn till faktorer som fastighetspriser, marknadstrender och bekv\u00e4mligheter i omr\u00e5det. Juridiska \u00f6verv\u00e4ganden: Vi rekommenderar att anlita lokala specialister som kan ge r\u00e5d om spanska fastighetslagar och f\u00f6rordningar, inklusive bos\u00e4ttningskrav, ink\u00f6pskostnader, skatter och juridiska avgifter.<\/li>\n\n\n\n<li>Juridiska \u00f6verv\u00e4ganden: Vi rekommenderar lokala specialister som kan ge r\u00e5d om spanska fastighetslagar och f\u00f6rordningar, inklusive bos\u00e4ttningskrav, ink\u00f6pskostnader, skatter och juridiska avgifter.<\/li>\n\n\n\n<li>Finansiering: Konsultera en lokal specialist f\u00f6r att diskutera finansiering. Utforska bol\u00e5nealternativ fr\u00e5n spanska banker eller internationella l\u00e5ngivare och se till att du f\u00f6rst\u00e5r villkoren, r\u00e4ntorna och beh\u00f6righetskriterierna.<\/li>\n\n\n\n<li>Budgetera f\u00f6r ytterligare kostnader: Ut\u00f6ver fastighetspriset b\u00f6r du budgetera f\u00f6r ytterligare kostnader, som fastighetsskatt, notarieavgifter, juridiska avgifter och registreringsavgifter<\/li>\n<\/ol>\n<\/div>\n<\/div>\n\n\n\n<div class=\"wp-block-columns is-layout-flex wp-container-core-columns-is-layout-9d6595d7 wp-block-columns-is-layout-flex\">\n<div class=\"wp-block-column is-layout-flow wp-block-column-is-layout-flow\" style=\"flex-basis:66.66%\">\n<h3 class=\"wp-block-heading\">Steg 2: Visning av potentiella fastigheter<\/h3>\n\n\n\n<ol class=\"wp-block-list\">\n<li>F\u00f6rhandsval av fastigheter: Baserat p\u00e5 v\u00e5ra inledande diskussioner ordnar vi visningar av l\u00e4mpliga fastigheter enligt dina krav och kriterier. Vi rekommenderar att alla dessa diskuteras och f\u00f6rhandsgodk\u00e4nns i f\u00f6rv\u00e4g f\u00f6r att s\u00e4kerst\u00e4lla att du ser de allra b\u00e4sta alternativen p\u00e5 marknaden. <\/li>\n\n\n\n<li>Delta i visningar av fastigheter: Vi planerar en resplan och f\u00f6ljer med dig p\u00e5 samtliga visningar. V\u00e5ra erfarna m\u00e4klare noterar viktiga detaljer som l\u00e4ge, skick och bekv\u00e4mligheter. \u00c4ven om vi inte rekommenderar att se mer \u00e4n 5-6 fastigheter per dag, kan vi m\u00f6jligg\u00f6ra visningar av 10 eller fler om tiden \u00e4r knapp.<\/li>\n\n\n\n<li>Att \u00e4ndra sig: Trots noggrann planering \u00e4r det vanligt att \u00e4ndra sig efter n\u00e5gra lokala visningar. Det \u00e4r d\u00e4rf\u00f6r viktigt att ha en erfaren m\u00e4klare som kan hj\u00e4lpa dig att justera dina id\u00e9er och ordna alternativa visningar med kort varsel.<\/li>\n<\/ol>\n<\/div>\n\n\n\n<div class=\"wp-block-column is-layout-flow wp-block-column-is-layout-flow\" style=\"flex-basis:33.33%\">\n<figure class=\"wp-block-image size-full\"><img loading=\"lazy\" decoding=\"async\" width=\"512\" height=\"512\" src=\"https:\/\/martinproperty.es\/wp-content\/uploads\/2024\/04\/View-properties-for-sale.png\" alt=\"\" class=\"wp-image-386\"\/><\/figure>\n<\/div>\n<\/div>\n\n\n\n<div class=\"wp-block-columns is-layout-flex wp-container-core-columns-is-layout-9d6595d7 wp-block-columns-is-layout-flex\">\n<div class=\"wp-block-column is-layout-flow wp-block-column-is-layout-flow\" style=\"flex-basis:33.33%\">\n<figure class=\"wp-block-image size-full\"><img loading=\"lazy\" decoding=\"async\" width=\"512\" height=\"512\" src=\"https:\/\/martinproperty.es\/wp-content\/uploads\/2024\/04\/Make-offer-to-buy-property-Spain.png\" alt=\"\" class=\"wp-image-394\"\/><\/figure>\n<\/div>\n\n\n\n<div class=\"wp-block-column is-layout-flow wp-block-column-is-layout-flow\" style=\"flex-basis:66.66%\">\n<h3 class=\"wp-block-heading\">Steg 3: Att l\u00e4mna ett erbjudande<\/h3>\n\n\n\n<ol class=\"wp-block-list\">\n<li>F\u00f6rhandling: N\u00e4r du har hittat en fastighet som du gillar, f\u00f6rhandlar vi fram b\u00e4sta m\u00f6jliga k\u00f6peskilling med s\u00e4ljaren eller deras ombud. Vi tar h\u00e4nsyn till faktorer som marknadsv\u00e4rde, fastighetens skick och eventuella n\u00f6dv\u00e4ndiga reparationer eller renoveringar.<\/li>\n\n\n\n<li>Formellt erbjudande: N\u00e4r b\u00e5da parter \u00e4r \u00f6verens om k\u00f6peskillingen formaliserar vi erbjudandet skriftligen med ett reservationsavtal. Detta avtal specificerar eventuella villkor eller of\u00f6rutsedda h\u00e4ndelser, s\u00e5som godk\u00e4nnande av finansiering eller besiktning av fastigheten. Som ett tecken p\u00e5 din seri\u00f6sa avsikt l\u00e4mnar du vanligtvis en deposition p\u00e5 6 000-10 000 euro.<\/li>\n<\/ol>\n<\/div>\n<\/div>\n\n\n\n<div class=\"wp-block-columns is-layout-flex wp-container-core-columns-is-layout-9d6595d7 wp-block-columns-is-layout-flex\">\n<div class=\"wp-block-column is-layout-flow wp-block-column-is-layout-flow\" style=\"flex-basis:66.66%\">\n<h3 class=\"wp-block-heading\">Steg 4: Ink\u00f6psprocessen<\/h3>\n\n\n\n<ol class=\"wp-block-list\">\n<li>Anlita en advokat: Vi introducerar dig f\u00f6r en av de b\u00e4sta lokala advokatbyr\u00e5erna och f\u00f6ljer vanligtvis med dig p\u00e5 ett f\u00f6rsta m\u00f6te f\u00f6r att diskutera alla aspekter av fastighetsk\u00f6pet. Det \u00e4r vanligt att ge din advokat en fullmakt som enkelt kan ordnas hos en lokal notarie. Med en fullmakt kommer v\u00e5r advokat att granska alla juridiska dokument, utf\u00f6ra titels\u00f6kningar och representera dina b\u00e4sta intressen under hela k\u00f6pprocessen.<\/li>\n\n\n\n<li>Skriva under k\u00f6pekontraktet: N\u00e4r alla juridiska unders\u00f6kningar \u00e4r klara kommer din advokat att underteckna k\u00f6pekontraktet (contrato de arras). Detta avtal kr\u00e4ver vanligtvis en deposition, som vanligtvis \u00e4r cirka 10% av k\u00f6peskillingen.<\/li>\n\n\n\n<li>Slutf\u00f6rande: P\u00e5 det \u00f6verenskomna slutdatumet slutf\u00f6r du fastighetsk\u00f6pet genom att underteckna k\u00f6pebrevet (escritura de compraventa) inf\u00f6r en notarie. Betala det \u00e5terst\u00e5ende beloppet samt eventuella skatter och avgifter.<\/li>\n<\/ol>\n<\/div>\n\n\n\n<div class=\"wp-block-column is-layout-flow wp-block-column-is-layout-flow\" style=\"flex-basis:33.33%\">\n<figure class=\"wp-block-image size-full\"><img loading=\"lazy\" decoding=\"async\" width=\"512\" height=\"512\" src=\"https:\/\/martinproperty.es\/wp-content\/uploads\/2024\/04\/Property-purchase-procedure-Spain.png\" alt=\"\" class=\"wp-image-390\"\/><\/figure>\n<\/div>\n<\/div>\n\n\n\n<div class=\"wp-block-columns is-layout-flex wp-container-core-columns-is-layout-9d6595d7 wp-block-columns-is-layout-flex\">\n<div class=\"wp-block-column is-layout-flow wp-block-column-is-layout-flow\" style=\"flex-basis:33.33%\">\n<figure class=\"wp-block-image size-full\"><img loading=\"lazy\" decoding=\"async\" width=\"512\" height=\"512\" src=\"https:\/\/martinproperty.es\/wp-content\/uploads\/2024\/04\/Paperwork-property-purchase.png\" alt=\"\" class=\"wp-image-392\"\/><\/figure>\n<\/div>\n\n\n\n<div class=\"wp-block-column is-layout-flow wp-block-column-is-layout-flow\" style=\"flex-basis:66.66%\">\n<h3 class=\"wp-block-heading\">Steg 5: \u00d6verv\u00e4ganden efter k\u00f6pet<\/h3>\n\n\n\n<ol class=\"wp-block-list\">\n<li>De efterf\u00f6ljande stegen kommer att organiseras av din advokat, och det \u00e4r vanligt att du ordnar en fullmakt s\u00e5 att de kan genomf\u00f6ras i din fr\u00e5nvaro. Martin Property Marbella kan rekommendera en utm\u00e4rkt advokatbyr\u00e5 f\u00f6r detta \u00e4ndam\u00e5l.<\/li>\n\n\n\n<li>Registrering av fastigheten: Din advokat kommer att hantera registreringen av fastigheten i ditt namn hos det spanska fastighetsregistret.<\/li>\n\n\n\n<li>Allm\u00e4nnyttiga tj\u00e4nster och service: Se till att allm\u00e4nnyttiga tj\u00e4nster s\u00e5som vatten, el och gas \u00f6verf\u00f6rs till ditt namn.<\/li>\n\n\n\n<li>Skattef\u00f6rpliktelser: F\u00f6rst\u00e5 dina skattef\u00f6rpliktelser som fastighets\u00e4gare i Spanien, inklusive fastighetsskatt (IBI), inkomstskatt och f\u00f6rm\u00f6genhetsskatt.<\/li>\n\n\n\n<li>Residens: Om du planerar att bos\u00e4tta dig permanent i Spanien b\u00f6r du \u00f6verv\u00e4ga att ans\u00f6ka om uppeh\u00e5llstillst\u00e5nd och skaffa en spansk NIE (N\u00famero de Identificaci\u00f3n de Extranjero) f\u00f6r skatte- och juridiska \u00e4ndam\u00e5l. Din advokat kan bist\u00e5 med dessa ans\u00f6kningar.<\/li>\n<\/ol>\n<\/div>\n<\/div>\n<\/div>\n\n<h3 class=\"wp-block-heading\">Slutsats:<\/h3>\n\n<p>Att k\u00f6pa en fastighet p\u00e5 Costa del Sol kan vara en givande investering och ett livsstilsval. Genom att g\u00f6ra grundliga efterforskningar, s\u00f6ka professionell r\u00e5dgivning och f\u00f6rst\u00e5 de juridiska och ekonomiska aspekterna av k\u00f6pprocessen kan du navigera genom processen med tillf\u00f6rsikt och framg\u00e5ngsrikt f\u00f6rv\u00e4rva din dr\u00f6mfastighet i denna fantastiska region i Spanien.<\/p>\n\n<figure class=\"wp-block-image size-large\"><img loading=\"lazy\" decoding=\"async\" width=\"1200\" height=\"516\" src=\"https:\/\/martinproperty.es\/wp-content\/uploads\/2024\/04\/Buying-a-property-on-Costa-del-Sol-1200x516.jpg\" alt=\"\" class=\"wp-image-397\"\/><\/figure>\n","protected":false},"excerpt":{"rendered":"<p>K\u00f6pa en fastighet p\u00e5 Costa del Sol med Martin Property Marbella SL Att k\u00f6pa en fastighet p\u00e5 Costa del Sol i Spanien kan vara ett sp\u00e4nnande och givande projekt. Costa del Sol \u00e4r k\u00e4nt f\u00f6r sina fantastiska str\u00e4nder, sitt utm\u00e4rkta klimat och sin livliga kultur, och lockar fastighetsk\u00f6pare fr\u00e5n hela v\u00e4rlden. Men att navigera p\u00e5 [&hellip;]<\/p>\n","protected":false},"author":1,"featured_media":716,"parent":0,"menu_order":0,"comment_status":"closed","ping_status":"closed","template":"","meta":{"_acf_changed":false,"footnotes":""},"class_list":["post-707","page","type-page","status-publish","has-post-thumbnail","hentry"],"acf":[],"yoast_head":"<!-- This site is optimized with the Yoast SEO plugin v25.1 - https:\/\/yoast.com\/wordpress\/plugins\/seo\/ -->\n<title>Martin Property Marbella<\/title>\n<meta name=\"robots\" content=\"index, follow, max-snippet:-1, max-image-preview:large, max-video-preview:-1\" \/>\n<link rel=\"canonical\" href=\"https:\/\/martinproperty.es\/sv\/kopa-och-salja-fastigheter-pa-costa-del-sol\/\" \/>\n<meta property=\"og:locale\" content=\"sv_SE\" \/>\n<meta property=\"og:type\" content=\"article\" \/>\n<meta property=\"og:title\" content=\"K\u00f6pa och s\u00e4lja fastigheter p\u00e5 Costa del Sol - Martin Property Marbella\" \/>\n<meta property=\"og:description\" content=\"K\u00f6pa en fastighet p\u00e5 Costa del Sol med Martin Property Marbella SL Att k\u00f6pa en fastighet p\u00e5 Costa del Sol i Spanien kan vara ett sp\u00e4nnande och givande projekt. Costa del Sol \u00e4r k\u00e4nt f\u00f6r sina fantastiska str\u00e4nder, sitt utm\u00e4rkta klimat och sin livliga kultur, och lockar fastighetsk\u00f6pare fr\u00e5n hela v\u00e4rlden. Men att navigera p\u00e5 [&hellip;]\" \/>\n<meta property=\"og:url\" content=\"https:\/\/martinproperty.es\/sv\/kopa-och-salja-fastigheter-pa-costa-del-sol\/\" \/>\n<meta property=\"og:site_name\" content=\"Martin Property Marbella\" \/>\n<meta property=\"article:modified_time\" content=\"2024-05-22T22:10:25+00:00\" \/>\n<meta property=\"og:image\" content=\"https:\/\/martinproperty.es\/wp-content\/uploads\/2024\/04\/Guide-Buying-Selling-Property-Marbella-Spain.webp\" \/>\n\t<meta property=\"og:image:width\" content=\"2500\" \/>\n\t<meta property=\"og:image:height\" content=\"1119\" \/>\n\t<meta property=\"og:image:type\" content=\"image\/webp\" \/>\n<meta name=\"twitter:card\" content=\"summary_large_image\" \/>\n<meta name=\"twitter:label1\" content=\"Ber\u00e4knad l\u00e4stid\" \/>\n\t<meta name=\"twitter:data1\" content=\"5 minuter\" \/>\n<script type=\"application\/ld+json\" class=\"yoast-schema-graph\">{\"@context\":\"https:\/\/schema.org\",\"@graph\":[{\"@type\":\"WebPage\",\"@id\":\"https:\/\/martinproperty.es\/sv\/kopa-och-salja-fastigheter-pa-costa-del-sol\/\",\"url\":\"https:\/\/martinproperty.es\/sv\/kopa-och-salja-fastigheter-pa-costa-del-sol\/\",\"name\":\"K\u00f6pa och s\u00e4lja fastigheter p\u00e5 Costa del Sol - Martin Property Marbella\",\"isPartOf\":{\"@id\":\"https:\/\/martinproperty.es\/#website\"},\"primaryImageOfPage\":{\"@id\":\"https:\/\/martinproperty.es\/sv\/kopa-och-salja-fastigheter-pa-costa-del-sol\/#primaryimage\"},\"image\":{\"@id\":\"https:\/\/martinproperty.es\/sv\/kopa-och-salja-fastigheter-pa-costa-del-sol\/#primaryimage\"},\"thumbnailUrl\":\"https:\/\/martinproperty.es\/wp-content\/uploads\/2024\/04\/Guide-Buying-Selling-Property-Marbella-Spain.webp\",\"datePublished\":\"2024-04-25T17:35:38+00:00\",\"dateModified\":\"2024-05-22T22:10:25+00:00\",\"breadcrumb\":{\"@id\":\"https:\/\/martinproperty.es\/sv\/kopa-och-salja-fastigheter-pa-costa-del-sol\/#breadcrumb\"},\"inLanguage\":\"sv-SE\",\"potentialAction\":[{\"@type\":\"ReadAction\",\"target\":[\"https:\/\/martinproperty.es\/sv\/kopa-och-salja-fastigheter-pa-costa-del-sol\/\"]}]},{\"@type\":\"ImageObject\",\"inLanguage\":\"sv-SE\",\"@id\":\"https:\/\/martinproperty.es\/sv\/kopa-och-salja-fastigheter-pa-costa-del-sol\/#primaryimage\",\"url\":\"https:\/\/martinproperty.es\/wp-content\/uploads\/2024\/04\/Guide-Buying-Selling-Property-Marbella-Spain.webp\",\"contentUrl\":\"https:\/\/martinproperty.es\/wp-content\/uploads\/2024\/04\/Guide-Buying-Selling-Property-Marbella-Spain.webp\",\"width\":2500,\"height\":1119},{\"@type\":\"BreadcrumbList\",\"@id\":\"https:\/\/martinproperty.es\/sv\/kopa-och-salja-fastigheter-pa-costa-del-sol\/#breadcrumb\",\"itemListElement\":[{\"@type\":\"ListItem\",\"position\":1,\"name\":\"Home\",\"item\":\"https:\/\/martinproperty.es\/sv\/\"},{\"@type\":\"ListItem\",\"position\":2,\"name\":\"K\u00f6pa och s\u00e4lja fastigheter p\u00e5 Costa del Sol\"}]},{\"@type\":\"WebSite\",\"@id\":\"https:\/\/martinproperty.es\/#website\",\"url\":\"https:\/\/martinproperty.es\/\",\"name\":\"Martin Property Marbella\",\"description\":\"\",\"publisher\":{\"@id\":\"https:\/\/martinproperty.es\/#organization\"},\"potentialAction\":[{\"@type\":\"SearchAction\",\"target\":{\"@type\":\"EntryPoint\",\"urlTemplate\":\"https:\/\/martinproperty.es\/?s={search_term_string}\"},\"query-input\":{\"@type\":\"PropertyValueSpecification\",\"valueRequired\":true,\"valueName\":\"search_term_string\"}}],\"inLanguage\":\"sv-SE\"},{\"@type\":\"Organization\",\"@id\":\"https:\/\/martinproperty.es\/#organization\",\"name\":\"Martin Property Marbella\",\"url\":\"https:\/\/martinproperty.es\/\",\"logo\":{\"@type\":\"ImageObject\",\"inLanguage\":\"sv-SE\",\"@id\":\"https:\/\/martinproperty.es\/#\/schema\/logo\/image\/\",\"url\":\"https:\/\/martinproperty.es\/wp-content\/uploads\/2024\/06\/Martin-Property-Marbella-4.svg\",\"contentUrl\":\"https:\/\/martinproperty.es\/wp-content\/uploads\/2024\/06\/Martin-Property-Marbella-4.svg\",\"caption\":\"Martin Property Marbella\"},\"image\":{\"@id\":\"https:\/\/martinproperty.es\/#\/schema\/logo\/image\/\"}}]}<\/script>\n<!-- \/ Yoast SEO plugin. -->","yoast_head_json":{"title":"Martin Property Marbella","robots":{"index":"index","follow":"follow","max-snippet":"max-snippet:-1","max-image-preview":"max-image-preview:large","max-video-preview":"max-video-preview:-1"},"canonical":"https:\/\/martinproperty.es\/sv\/kopa-och-salja-fastigheter-pa-costa-del-sol\/","og_locale":"sv_SE","og_type":"article","og_title":"K\u00f6pa och s\u00e4lja fastigheter p\u00e5 Costa del Sol - Martin Property Marbella","og_description":"K\u00f6pa en fastighet p\u00e5 Costa del Sol med Martin Property Marbella SL Att k\u00f6pa en fastighet p\u00e5 Costa del Sol i Spanien kan vara ett sp\u00e4nnande och givande projekt. Costa del Sol \u00e4r k\u00e4nt f\u00f6r sina fantastiska str\u00e4nder, sitt utm\u00e4rkta klimat och sin livliga kultur, och lockar fastighetsk\u00f6pare fr\u00e5n hela v\u00e4rlden. Men att navigera p\u00e5 [&hellip;]","og_url":"https:\/\/martinproperty.es\/sv\/kopa-och-salja-fastigheter-pa-costa-del-sol\/","og_site_name":"Martin Property Marbella","article_modified_time":"2024-05-22T22:10:25+00:00","og_image":[{"width":2500,"height":1119,"url":"https:\/\/martinproperty.es\/wp-content\/uploads\/2024\/04\/Guide-Buying-Selling-Property-Marbella-Spain.webp","type":"image\/webp"}],"twitter_card":"summary_large_image","twitter_misc":{"Ber\u00e4knad l\u00e4stid":"5 minuter"},"schema":{"@context":"https:\/\/schema.org","@graph":[{"@type":"WebPage","@id":"https:\/\/martinproperty.es\/sv\/kopa-och-salja-fastigheter-pa-costa-del-sol\/","url":"https:\/\/martinproperty.es\/sv\/kopa-och-salja-fastigheter-pa-costa-del-sol\/","name":"K\u00f6pa och s\u00e4lja fastigheter p\u00e5 Costa del Sol - Martin Property Marbella","isPartOf":{"@id":"https:\/\/martinproperty.es\/#website"},"primaryImageOfPage":{"@id":"https:\/\/martinproperty.es\/sv\/kopa-och-salja-fastigheter-pa-costa-del-sol\/#primaryimage"},"image":{"@id":"https:\/\/martinproperty.es\/sv\/kopa-och-salja-fastigheter-pa-costa-del-sol\/#primaryimage"},"thumbnailUrl":"https:\/\/martinproperty.es\/wp-content\/uploads\/2024\/04\/Guide-Buying-Selling-Property-Marbella-Spain.webp","datePublished":"2024-04-25T17:35:38+00:00","dateModified":"2024-05-22T22:10:25+00:00","breadcrumb":{"@id":"https:\/\/martinproperty.es\/sv\/kopa-och-salja-fastigheter-pa-costa-del-sol\/#breadcrumb"},"inLanguage":"sv-SE","potentialAction":[{"@type":"ReadAction","target":["https:\/\/martinproperty.es\/sv\/kopa-och-salja-fastigheter-pa-costa-del-sol\/"]}]},{"@type":"ImageObject","inLanguage":"sv-SE","@id":"https:\/\/martinproperty.es\/sv\/kopa-och-salja-fastigheter-pa-costa-del-sol\/#primaryimage","url":"https:\/\/martinproperty.es\/wp-content\/uploads\/2024\/04\/Guide-Buying-Selling-Property-Marbella-Spain.webp","contentUrl":"https:\/\/martinproperty.es\/wp-content\/uploads\/2024\/04\/Guide-Buying-Selling-Property-Marbella-Spain.webp","width":2500,"height":1119},{"@type":"BreadcrumbList","@id":"https:\/\/martinproperty.es\/sv\/kopa-och-salja-fastigheter-pa-costa-del-sol\/#breadcrumb","itemListElement":[{"@type":"ListItem","position":1,"name":"Home","item":"https:\/\/martinproperty.es\/sv\/"},{"@type":"ListItem","position":2,"name":"K\u00f6pa och s\u00e4lja fastigheter p\u00e5 Costa del Sol"}]},{"@type":"WebSite","@id":"https:\/\/martinproperty.es\/#website","url":"https:\/\/martinproperty.es\/","name":"Martin Property Marbella","description":"","publisher":{"@id":"https:\/\/martinproperty.es\/#organization"},"potentialAction":[{"@type":"SearchAction","target":{"@type":"EntryPoint","urlTemplate":"https:\/\/martinproperty.es\/?s={search_term_string}"},"query-input":{"@type":"PropertyValueSpecification","valueRequired":true,"valueName":"search_term_string"}}],"inLanguage":"sv-SE"},{"@type":"Organization","@id":"https:\/\/martinproperty.es\/#organization","name":"Martin Property Marbella","url":"https:\/\/martinproperty.es\/","logo":{"@type":"ImageObject","inLanguage":"sv-SE","@id":"https:\/\/martinproperty.es\/#\/schema\/logo\/image\/","url":"https:\/\/martinproperty.es\/wp-content\/uploads\/2024\/06\/Martin-Property-Marbella-4.svg","contentUrl":"https:\/\/martinproperty.es\/wp-content\/uploads\/2024\/06\/Martin-Property-Marbella-4.svg","caption":"Martin Property Marbella"},"image":{"@id":"https:\/\/martinproperty.es\/#\/schema\/logo\/image\/"}}]}},"_links":{"self":[{"href":"https:\/\/martinproperty.es\/sv\/wp-json\/wp\/v2\/pages\/707","targetHints":{"allow":["GET"]}}],"collection":[{"href":"https:\/\/martinproperty.es\/sv\/wp-json\/wp\/v2\/pages"}],"about":[{"href":"https:\/\/martinproperty.es\/sv\/wp-json\/wp\/v2\/types\/page"}],"author":[{"embeddable":true,"href":"https:\/\/martinproperty.es\/sv\/wp-json\/wp\/v2\/users\/1"}],"replies":[{"embeddable":true,"href":"https:\/\/martinproperty.es\/sv\/wp-json\/wp\/v2\/comments?post=707"}],"version-history":[{"count":3,"href":"https:\/\/martinproperty.es\/sv\/wp-json\/wp\/v2\/pages\/707\/revisions"}],"predecessor-version":[{"id":1210,"href":"https:\/\/martinproperty.es\/sv\/wp-json\/wp\/v2\/pages\/707\/revisions\/1210"}],"wp:featuredmedia":[{"embeddable":true,"href":"https:\/\/martinproperty.es\/sv\/wp-json\/wp\/v2\/media\/716"}],"wp:attachment":[{"href":"https:\/\/martinproperty.es\/sv\/wp-json\/wp\/v2\/media?parent=707"}],"curies":[{"name":"wp","href":"https:\/\/api.w.org\/{rel}","templated":true}]}}